{"id":945,"date":"2020-04-08T23:45:13","date_gmt":"2020-04-08T21:45:13","guid":{"rendered":"http:\/\/minerva.mtak.hu\/?page_id=945"},"modified":"2020-05-15T13:03:23","modified_gmt":"2020-05-15T11:03:23","slug":"nyilt-hozzaferesu-open-access-folyoiratok-irodalomtudomany","status":"publish","type":"page","link":"https:\/\/minerva.mtak.hu\/?page_id=945","title":{"rendered":"Ny\u00edlt hozz\u00e1f\u00e9r\u00e9s\u0171 (Open Access) tartalmak &#8211; irodalomtudom\u00e1ny"},"content":{"rendered":"\n<h2>Directory of Open Access Journals<\/h2>\n<ul>\n<li id=\"PS1-3576\" class=\"jstree-node  jstree-leaf\" role=\"treeitem\" aria-selected=\"false\"><i class=\"jstree-icon jstree-ocl\"><\/i><a class=\"jstree-anchor\" href=\"https:\/\/doaj.org\/search?source=%7B%22query%22%3A%7B%22filtered%22%3A%7B%22query%22%3A%7B%22match_all%22%3A%7B%7D%7D%2C%22filter%22%3A%7B%22bool%22%3A%7B%22must%22%3A%5B%7B%22term%22%3A%7B%22index.classification.exact%22%3A%22American%20literature%22%7D%7D%5D%7D%7D%7D%7D%7D\" target=\"_blank\" rel=\"noopener noreferrer\"><i class=\"jstree-icon jstree-themeicon\"><\/i>American literature<\/a><\/li>\n<li role=\"treeitem\" aria-selected=\"false\"><a class=\"jstree-anchor jstree-clicked\" href=\"https:\/\/doaj.org\/search?source=%7B%22query%22%3A%7B%22filtered%22%3A%7B%22query%22%3A%7B%22match_all%22%3A%7B%7D%7D%2C%22filter%22%3A%7B%22bool%22%3A%7B%22must%22%3A%5B%7B%22term%22%3A%7B%22index.classification.exact%22%3A%22Danish%20literature%22%7D%7D%5D%7D%7D%7D%7D%7D\" target=\"_blank\" rel=\"noopener noreferrer\"><i class=\"jstree-icon jstree-themeicon\"><\/i>Danish literature<\/a><\/li>\n<li id=\"PT7601-8260\" class=\"jstree-node  jstree-leaf\" role=\"treeitem\" aria-selected=\"false\"><i class=\"jstree-icon jstree-ocl\"><\/i><a class=\"jstree-anchor\" href=\"https:\/\/doaj.org\/search?source=%7B%22query%22%3A%7B%22filtered%22%3A%7B%22query%22%3A%7B%22match_all%22%3A%7B%7D%7D%2C%22filter%22%3A%7B%22bool%22%3A%7B%22must%22%3A%5B%7B%22term%22%3A%7B%22index.classification.exact%22%3A%22English%20literature%22%7D%7D%5D%7D%7D%7D%7D%7D\" target=\"_blank\" rel=\"noopener noreferrer\"><i class=\"jstree-icon jstree-themeicon\"><\/i>English literature<\/a><\/li>\n<li id=\"PQ1-3999\" class=\"jstree-node  jstree-leaf\" role=\"treeitem\" aria-selected=\"false\"><i class=\"jstree-icon jstree-ocl\"><\/i><a class=\"jstree-anchor\" href=\"https:\/\/doaj.org\/search?source=%7B%22query%22%3A%7B%22filtered%22%3A%7B%22query%22%3A%7B%22match_all%22%3A%7B%7D%7D%2C%22filter%22%3A%7B%22bool%22%3A%7B%22must%22%3A%5B%7B%22term%22%3A%7B%22index.classification.exact%22%3A%22French%20literature%20-%20Italian%20literature%20-%20Spanish%20literature%20-%20Portuguese%20literature%22%7D%7D%5D%7D%7D%7D%7D%7D\" target=\"_blank\" rel=\"noopener noreferrer\"><i class=\"jstree-icon jstree-themeicon\"><\/i>French literature &#8211; Italian literature &#8211; Spanish literature &#8211; Portuguese literature<\/a><\/li>\n<li id=\"PT1-4897\" class=\"jstree-node  jstree-leaf\" role=\"treeitem\" aria-selected=\"false\"><i class=\"jstree-icon jstree-ocl\"><\/i><a class=\"jstree-anchor\" href=\"https:\/\/doaj.org\/search?source=%7B%22query%22%3A%7B%22filtered%22%3A%7B%22query%22%3A%7B%22match_all%22%3A%7B%7D%7D%2C%22filter%22%3A%7B%22bool%22%3A%7B%22must%22%3A%5B%7B%22term%22%3A%7B%22index.classification.exact%22%3A%22German%20literature%22%7D%7D%5D%7D%7D%7D%7D%7D\" target=\"_blank\" rel=\"noopener noreferrer\"><i class=\"jstree-icon jstree-themeicon\"><\/i>German literature<\/a><\/li>\n<li id=\"PD1-7159\" class=\"jstree-node  jstree-closed\" role=\"treeitem\" aria-expanded=\"false\" aria-selected=\"false\"><i class=\"jstree-icon jstree-ocl\"><\/i><a class=\"jstree-anchor\" href=\"https:\/\/doaj.org\/search?source=%7B%22query%22%3A%7B%22filtered%22%3A%7B%22query%22%3A%7B%22match_all%22%3A%7B%7D%7D%2C%22filter%22%3A%7B%22bool%22%3A%7B%22must%22%3A%5B%7B%22term%22%3A%7B%22index.classification.exact%22%3A%22Greek%20language%20and%20literature.%20Latin%20language%20and%20literature%22%7D%7D%5D%7D%7D%7D%7D%7D\" target=\"_blank\" rel=\"noopener noreferrer\"><i class=\"jstree-icon jstree-themeicon\"><\/i>Greek language and literature. Latin language and literature<\/a><\/li>\n<li id=\"PK1-9601\" class=\"jstree-node  jstree-leaf\" role=\"treeitem\" aria-selected=\"false\"><i class=\"jstree-icon jstree-ocl\"><\/i><a class=\"jstree-anchor\" href=\"https:\/\/doaj.org\/search?source=%7B%22query%22%3A%7B%22filtered%22%3A%7B%22query%22%3A%7B%22match_all%22%3A%7B%7D%7D%2C%22filter%22%3A%7B%22bool%22%3A%7B%22must%22%3A%5B%7B%22term%22%3A%7B%22index.classification.exact%22%3A%22Indo-Iranian%20languages%20and%20literature%22%7D%7D%5D%7D%7D%7D%7D%7D\" target=\"_blank\" rel=\"noopener noreferrer\"><i class=\"jstree-icon jstree-themeicon\"><\/i>Indo-Iranian languages and literature<\/a><\/li>\n<li id=\"PL1-8844\" class=\"jstree-node  jstree-closed\" role=\"treeitem\" aria-expanded=\"false\" aria-selected=\"false\"><i class=\"jstree-icon jstree-ocl\"><\/i><a class=\"jstree-anchor\" href=\"https:\/\/doaj.org\/search?source=%7B%22query%22%3A%7B%22filtered%22%3A%7B%22query%22%3A%7B%22match_all%22%3A%7B%7D%7D%2C%22filter%22%3A%7B%22bool%22%3A%7B%22must%22%3A%5B%7B%22term%22%3A%7B%22index.classification.exact%22%3A%22Languages%20and%20literature%20of%20Eastern%20Asia%2C%20Africa%2C%20Oceania%22%7D%7D%5D%7D%7D%7D%7D%7D\" target=\"_blank\" rel=\"noopener noreferrer\"><i class=\"jstree-icon jstree-themeicon\"><\/i>Languages and literature of Eastern Asia, Africa, Oceania<\/a><\/li>\n<li id=\"PN1-6790\" class=\"jstree-node  jstree-closed\" role=\"treeitem\" aria-expanded=\"false\" aria-selected=\"false\"><i class=\"jstree-icon jstree-ocl\"><\/i><a class=\"jstree-anchor\" href=\"https:\/\/doaj.org\/search?source=%7B%22query%22%3A%7B%22filtered%22%3A%7B%22query%22%3A%7B%22match_all%22%3A%7B%7D%7D%2C%22filter%22%3A%7B%22bool%22%3A%7B%22must%22%3A%5B%7B%22term%22%3A%7B%22index.classification.exact%22%3A%22Literature%20(General)%22%7D%7D%5D%7D%7D%7D%7D%7D\" target=\"_blank\" rel=\"noopener noreferrer\"><i class=\"jstree-icon jstree-themeicon\"><\/i>Literature (General)<\/a><\/li>\n<li role=\"treeitem\" aria-expanded=\"false\" aria-selected=\"false\"><a class=\"jstree-anchor jstree-hovered\" href=\"https:\/\/doaj.org\/search?source=%7B%22query%22%3A%7B%22filtered%22%3A%7B%22query%22%3A%7B%22match_all%22%3A%7B%7D%7D%2C%22filter%22%3A%7B%22bool%22%3A%7B%22must%22%3A%5B%7B%22term%22%3A%7B%22index.classification.exact%22%3A%22Modern%20Icelandic%20literature%22%7D%7D%5D%7D%7D%7D%7D%7D\" target=\"_blank\" rel=\"noopener noreferrer\"><i class=\"jstree-icon jstree-themeicon\"><\/i>Modern Icelandic literature<\/a><\/li>\n<li id=\"PT7351-7550\" class=\"jstree-node  jstree-leaf\" role=\"treeitem\" aria-selected=\"false\"><i class=\"jstree-icon jstree-ocl\"><\/i><a class=\"jstree-anchor\" href=\"https:\/\/doaj.org\/search?source=%7B%22query%22%3A%7B%22filtered%22%3A%7B%22query%22%3A%7B%22match_all%22%3A%7B%7D%7D%2C%22filter%22%3A%7B%22bool%22%3A%7B%22must%22%3A%5B%7B%22term%22%3A%7B%22index.classification.exact%22%3A%22Norwegian%20literature%22%7D%7D%5D%7D%7D%7D%7D%7D\" target=\"_blank\" rel=\"noopener noreferrer\"><i class=\"jstree-icon jstree-themeicon\"><\/i>Norwegian literature<\/a><\/li>\n<li role=\"treeitem\" aria-selected=\"false\"><a class=\"jstree-anchor\" href=\"https:\/\/doaj.org\/search?source=%7B%22query%22%3A%7B%22filtered%22%3A%7B%22query%22%3A%7B%22match_all%22%3A%7B%7D%7D%2C%22filter%22%3A%7B%22bool%22%3A%7B%22must%22%3A%5B%7B%22term%22%3A%7B%22index.classification.exact%22%3A%22Old%20Norse%20literature%3A%20Old%20Icelandic%20and%20Old%20Norwegian%22%7D%7D%5D%7D%7D%7D%7D%7D\" target=\"_blank\" rel=\"noopener noreferrer\">Old Norse literature: Old Icelandic and Old Norwegian<\/a><\/li>\n<li id=\"PT7101-7338\" class=\"jstree-node  jstree-leaf\" role=\"treeitem\" aria-selected=\"false\"><i class=\"jstree-icon jstree-ocl\"><\/i><a class=\"jstree-anchor\" href=\"https:\/\/doaj.org\/search?source=%7B%22query%22%3A%7B%22filtered%22%3A%7B%22query%22%3A%7B%22match_all%22%3A%7B%7D%7D%2C%22filter%22%3A%7B%22bool%22%3A%7B%22must%22%3A%5B%7B%22term%22%3A%7B%22index.classification.exact%22%3A%22Oriental%20languages%20and%20literatures%22%7D%7D%5D%7D%7D%7D%7D%7D\" target=\"_blank\" rel=\"noopener noreferrer\"><i class=\"jstree-icon jstree-themeicon\"><\/i>Oriental languages and literatures<\/a><\/li>\n<li role=\"treeitem\" aria-selected=\"false\"><a class=\"jstree-anchor jstree-hovered\" href=\"https:\/\/doaj.org\/search?source=%7B%22query%22%3A%7B%22filtered%22%3A%7B%22query%22%3A%7B%22match_all%22%3A%7B%7D%7D%2C%22filter%22%3A%7B%22bool%22%3A%7B%22must%22%3A%5B%7B%22term%22%3A%7B%22index.classification.exact%22%3A%22Swedish%20literature%22%7D%7D%5D%7D%7D%7D%7D%7D\" target=\"_blank\" rel=\"noopener noreferrer\"><i class=\"jstree-icon jstree-themeicon\"><\/i>Swedish literature<\/a><\/li>\n<\/ul>\n\n\n\n<hr class=\"wp-block-separator\"\/>\n\n\n\n<h2>Directory of Open Access Books<\/h2>\n<p><a href=\"https:\/\/www.doabooks.org\/doab?func=subject&amp;cpId=9&amp;uiLanguage=en\" target=\"_blank\" rel=\"noopener noreferrer\">Languages and Literatures<\/a><\/p>\n\n\n\n<hr class=\"wp-block-separator\"\/>\n\n\n\n<h2>Adatb\u00e1zis-szolg\u00e1ltat\u00f3k Open Access tartalmai<\/h2>\n\n\n\n<div class=\"wp-block-columns is-layout-flex wp-container-core-columns-layout-1 wp-block-columns-is-layout-flex\">\n<div class=\"wp-block-column is-layout-flow wp-block-column-is-layout-flow\">\n<p><a href=\"https:\/\/about.jstor.org\/oa-and-free\/\" target=\"_blank\" rel=\"noopener noreferrer\"><img decoding=\"async\" src=\"https:\/\/i1.wp.com\/minerva.mtak.hu\/wp-content\/uploads\/2020\/04\/JSTOR_logo.png?zoom=2&amp;resize=177%2C221\" alt=\"\"><\/a><\/p>\n\n\n\n<p><a href=\"https:\/\/www.degruyter.com\/browse?submittedFilterId=by-type&amp;access_7=open&amp;access_6=free&amp;t=LT&amp;pageSize=10&amp;sort=datedescending\" target=\"_blank\" rel=\"noopener noreferrer\"><img decoding=\"async\" src=\"https:\/\/i0.wp.com\/minerva.mtak.hu\/wp-content\/uploads\/2020\/04\/de_gruyter_logo.jpg?w=300\" alt=\"\" \/><\/a><\/p>\n<\/div>\n\n\n\n<div class=\"wp-block-column is-layout-flow wp-block-column-is-layout-flow\">\n<p><a href=\"https:\/\/academic.oup.com\/journals\/search-results?fl_SiteID=5567&amp;access_openaccess=true&amp;access_free=true&amp;tax=AcademicSubjects%2fAHU01560&amp;page=1\" target=\"_blank\" rel=\"noopener noreferrer\"><img decoding=\"async\" src=\"https:\/\/i1.wp.com\/minerva.mtak.hu\/wp-content\/uploads\/2020\/04\/OUP_logo.png?w=300\" alt=\"\" \/><\/a><\/p>\n<\/div>\n\n\n\n<div class=\"wp-block-column is-layout-flow wp-block-column-is-layout-flow\">\n<p><a href=\"https:\/\/www.cambridge.org\/core\/what-we-publish\/open-access\/listing?searchWithinIds=7275BA1E84CA769210167A6A66523B47\" target=\"_blank\" rel=\"noopener noreferrer\"><img decoding=\"async\" src=\"https:\/\/i1.wp.com\/minerva.mtak.hu\/wp-content\/uploads\/2020\/04\/CUP_logo.jpg?resize=300%2C300\" alt=\"\"><\/a><\/p>\n\n\n\n<figure style=\"width: 173px\" class=\"wp-caption aligncenter\"><a href=\"https:\/\/link.springer.com\/search?facet-discipline=%22Literature%22&amp;package=openaccess\" target=\"_blank\" rel=\"noopener noreferrer\"><img loading=\"lazy\" decoding=\"async\" src=\"https:\/\/i0.wp.com\/minerva.mtak.hu\/wp-content\/uploads\/2020\/04\/springer_logo.png?resize=173%2C173\" alt=\"SpringerLink\" width=\"173\" height=\"173\" data-recalc-dims=\"1\" \/><\/a><figcaption class=\"wp-caption-text\">SpringerLink<\/figcaption><\/figure>\n<\/div>\n<\/div>\n\n\n\n<hr class=\"wp-block-separator\"\/>\n","protected":false},"excerpt":{"rendered":"<p>Directory of Open Access Journals American literature Danish literature English literature French literature &#8211; Italian literature &#8211; Spanish literature &#8211;&#8230;<\/p>\n","protected":false},"author":2,"featured_media":0,"parent":0,"menu_order":0,"comment_status":"closed","ping_status":"closed","template":"","meta":{"footnotes":""},"aioseo_notices":[],"jetpack_sharing_enabled":true,"jetpack_shortlink":"https:\/\/wp.me\/Pb70B2-ff","_links":{"self":[{"href":"https:\/\/minerva.mtak.hu\/index.php?rest_route=\/wp\/v2\/pages\/945"}],"collection":[{"href":"https:\/\/minerva.mtak.hu\/index.php?rest_route=\/wp\/v2\/pages"}],"about":[{"href":"https:\/\/minerva.mtak.hu\/index.php?rest_route=\/wp\/v2\/types\/page"}],"author":[{"embeddable":true,"href":"https:\/\/minerva.mtak.hu\/index.php?rest_route=\/wp\/v2\/users\/2"}],"replies":[{"embeddable":true,"href":"https:\/\/minerva.mtak.hu\/index.php?rest_route=%2Fwp%2Fv2%2Fcomments&post=945"}],"version-history":[{"count":13,"href":"https:\/\/minerva.mtak.hu\/index.php?rest_route=\/wp\/v2\/pages\/945\/revisions"}],"predecessor-version":[{"id":1405,"href":"https:\/\/minerva.mtak.hu\/index.php?rest_route=\/wp\/v2\/pages\/945\/revisions\/1405"}],"wp:attachment":[{"href":"https:\/\/minerva.mtak.hu\/index.php?rest_route=%2Fwp%2Fv2%2Fmedia&parent=945"}],"curies":[{"name":"wp","href":"https:\/\/api.w.org\/{rel}","templated":true}]}}