{"id":832,"date":"2019-11-14T18:39:53","date_gmt":"2019-11-14T17:39:53","guid":{"rendered":"http:\/\/minerva.mtak.hu\/?page_id=832"},"modified":"2020-05-15T13:22:49","modified_gmt":"2020-05-15T11:22:49","slug":"nyilt-hozzaferesu-open-access-folyoiratok-5","status":"publish","type":"page","link":"https:\/\/minerva.mtak.hu\/?page_id=832","title":{"rendered":"Ny\u00edlt hozz\u00e1f\u00e9r\u00e9s\u0171 (Open Access) tartalmak &#8211; m\u0171v\u00e9szetek"},"content":{"rendered":"\n<h2>Foly\u00f3iratok<\/h2>\n<ul>\n<li style=\"text-align: left;\"><a href=\"http:\/\/www.tate.org.uk\/research\/publications\/tate-papers\" target=\"_blank\" rel=\"noopener noreferrer\">Tate Papers<\/a><\/li>\n<li style=\"text-align: left;\"><a href=\"https:\/\/revistas.ucm.es\/index.php\/ANHA\" target=\"_blank\" rel=\"noopener noreferrer\">Anales de Historia del Arte<\/a><\/li>\n<li style=\"text-align: left;\"><a href=\"http:\/\/cogentoa.tandfonline.com\/journal\/oaah20\" target=\"_blank\" rel=\"noopener noreferrer\">Cogents Arts &amp; Humanities<\/a>&nbsp;<\/li>\n<li style=\"text-align: left;\"><a href=\"http:\/\/cel.revues.org\/\" target=\"_blank\" rel=\"noopener noreferrer\">Les Cahiers de l&#8217;\u00c9cole du Louvre<\/a><\/li>\n<li style=\"text-align: left;\"><a href=\"http:\/\/www.riha-journal.org\/\" target=\"_blank\" rel=\"noopener noreferrer\">RIHA Journal<\/a><\/li>\n<\/ul>\n\n\n\n<hr class=\"wp-block-separator\"\/>\n\n\n\n<h2>Directory of Open Access Journals<\/h2>\n<h3><i class=\"jstree-icon jstree-ocl\"><\/i><a class=\"jstree-anchor\" href=\"https:\/\/doaj.org\/search?source=%7B%22query%22%3A%7B%22filtered%22%3A%7B%22query%22%3A%7B%22match_all%22%3A%7B%7D%7D%2C%22filter%22%3A%7B%22bool%22%3A%7B%22must%22%3A%5B%7B%22term%22%3A%7B%22index.classification.exact%22%3A%22Fine%20Arts%22%7D%7D%5D%7D%7D%7D%7D%7D\" target=\"_blank\" rel=\"noopener noreferrer\"><i class=\"jstree-icon jstree-themeicon\"><\/i>Fine Arts<\/a><\/h3>\n<ul class=\"jstree-children\" role=\"group\">\n<li id=\"NA1-9428\" class=\"jstree-node  jstree-closed\" role=\"treeitem\" aria-expanded=\"false\"><i class=\"jstree-icon jstree-ocl\"><\/i><a class=\"jstree-anchor\" href=\"https:\/\/doaj.org\/search?source=%7B%22query%22%3A%7B%22filtered%22%3A%7B%22query%22%3A%7B%22match_all%22%3A%7B%7D%7D%2C%22filter%22%3A%7B%22bool%22%3A%7B%22must%22%3A%5B%7B%22term%22%3A%7B%22index.classification.exact%22%3A%22Architecture%22%7D%7D%5D%7D%7D%7D%7D%7D\" target=\"_blank\" rel=\"noopener noreferrer\"><i class=\"jstree-icon jstree-themeicon\"><\/i>Architecture<\/a><\/li>\n<li class=\"jstree-node  jstree-closed\" role=\"treeitem\" aria-expanded=\"false\"><i class=\"jstree-icon jstree-ocl\"><\/i><a class=\"jstree-anchor\" href=\"https:\/\/doaj.org\/search?source=%7B%22query%22%3A%7B%22filtered%22%3A%7B%22query%22%3A%7B%22match_all%22%3A%7B%7D%7D%2C%22filter%22%3A%7B%22bool%22%3A%7B%22must%22%3A%5B%7B%22term%22%3A%7B%22index.classification.exact%22%3A%22Arts%20in%20general%22%7D%7D%5D%7D%7D%7D%7D%7D\" target=\"_blank\" rel=\"noopener noreferrer\">Arts in general<\/a><i class=\"jstree-icon jstree-ocl\"><br><\/i>&nbsp; &nbsp; &nbsp;<a class=\"jstree-anchor\" href=\"https:\/\/doaj.org\/search?source=%7B%22query%22%3A%7B%22filtered%22%3A%7B%22query%22%3A%7B%22match_all%22%3A%7B%7D%7D%2C%22filter%22%3A%7B%22bool%22%3A%7B%22must%22%3A%5B%7B%22term%22%3A%7B%22index.classification.exact%22%3A%22History%20of%20the%20arts%22%7D%7D%5D%7D%7D%7D%7D%7D\" target=\"_blank\" rel=\"noopener noreferrer\">History of the arts<\/a><\/li>\n<li class=\"jstree-node  jstree-closed\" role=\"treeitem\" aria-expanded=\"false\"><i class=\"jstree-icon jstree-ocl\"><\/i><a class=\"jstree-anchor\" href=\"https:\/\/doaj.org\/search?source=%7B%22query%22%3A%7B%22filtered%22%3A%7B%22query%22%3A%7B%22match_all%22%3A%7B%7D%7D%2C%22filter%22%3A%7B%22bool%22%3A%7B%22must%22%3A%5B%7B%22term%22%3A%7B%22index.classification.exact%22%3A%22Decorative%20arts%22%7D%7D%5D%7D%7D%7D%7D%7D\" target=\"_blank\" rel=\"noopener noreferrer\"><i class=\"jstree-icon jstree-themeicon\"><\/i>Decorative arts<\/a><\/li>\n<li class=\"jstree-node  jstree-closed\" role=\"treeitem\" aria-expanded=\"false\"><i class=\"jstree-icon jstree-ocl\"><\/i><a class=\"jstree-anchor\" href=\"https:\/\/doaj.org\/search?source=%7B%22query%22%3A%7B%22filtered%22%3A%7B%22query%22%3A%7B%22match_all%22%3A%7B%7D%7D%2C%22filter%22%3A%7B%22bool%22%3A%7B%22must%22%3A%5B%7B%22term%22%3A%7B%22index.classification.exact%22%3A%22Drawing.%20Design.%20Illustration%22%7D%7D%5D%7D%7D%7D%7D%7D\" target=\"_blank\" rel=\"noopener noreferrer\"><i class=\"jstree-icon jstree-themeicon\"><\/i>Drawing. Design. Illustration<\/a><i class=\"jstree-icon jstree-ocl\"><\/i><i class=\"jstree-icon jstree-themeicon\"><\/i><\/li>\n<li class=\"jstree-node  jstree-closed\" role=\"treeitem\" aria-expanded=\"false\"><a class=\"jstree-anchor\" href=\"https:\/\/doaj.org\/search?source=%7B%22query%22%3A%7B%22filtered%22%3A%7B%22query%22%3A%7B%22match_all%22%3A%7B%7D%7D%2C%22filter%22%3A%7B%22bool%22%3A%7B%22must%22%3A%5B%7B%22term%22%3A%7B%22index.classification.exact%22%3A%22Painting%22%7D%7D%5D%7D%7D%7D%7D%7D\" target=\"_blank\" rel=\"noopener noreferrer\">Painting<\/a><\/li>\n<li class=\"jstree-node  jstree-closed\" role=\"treeitem\" aria-expanded=\"false\"><i class=\"jstree-icon jstree-ocl\"><\/i><a class=\"jstree-anchor\" href=\"https:\/\/doaj.org\/search?source=%7B%22query%22%3A%7B%22filtered%22%3A%7B%22query%22%3A%7B%22match_all%22%3A%7B%7D%7D%2C%22filter%22%3A%7B%22bool%22%3A%7B%22must%22%3A%5B%7B%22term%22%3A%7B%22index.classification.exact%22%3A%22Print%20media%22%7D%7D%5D%7D%7D%7D%7D%7D\" target=\"_blank\" rel=\"noopener noreferrer\"><i class=\"jstree-icon jstree-themeicon\"><\/i>Print media<\/a><\/li>\n<li class=\"jstree-node  jstree-closed\" role=\"treeitem\" aria-expanded=\"false\"><i class=\"jstree-icon jstree-ocl\"><\/i><a class=\"jstree-anchor\" href=\"https:\/\/doaj.org\/search?source=%7B%22query%22%3A%7B%22filtered%22%3A%7B%22query%22%3A%7B%22match_all%22%3A%7B%7D%7D%2C%22filter%22%3A%7B%22bool%22%3A%7B%22must%22%3A%5B%7B%22term%22%3A%7B%22index.classification.exact%22%3A%22Sculpture%22%7D%7D%5D%7D%7D%7D%7D%7D\" target=\"_blank\" rel=\"noopener noreferrer\"><i class=\"jstree-icon jstree-themeicon\"><\/i>Sculpture<\/a><\/li>\n<li class=\"jstree-node  jstree-closed\" role=\"treeitem\" aria-expanded=\"false\"><i class=\"jstree-icon jstree-ocl\"><\/i><a class=\"jstree-anchor\" href=\"https:\/\/doaj.org\/search?source=%7B%22query%22%3A%7B%22filtered%22%3A%7B%22query%22%3A%7B%22match_all%22%3A%7B%7D%7D%2C%22filter%22%3A%7B%22bool%22%3A%7B%22must%22%3A%5B%7B%22term%22%3A%7B%22index.classification.exact%22%3A%22Visual%20arts%22%7D%7D%5D%7D%7D%7D%7D%7D\" target=\"_blank\" rel=\"noopener noreferrer\"><i class=\"jstree-icon jstree-themeicon\"><\/i>Visual arts<\/a><\/li>\n<\/ul>\n<h3><a class=\"jstree-anchor\" href=\"https:\/\/doaj.org\/search?source=%7B%22query%22%3A%7B%22filtered%22%3A%7B%22query%22%3A%7B%22match_all%22%3A%7B%7D%7D%2C%22filter%22%3A%7B%22bool%22%3A%7B%22must%22%3A%5B%7B%22term%22%3A%7B%22index.classification.exact%22%3A%22Music%20and%20books%20on%20Music%22%7D%7D%5D%7D%7D%7D%7D%7D\" target=\"_blank\" rel=\"noopener noreferrer\">Music and books on Music<\/a><\/h3>\n<ul class=\"jstree-children\" role=\"group\">\n<li id=\"ML1-3930\" class=\"jstree-node  jstree-leaf\" role=\"treeitem\" aria-selected=\"false\"><i class=\"jstree-icon jstree-ocl\"><\/i><a class=\"jstree-anchor\" href=\"https:\/\/doaj.org\/search?source=%7B%22query%22%3A%7B%22filtered%22%3A%7B%22query%22%3A%7B%22match_all%22%3A%7B%7D%7D%2C%22filter%22%3A%7B%22bool%22%3A%7B%22must%22%3A%5B%7B%22term%22%3A%7B%22index.classification.exact%22%3A%22Literature%20on%20music%22%7D%7D%5D%7D%7D%7D%7D%7D\" target=\"_blank\" rel=\"noopener noreferrer\"><i class=\"jstree-icon jstree-themeicon\"><\/i>Literature on music<\/a><\/li>\n<li id=\"M1-5000\" class=\"jstree-node  jstree-leaf\" role=\"treeitem\" aria-selected=\"false\"><i class=\"jstree-icon jstree-ocl\"><\/i><a class=\"jstree-anchor\" href=\"https:\/\/doaj.org\/search?source=%7B%22query%22%3A%7B%22filtered%22%3A%7B%22query%22%3A%7B%22match_all%22%3A%7B%7D%7D%2C%22filter%22%3A%7B%22bool%22%3A%7B%22must%22%3A%5B%7B%22term%22%3A%7B%22index.classification.exact%22%3A%22Music%22%7D%7D%5D%7D%7D%7D%7D%7D\" target=\"_blank\" rel=\"noopener noreferrer\"><i class=\"jstree-icon jstree-themeicon\"><\/i>Music<\/a><\/li>\n<li id=\"MT1-960\" class=\"jstree-node  jstree-leaf jstree-last\" role=\"treeitem\" aria-selected=\"false\"><i class=\"jstree-icon jstree-ocl\"><\/i><a class=\"jstree-anchor\" href=\"https:\/\/doaj.org\/search?source=%7B%22query%22%3A%7B%22filtered%22%3A%7B%22query%22%3A%7B%22match_all%22%3A%7B%7D%7D%2C%22filter%22%3A%7B%22bool%22%3A%7B%22must%22%3A%5B%7B%22term%22%3A%7B%22index.classification.exact%22%3A%22Musical%20instruction%20and%20study%22%7D%7D%5D%7D%7D%7D%7D%7D\" target=\"_blank\" rel=\"noopener noreferrer\"><i class=\"jstree-icon jstree-themeicon\"><\/i>Musical instruction and study<\/a><\/li>\n<\/ul>\n<h3><a href=\"https:\/\/doaj.org\/search?source=%7B%22query%22%3A%7B%22filtered%22%3A%7B%22filter%22%3A%7B%22bool%22%3A%7B%22must%22%3A%5B%7B%22term%22%3A%7B%22index.classification.exact%22%3A%22Museums.%20Collectors%20and%20collecting%22%7D%7D%5D%7D%7D%2C%22query%22%3A%7B%22match_all%22%3A%7B%7D%7D%7D%7D%7D\" target=\"_blank\" rel=\"noopener noreferrer\">Museums. Collectors and collectin<\/a><strong><a href=\"https:\/\/doaj.org\/search?source=%7B%22query%22%3A%7B%22filtered%22%3A%7B%22filter%22%3A%7B%22bool%22%3A%7B%22must%22%3A%5B%7B%22term%22%3A%7B%22index.classification.exact%22%3A%22Museums.%20Collectors%20and%20collecting%22%7D%7D%5D%7D%7D%2C%22query%22%3A%7B%22match_all%22%3A%7B%7D%7D%7D%7D%7D\">g<\/a><\/strong><\/h3>\n<h3><a href=\"https:\/\/doaj.org\/search?source=%7B%22query%22%3A%7B%22filtered%22%3A%7B%22filter%22%3A%7B%22bool%22%3A%7B%22must%22%3A%5B%7B%22term%22%3A%7B%22index.classification.exact%22%3A%22Dramatic%20representation.%20The%20theater%22%7D%7D%5D%7D%7D%2C%22query%22%3A%7B%22match_all%22%3A%7B%7D%7D%7D%7D%7D\" target=\"_blank\" rel=\"noopener noreferrer\">Dramatic representation. The theater<\/a><\/h3>\n<h3><a href=\"https:\/\/doaj.org\/search?source=%7B%22query%22%3A%7B%22filtered%22%3A%7B%22filter%22%3A%7B%22bool%22%3A%7B%22must%22%3A%5B%7B%22term%22%3A%7B%22index.classification.exact%22%3A%22The%20performing%20arts.%20Show%20business%22%7D%7D%5D%7D%7D%2C%22query%22%3A%7B%22match_all%22%3A%7B%7D%7D%7D%7D%7D\" target=\"_blank\" rel=\"noopener noreferrer\">The performing arts. Show business<\/a><\/h3>\n\n\n\n<hr class=\"wp-block-separator\"\/>\n\n\n\n<h2>Directory of Open Access Books<\/h2>\n<h3><a href=\"https:\/\/www.doabooks.org\/doab?func=subject&amp;cpId=1&amp;uiLanguage=en\" target=\"_blank\" rel=\"noopener noreferrer\">Arts and Architecture<\/a><\/h3>\n<ul>\n<li><a class=\"square\" href=\"https:\/\/www.doabooks.org\/doab?func=subject&amp;cpId=2&amp;uiLanguage=en\" target=\"_blank\" rel=\"noopener noreferrer\">Architecture<\/a><\/li>\n<li><a class=\"square\" href=\"https:\/\/www.doabooks.org\/doab?func=subject&amp;cpId=157&amp;uiLanguage=en\" target=\"_blank\" rel=\"noopener noreferrer\">Arts in general<\/a><\/li>\n<li><a class=\"square\" href=\"https:\/\/www.doabooks.org\/doab?func=subject&amp;cpId=4&amp;uiLanguage=en\" target=\"_blank\" rel=\"noopener noreferrer\">History of arts<\/a>\u00a0<\/li>\n<li><a class=\"square\" href=\"https:\/\/www.doabooks.org\/doab?func=subject&amp;cpId=6&amp;uiLanguage=en\" target=\"_blank\" rel=\"noopener noreferrer\">Music<\/a><\/li>\n<li><a class=\"square\" href=\"https:\/\/www.doabooks.org\/doab?func=subject&amp;cpId=7&amp;uiLanguage=en\" target=\"_blank\" rel=\"noopener noreferrer\">Performing Arts<\/a><\/li>\n<li><a class=\"square\" href=\"https:\/\/www.doabooks.org\/doab?func=subject&amp;cpId=5&amp;uiLanguage=en\" target=\"_blank\" rel=\"noopener noreferrer\">Visual Arts<\/a><\/li>\n<\/ul>\n\n\n<hr class=\"wp-block-separator\" \/>\n<h2>Adatb\u00e1zis-szolg\u00e1ltat\u00f3k Open Access tartalmai<\/h2>\n\n\n<div class=\"wp-block-columns is-layout-flex wp-container-core-columns-layout-1 wp-block-columns-is-layout-flex\">\n<div class=\"wp-block-column is-layout-flow wp-block-column-is-layout-flow\">\n<p><a href=\"https:\/\/about.jstor.org\/oa-and-free\/\" target=\"_blank\" rel=\"noopener noreferrer\"><img decoding=\"async\" src=\"https:\/\/i1.wp.com\/minerva.mtak.hu\/wp-content\/uploads\/2020\/04\/JSTOR_logo.png?zoom=2&amp;resize=177%2C221\" alt=\"\"><\/a><\/p>\n\n\n\n<p><a href=\"https:\/\/www.degruyter.com\/browse?submittedFilterId=by-type&amp;access_7=open&amp;access_6=free&amp;t_0=AR&amp;pageSize=10&amp;sort=datedescending\" target=\"_blank\" rel=\"noopener noreferrer\"><img decoding=\"async\" src=\"https:\/\/i0.wp.com\/minerva.mtak.hu\/wp-content\/uploads\/2020\/04\/de_gruyter_logo.jpg?w=300\" alt=\"\"><\/a><\/p>\n<\/div>\n\n\n\n<div class=\"wp-block-column is-layout-flow wp-block-column-is-layout-flow\">\n<p><a href=\"https:\/\/academic.oup.com\/journals\/search-results?fl_SiteID=5567&amp;access_free=true&amp;access_openaccess=true&amp;tax=AcademicSubjects%2fAHU00300&amp;qb=%7b%22q%22%3a%22%22%7d&amp;page=1\" target=\"_blank\" rel=\"noopener noreferrer\"><img decoding=\"async\" src=\"https:\/\/i1.wp.com\/minerva.mtak.hu\/wp-content\/uploads\/2020\/04\/OUP_logo.png?w=300\" alt=\"\"><\/a><\/p>\n<\/div>\n\n\n\n<div class=\"wp-block-column is-layout-flow wp-block-column-is-layout-flow\">\n<p><a href=\"https:\/\/www.cambridge.org\/core\/what-we-publish\/open-access\/listing?searchWithinIds=7275BA1E84CA769210167A6A66523B47\" target=\"_blank\" rel=\"noopener noreferrer\"><img decoding=\"async\" src=\"https:\/\/i1.wp.com\/minerva.mtak.hu\/wp-content\/uploads\/2020\/04\/CUP_logo.jpg?resize=300%2C300\" alt=\"\"><\/a><\/p>\n\n\n\n<figure style=\"width: 173px\" class=\"wp-caption aligncenter\"><a href=\"https:\/\/link.springer.com\/search?package=openaccess&amp;facet-sub-discipline=%22Arts%22\" target=\"_blank\" rel=\"noopener noreferrer\"><img loading=\"lazy\" decoding=\"async\" src=\"https:\/\/i0.wp.com\/minerva.mtak.hu\/wp-content\/uploads\/2020\/04\/springer_logo.png?resize=173%2C173\" alt=\"\" width=\"173\" height=\"173\"><\/a><figcaption class=\"wp-caption-text\">SpringerLink<\/figcaption><\/figure>\n<\/div>\n<\/div>\n\n\n\n<hr class=\"wp-block-separator\"\/>\n\n\n","protected":false},"excerpt":{"rendered":"<p>Foly\u00f3iratok Tate Papers Anales de Historia del Arte Cogents Arts &amp; Humanities&nbsp; Les Cahiers de l&#8217;\u00c9cole du Louvre RIHA Journal&#8230;<\/p>\n","protected":false},"author":2,"featured_media":0,"parent":0,"menu_order":0,"comment_status":"closed","ping_status":"closed","template":"","meta":{"footnotes":""},"aioseo_notices":[],"jetpack_sharing_enabled":true,"jetpack_shortlink":"https:\/\/wp.me\/Pb70B2-dq","_links":{"self":[{"href":"https:\/\/minerva.mtak.hu\/index.php?rest_route=\/wp\/v2\/pages\/832"}],"collection":[{"href":"https:\/\/minerva.mtak.hu\/index.php?rest_route=\/wp\/v2\/pages"}],"about":[{"href":"https:\/\/minerva.mtak.hu\/index.php?rest_route=\/wp\/v2\/types\/page"}],"author":[{"embeddable":true,"href":"https:\/\/minerva.mtak.hu\/index.php?rest_route=\/wp\/v2\/users\/2"}],"replies":[{"embeddable":true,"href":"https:\/\/minerva.mtak.hu\/index.php?rest_route=%2Fwp%2Fv2%2Fcomments&post=832"}],"version-history":[{"count":15,"href":"https:\/\/minerva.mtak.hu\/index.php?rest_route=\/wp\/v2\/pages\/832\/revisions"}],"predecessor-version":[{"id":1410,"href":"https:\/\/minerva.mtak.hu\/index.php?rest_route=\/wp\/v2\/pages\/832\/revisions\/1410"}],"wp:attachment":[{"href":"https:\/\/minerva.mtak.hu\/index.php?rest_route=%2Fwp%2Fv2%2Fmedia&parent=832"}],"curies":[{"name":"wp","href":"https:\/\/api.w.org\/{rel}","templated":true}]}}