{"id":829,"date":"2019-11-14T18:34:03","date_gmt":"2019-11-14T17:34:03","guid":{"rendered":"http:\/\/minerva.mtak.hu\/?page_id=829"},"modified":"2020-05-15T12:59:17","modified_gmt":"2020-05-15T10:59:17","slug":"nyilt-hozzaferesu-open-access-folyoiratok-4","status":"publish","type":"page","link":"https:\/\/minerva.mtak.hu\/?page_id=829","title":{"rendered":"Ny\u00edlt hozz\u00e1f\u00e9r\u00e9s\u0171 (Open Access) tartalmak &#8211; klasszika-filol\u00f3gia"},"content":{"rendered":"\n<h2>Foly\u00f3iratok<\/h2>\n<ul>\n<li style=\"text-align: left;\"><a href=\"https:\/\/akademiai.com\/loi\/092\" target=\"_blank\" rel=\"noopener noreferrer\">Antik Tanulm\u00e1nyok<\/a><\/li>\n<li style=\"text-align: left;\"><a href=\"http:\/\/okorportal.hu\/folyoirat\/archivum\" target=\"_blank\" rel=\"noopener noreferrer\">\u00d3kor<\/a><\/li>\n<li style=\"text-align: left;\"><a href=\"https:\/\/www.cambridge.org\/core\/journals\/journal-of-classics-teaching\" target=\"_blank\" rel=\"noopener noreferrer\">Journal of Classics Teaching<\/a><\/li>\n<li style=\"text-align: left;\"><a href=\"http:\/\/www.topoi.org\/publications\/etopoi\/\" target=\"_blank\" rel=\"noopener noreferrer\">eTopoi. Journal for Ancient Studies<\/a><\/li>\n<li style=\"text-align: left;\"><a href=\"http:\/\/bmcr.brynmawr.edu\/\" target=\"_blank\" rel=\"noopener noreferrer\">Bryn Mawr Classical Review<\/a><\/li>\n<li style=\"text-align: left;\"><a href=\"http:\/\/www.ojs.unito.it\/index.php\/COL\/index\" target=\"_blank\" rel=\"noopener noreferrer\">Ciceroniana On Line<\/a><\/li>\n<li style=\"text-align: left;\"><a href=\"http:\/\/www.ojs.unito.it\/index.php\/historika\" target=\"_blank\" rel=\"noopener noreferrer\">Historika : Studi di Storia Greca e Romana<\/a><\/li>\n<li style=\"text-align: left;\"><a href=\"https:\/\/journals.openedition.org\/dictynna\/\" target=\"_blank\" rel=\"noopener noreferrer\">Dictynna : Revue de Po\u00e9tique Latine<\/a><\/li>\n<li style=\"text-align: left;\"><a href=\"https:\/\/doaj.org\/toc\/2515-2289\" target=\"_blank\" rel=\"noopener noreferrer\">Theoretical Roman Archaeology Journal<\/a><\/li>\n<li style=\"text-align: left;\"><a href=\"http:\/\/etudesanciennes.revues.org\" target=\"_blank\" rel=\"noopener noreferrer\">Cahiers des \u00c9tudes Anciennes<\/a><\/li>\n<li style=\"text-align: left;\"><a href=\"http:\/\/mondesanciens.revues.org\/\" target=\"_blank\" rel=\"noopener noreferrer\">Cahiers Mondes Anciens<\/a><\/li>\n<li style=\"text-align: left;\"><a href=\"http:\/\/tyche-journal.at\/tyche\" target=\"_blank\" rel=\"noopener noreferrer\">TYCHE \u2013 Contributions to Ancient History, Papyrology and Epigraphy<\/a><\/li>\n<li style=\"text-align: left;\"><a href=\"https:\/\/www.journals.uio.no\/index.php\/acta\/index\" target=\"_blank\" rel=\"noopener noreferrer\">Acta ad archaeologiam et artium historiam pertinentia<\/a><\/li>\n<li style=\"text-align: left;\"><a href=\"http:\/\/archiv.ub.uni-heidelberg.de\/propylaeumdok\/\" target=\"_blank\" rel=\"noopener noreferrer\">Propylaeum-DOK &#8211; Digital Repository Classical Studies<\/a><\/li>\n<li style=\"text-align: left;\"><a href=\"https:\/\/grbs.library.duke.edu\/index\" target=\"_blank\" rel=\"noopener noreferrer\">Greek, Roman, and Byzantine Studies&nbsp;<\/a><\/li>\n<li style=\"text-align: left;\"><a href=\"http:\/\/www.commentariaclassica.altervista.org\/Commentaria_Classica\/Home.html\" target=\"_blank\" rel=\"noopener noreferrer\">Commentaria Classica<\/a><\/li>\n<li style=\"text-align: left;\"><a href=\"https:\/\/brill.com\/jgl\" target=\"_blank\" rel=\"noopener noreferrer\">Journal of Greek Linguistics<\/a><\/li>\n<li style=\"text-align: left;\"><a href=\"https:\/\/journals.ub.uni-heidelberg.de\/index.php\/dco\/\" target=\"_blank\" rel=\"noopener noreferrer\">Digital Classics Online<\/a><\/li>\n<li style=\"text-align: left;\"><a href=\"http:\/\/jaha.org.ro\/\" target=\"_blank\" rel=\"noopener noreferrer\">Journal of Ancient History and Archaeology<\/a><\/li>\n<li style=\"text-align: left;\"><a href=\"https:\/\/chs.harvard.edu\/CHS\/article\/display\/1167.classics-introduction-to-journal\" target=\"_blank\" rel=\"noopener noreferrer\">Classics@<\/a><\/li>\n<li style=\"text-align: left;\"><a href=\"http:\/\/www.chs-fellows.org\/e-journal-archives\/\" target=\"_blank\" rel=\"noopener noreferrer\">CHS Research Bulletin<\/a><\/li>\n<\/ul>\n\n\n\n<hr class=\"wp-block-separator\"\/>\n\n\n\n<h2>Directory of Open Access Journals<\/h2>\n<ul>\n<li><a class=\"jstree-anchor jstree-clicked\" href=\"https:\/\/doaj.org\/search?source=%7B%22query%22%3A%7B%22filtered%22%3A%7B%22query%22%3A%7B%22match_all%22%3A%7B%7D%7D%2C%22filter%22%3A%7B%22bool%22%3A%7B%22must%22%3A%5B%7B%22term%22%3A%7B%22index.classification.exact%22%3A%22History%20of%20the%20Greco-Roman%20World%22%7D%7D%5D%7D%7D%7D%7D%7D\" target=\"_blank\" rel=\"noopener noreferrer\">History of the Greco-Roman World<\/a><\/li>\n<li><a class=\"jstree-anchor\" href=\"https:\/\/doaj.org\/search?source=%7B%22query%22%3A%7B%22filtered%22%3A%7B%22query%22%3A%7B%22match_all%22%3A%7B%7D%7D%2C%22filter%22%3A%7B%22bool%22%3A%7B%22must%22%3A%5B%7B%22term%22%3A%7B%22index.classification.exact%22%3A%22Greek%20language%20and%20literature.%20Latin%20language%20and%20literature%22%7D%7D%5D%7D%7D%7D%7D%7D\" target=\"_blank\" rel=\"noopener noreferrer\"><i class=\"jstree-icon jstree-themeicon\"><\/i>Greek language and literature. Latin language and literature<\/a><br>&nbsp; &nbsp;&nbsp; <i class=\"jstree-icon jstree-ocl\"><\/i><a class=\"jstree-anchor jstree-hovered\" href=\"https:\/\/doaj.org\/search?source=%7B%22query%22%3A%7B%22filtered%22%3A%7B%22query%22%3A%7B%22match_all%22%3A%7B%7D%7D%2C%22filter%22%3A%7B%22bool%22%3A%7B%22must%22%3A%5B%7B%22term%22%3A%7B%22index.classification.exact%22%3A%22Greek%20philology%20and%20language%22%7D%7D%5D%7D%7D%7D%7D%7D\" target=\"_blank\" rel=\"noopener noreferrer\"><i class=\"jstree-icon jstree-themeicon\"><\/i>Greek philology and language<\/a><\/li>\n<\/ul>\n\n\n\n<hr class=\"wp-block-separator\"\/>\n\n\n\n<h2><a href=\"https:\/\/www.doabooks.org\/doab?func=search&amp;uiLanguage=en\" target=\"_blank\" rel=\"noopener noreferrer\">Directory of Open Access Books<\/a><\/h2>\n\n\n\n<hr class=\"wp-block-separator\"\/>\n\n\n\n<h2>Adatb\u00e1zis-szolg\u00e1ltat\u00f3k Open Access tartalmai<\/h2>\n\n\n\n<div class=\"wp-block-columns is-layout-flex wp-container-core-columns-layout-1 wp-block-columns-is-layout-flex\">\n<div class=\"wp-block-column is-layout-flow wp-block-column-is-layout-flow\">\n<p><a href=\"https:\/\/about.jstor.org\/oa-and-free\/\" target=\"_blank\" rel=\"noopener noreferrer\"><img loading=\"lazy\" decoding=\"async\" src=\"https:\/\/i1.wp.com\/minerva.mtak.hu\/wp-content\/uploads\/2020\/04\/JSTOR_logo.png?zoom=2&amp;resize=177%2C221\" alt=\"\" width=\"173\" height=\"215\" \/><\/a><\/p>\n<\/div>\n\n\n\n<div class=\"wp-block-column is-layout-flow wp-block-column-is-layout-flow\">\n<p><a href=\"https:\/\/academic.oup.com\/journals\/search-results?allJournals=1&amp;fl_SiteID=5567&amp;access_openaccess=true&amp;access_free=true&amp;tax=AcademicSubjects%2fAHU00720%2cAcademicSubjects%2fAHU00760%2cAcademicSubjects%2fAHU00780&amp;qb=%7b%22q%22%3a%22%22%7d&amp;page=1\" target=\"_blank\" rel=\"noopener noreferrer\"><img decoding=\"async\" src=\"https:\/\/i1.wp.com\/minerva.mtak.hu\/wp-content\/uploads\/2020\/04\/OUP_logo.png?w=300\" alt=\"\" \/><\/a><\/p>\n<p><a href=\"https:\/\/www.degruyter.com\/browse?submittedFilterId=by-type&amp;access_7=open&amp;access_6=free&amp;t=CL-01&amp;t_1=CL-05&amp;pageSize=10&amp;sort=datedescending\" target=\"_blank\" rel=\"noopener noreferrer\"><img decoding=\"async\" src=\"https:\/\/i0.wp.com\/minerva.mtak.hu\/wp-content\/uploads\/2020\/04\/de_gruyter_logo.jpg?w=300\" alt=\"\" \/><\/a><\/p>\n\n\n<\/div>\n\n\n\n<div class=\"wp-block-column is-layout-flow wp-block-column-is-layout-flow\">\n<p><a href=\"https:\/\/www.cambridge.org\/core\/what-we-publish\/open-access\/listing?searchWithinIds=7275BA1E84CA769210167A6A66523B47\" target=\"_blank\" rel=\"noopener noreferrer\"><img decoding=\"async\" src=\"https:\/\/i1.wp.com\/minerva.mtak.hu\/wp-content\/uploads\/2020\/04\/CUP_logo.jpg?resize=300%2C300\" alt=\"\" \/><\/a><\/p>\n\n\n<\/div>\n<\/div>\n\n\n\n<hr class=\"wp-block-separator\"\/>\n","protected":false},"excerpt":{"rendered":"<p>Foly\u00f3iratok Antik Tanulm\u00e1nyok \u00d3kor Journal of Classics Teaching eTopoi. Journal for Ancient Studies Bryn Mawr Classical Review Ciceroniana On Line&#8230;<\/p>\n","protected":false},"author":2,"featured_media":0,"parent":0,"menu_order":0,"comment_status":"closed","ping_status":"closed","template":"","meta":{"footnotes":""},"aioseo_notices":[],"jetpack_sharing_enabled":true,"jetpack_shortlink":"https:\/\/wp.me\/Pb70B2-dn","_links":{"self":[{"href":"https:\/\/minerva.mtak.hu\/index.php?rest_route=\/wp\/v2\/pages\/829"}],"collection":[{"href":"https:\/\/minerva.mtak.hu\/index.php?rest_route=\/wp\/v2\/pages"}],"about":[{"href":"https:\/\/minerva.mtak.hu\/index.php?rest_route=\/wp\/v2\/types\/page"}],"author":[{"embeddable":true,"href":"https:\/\/minerva.mtak.hu\/index.php?rest_route=\/wp\/v2\/users\/2"}],"replies":[{"embeddable":true,"href":"https:\/\/minerva.mtak.hu\/index.php?rest_route=%2Fwp%2Fv2%2Fcomments&post=829"}],"version-history":[{"count":13,"href":"https:\/\/minerva.mtak.hu\/index.php?rest_route=\/wp\/v2\/pages\/829\/revisions"}],"predecessor-version":[{"id":1403,"href":"https:\/\/minerva.mtak.hu\/index.php?rest_route=\/wp\/v2\/pages\/829\/revisions\/1403"}],"wp:attachment":[{"href":"https:\/\/minerva.mtak.hu\/index.php?rest_route=%2Fwp%2Fv2%2Fmedia&parent=829"}],"curies":[{"name":"wp","href":"https:\/\/api.w.org\/{rel}","templated":true}]}}