{"id":826,"date":"2019-11-14T18:29:22","date_gmt":"2019-11-14T17:29:22","guid":{"rendered":"http:\/\/minerva.mtak.hu\/?page_id=826"},"modified":"2020-05-15T13:00:35","modified_gmt":"2020-05-15T11:00:35","slug":"nyilt-hozzaferesu-open-access-folyoiratok-3","status":"publish","type":"page","link":"https:\/\/minerva.mtak.hu\/?page_id=826","title":{"rendered":"Ny\u00edlt hozz\u00e1f\u00e9r\u00e9s\u0171 (Open Access) tartalmak &#8211; filoz\u00f3fia, vall\u00e1s"},"content":{"rendered":"\n<h2>Foly\u00f3iratok<\/h2>\n<ul>\n<li style=\"text-align: left;\"><a href=\"https:\/\/www.degruyter.com\/view\/j\/opphil\" target=\"_blank\" rel=\"noopener noreferrer\">Open Philosophy<\/a><\/li>\n<li style=\"text-align: left;\"><a href=\"https:\/\/www.degruyter.com\/view\/j\/jso\" target=\"_blank\" rel=\"noopener noreferrer\">Journal of Social Ontology<\/a><\/li>\n<li style=\"text-align: left;\"><a href=\"https:\/\/periodicos.ufsc.br\/index.php\/principia\/index\" target=\"_blank\" rel=\"noopener noreferrer\">Principia<\/a><\/li>\n<li style=\"text-align: left;\"><a href=\"https:\/\/doaj.org\/toc\/2317-9570?source=%7B%22query%22%3A%7B%22filtered%22%3A%7B%22filter%22%3A%7B%22bool%22%3A%7B%22must%22%3A%5B%7B%22terms%22%3A%7B%22index.issn.exact%22%3A%5B%222317-9570%22%5D%7D%7D%2C%7B%22term%22%3A%7B%22_type%22%3A%22article%22%7D%7D%5D%7D%7D%2C%22query%22%3A%7B%22match_all%22%3A%7B%7D%7D%7D%7D%2C%22from%22%3A0%2C%22size%22%3A100%7D\" target=\"_blank\" rel=\"noopener noreferrer\">Revista de Filosofia Moderna e Contempor\u00e2nea<\/a><\/li>\n<li style=\"text-align: left;\"><a href=\"https:\/\/www.degruyter.com\/view\/j\/opth\" target=\"_blank\" rel=\"noopener noreferrer\">Open Theology<\/a><\/li>\n<li style=\"text-align: left;\"><a href=\"https:\/\/ejournals.bc.edu\/index.php\/scjr\" target=\"_blank\" rel=\"noopener noreferrer\">Studies in Christian-Jewish Relations<\/a><\/li>\n<\/ul>\n\n\n\n<hr class=\"wp-block-separator\"\/>\n\n\n\n<h2>Directory of Open Access Journals<\/h2>\n<h3><a href=\"https:\/\/doaj.org\/search?source=%7B%22query%22%3A%7B%22filtered%22%3A%7B%22filter%22%3A%7B%22bool%22%3A%7B%22must%22%3A%5B%7B%22term%22%3A%7B%22index.classification.exact%22%3A%22Philosophy.%20Psychology.%20Religion%22%7D%7D%5D%7D%7D%2C%22query%22%3A%7B%22match_all%22%3A%7B%7D%7D%7D%7D%7D\" target=\"_blank\" rel=\"noopener noreferrer\">Philosophy. Psychology. Religion<\/a>&nbsp;<\/h3>\n<ul>\n<li id=\"BH1-301\" class=\"jstree-node  jstree-leaf\" role=\"treeitem\" aria-selected=\"false\"><a class=\"jstree-anchor jstree-clicked\" href=\"https:\/\/doaj.org\/search?source=%7B%22query%22%3A%7B%22filtered%22%3A%7B%22query%22%3A%7B%22match_all%22%3A%7B%7D%7D%2C%22filter%22%3A%7B%22bool%22%3A%7B%22must%22%3A%5B%7B%22term%22%3A%7B%22index.classification.exact%22%3A%22Aesthetics%22%7D%7D%5D%7D%7D%7D%7D%7D\" target=\"_blank\" rel=\"noopener noreferrer\"><i class=\"jstree-icon jstree-themeicon\"><\/i>Aesthetics<\/a><\/li>\n<li id=\"BQ1-9800\" class=\"jstree-node  jstree-leaf\" role=\"treeitem\" aria-selected=\"false\"><i class=\"jstree-icon jstree-ocl\"><\/i><a class=\"jstree-anchor\" href=\"https:\/\/doaj.org\/search?source=%7B%22query%22%3A%7B%22filtered%22%3A%7B%22query%22%3A%7B%22match_all%22%3A%7B%7D%7D%2C%22filter%22%3A%7B%22bool%22%3A%7B%22must%22%3A%5B%7B%22term%22%3A%7B%22index.classification.exact%22%3A%22Buddhism%22%7D%7D%5D%7D%7D%7D%7D%7D\" target=\"_blank\" rel=\"noopener noreferrer\"><i class=\"jstree-icon jstree-themeicon\"><\/i>Buddhism<\/a><\/li>\n<li id=\"BX1-9999\" class=\"jstree-node  jstree-leaf\" role=\"treeitem\" aria-selected=\"false\"><i class=\"jstree-icon jstree-ocl\"><\/i><a class=\"jstree-anchor\" href=\"https:\/\/doaj.org\/search?source=%7B%22query%22%3A%7B%22filtered%22%3A%7B%22query%22%3A%7B%22match_all%22%3A%7B%7D%7D%2C%22filter%22%3A%7B%22bool%22%3A%7B%22must%22%3A%5B%7B%22term%22%3A%7B%22index.classification.exact%22%3A%22Christian%20Denominations%22%7D%7D%5D%7D%7D%7D%7D%7D\" target=\"_blank\" rel=\"noopener noreferrer\"><i class=\"jstree-icon jstree-themeicon\"><\/i>Christian Denominations<\/a><\/li>\n<li id=\"BR1-1725\" class=\"jstree-node  jstree-closed\" role=\"treeitem\" aria-expanded=\"false\" aria-selected=\"false\"><i class=\"jstree-icon jstree-ocl\"><\/i><a class=\"jstree-anchor\" href=\"https:\/\/doaj.org\/search?source=%7B%22query%22%3A%7B%22filtered%22%3A%7B%22query%22%3A%7B%22match_all%22%3A%7B%7D%7D%2C%22filter%22%3A%7B%22bool%22%3A%7B%22must%22%3A%5B%7B%22term%22%3A%7B%22index.classification.exact%22%3A%22Christianity%22%7D%7D%5D%7D%7D%7D%7D%7D\" target=\"_blank\" rel=\"noopener noreferrer\"><i class=\"jstree-icon jstree-themeicon\"><\/i>Christianity<\/a><\/li>\n<li id=\"BT10-1480\" class=\"jstree-node  jstree-closed\" role=\"treeitem\" aria-expanded=\"false\" aria-selected=\"false\"><i class=\"jstree-icon jstree-ocl\"><\/i><a class=\"jstree-anchor\" href=\"https:\/\/doaj.org\/search?source=%7B%22query%22%3A%7B%22filtered%22%3A%7B%22query%22%3A%7B%22match_all%22%3A%7B%7D%7D%2C%22filter%22%3A%7B%22bool%22%3A%7B%22must%22%3A%5B%7B%22term%22%3A%7B%22index.classification.exact%22%3A%22Doctrinal%20Theology%22%7D%7D%5D%7D%7D%7D%7D%7D\" target=\"_blank\" rel=\"noopener noreferrer\"><i class=\"jstree-icon jstree-themeicon\"><\/i>Doctrinal Theology<\/a><\/li>\n<li id=\"BJ1-1725\" class=\"jstree-node  jstree-closed\" role=\"treeitem\" aria-expanded=\"false\" aria-selected=\"false\"><i class=\"jstree-icon jstree-ocl\"><\/i><a class=\"jstree-anchor\" href=\"https:\/\/doaj.org\/search?source=%7B%22query%22%3A%7B%22filtered%22%3A%7B%22query%22%3A%7B%22match_all%22%3A%7B%7D%7D%2C%22filter%22%3A%7B%22bool%22%3A%7B%22must%22%3A%5B%7B%22term%22%3A%7B%22index.classification.exact%22%3A%22Ethics%22%7D%7D%5D%7D%7D%7D%7D%7D\" target=\"_blank\" rel=\"noopener noreferrer\"><i class=\"jstree-icon jstree-themeicon\"><\/i>Ethics<\/a><\/li>\n<li id=\"BP1-610\" class=\"jstree-node  jstree-closed\" role=\"treeitem\" aria-expanded=\"false\" aria-selected=\"false\"><i class=\"jstree-icon jstree-ocl\"><\/i><a class=\"jstree-anchor\" href=\"https:\/\/doaj.org\/search?source=%7B%22query%22%3A%7B%22filtered%22%3A%7B%22query%22%3A%7B%22match_all%22%3A%7B%7D%7D%2C%22filter%22%3A%7B%22bool%22%3A%7B%22must%22%3A%5B%7B%22term%22%3A%7B%22index.classification.exact%22%3A%22Islam.%20Bahai%20Faith.%20Theosophy%2C%20etc.%22%7D%7D%5D%7D%7D%7D%7D%7D\" target=\"_blank\" rel=\"noopener noreferrer\"><i class=\"jstree-icon jstree-themeicon\"><\/i>Islam. Bahai Faith. Theosophy, etc.<\/a><\/li>\n<li id=\"BM1-990\" class=\"jstree-node  jstree-leaf\" role=\"treeitem\" aria-selected=\"false\"><i class=\"jstree-icon jstree-ocl\"><\/i><a class=\"jstree-anchor\" href=\"https:\/\/doaj.org\/search?source=%7B%22query%22%3A%7B%22filtered%22%3A%7B%22query%22%3A%7B%22match_all%22%3A%7B%7D%7D%2C%22filter%22%3A%7B%22bool%22%3A%7B%22must%22%3A%5B%7B%22term%22%3A%7B%22index.classification.exact%22%3A%22Judaism%22%7D%7D%5D%7D%7D%7D%7D%7D\" target=\"_blank\" rel=\"noopener noreferrer\"><i class=\"jstree-icon jstree-themeicon\"><\/i>Judaism<\/a><\/li>\n<li id=\"BC1-199\" class=\"jstree-node  jstree-leaf\" role=\"treeitem\" aria-selected=\"false\"><i class=\"jstree-icon jstree-ocl\"><\/i><a class=\"jstree-anchor\" href=\"https:\/\/doaj.org\/search?source=%7B%22query%22%3A%7B%22filtered%22%3A%7B%22query%22%3A%7B%22match_all%22%3A%7B%7D%7D%2C%22filter%22%3A%7B%22bool%22%3A%7B%22must%22%3A%5B%7B%22term%22%3A%7B%22index.classification.exact%22%3A%22Logic%22%7D%7D%5D%7D%7D%7D%7D%7D\" target=\"_blank\" rel=\"noopener noreferrer\"><i class=\"jstree-icon jstree-themeicon\"><\/i>Logic<\/a><\/li>\n<li class=\"jstree-node  jstree-leaf\" role=\"treeitem\" aria-selected=\"false\"><a class=\"edges-bs3-refiningand-term-selector-value edges-bs3-refiningand-term-selector-value-subject\" href=\"https:\/\/doaj.org\/search?source=%7B%22query%22%3A%7B%22filtered%22%3A%7B%22query%22%3A%7B%22match_all%22%3A%7B%7D%7D%2C%22filter%22%3A%7B%22bool%22%3A%7B%22must%22%3A%5B%7B%22term%22%3A%7B%22index.classification.exact%22%3A%22Philosophy%20(General)%22%7D%7D%5D%7D%7D%7D%7D%7D\" target=\"_blank\" rel=\"noopener noreferrer\" data-key=\"Philosophy (General)\">Philosophy (General)<\/a><\/li>\n<li role=\"treeitem\" aria-selected=\"false\"><a class=\"jstree-anchor jstree-clicked\" href=\"https:\/\/doaj.org\/search?source=%7B%22query%22%3A%7B%22filtered%22%3A%7B%22query%22%3A%7B%22match_all%22%3A%7B%7D%7D%2C%22filter%22%3A%7B%22bool%22%3A%7B%22must%22%3A%5B%7B%22term%22%3A%7B%22index.classification.exact%22%3A%22Practical%20Theology%22%7D%7D%5D%7D%7D%7D%7D%7D\" target=\"_blank\" rel=\"noopener noreferrer\"><i class=\"jstree-icon jstree-themeicon\"><\/i>Practical Theology<\/a><\/li>\n<li role=\"treeitem\" aria-selected=\"false\"><a class=\"edges-bs3-refiningand-term-selector-value edges-bs3-refiningand-term-selector-value-subject\" href=\"https:\/\/doaj.org\/search?source=%7B%22query%22%3A%7B%22filtered%22%3A%7B%22query%22%3A%7B%22match_all%22%3A%7B%7D%7D%2C%22filter%22%3A%7B%22bool%22%3A%7B%22must%22%3A%5B%7B%22term%22%3A%7B%22index.classification.exact%22%3A%22Psychology%22%7D%7D%5D%7D%7D%7D%7D%7D\" target=\"_blank\" rel=\"noopener noreferrer\" data-key=\"Psychology\">Psychology<\/a><\/li>\n<li role=\"treeitem\" aria-selected=\"false\"><a class=\"edges-bs3-refiningand-term-selector-value edges-bs3-refiningand-term-selector-value-subject\" href=\"https:\/\/doaj.org\/search?source=%7B%22query%22%3A%7B%22filtered%22%3A%7B%22filter%22%3A%7B%22bool%22%3A%7B%22must%22%3A%5B%7B%22term%22%3A%7B%22index.classification.exact%22%3A%22Philosophy.%20Psychology.%20Religion%22%7D%7D%5D%7D%7D%2C%22query%22%3A%7B%22match_all%22%3A%7B%7D%7D%7D%7D%7D#\" target=\"_blank\" rel=\"noopener noreferrer\" data-key=\"Religion (General)\">Religion (General)<\/a><\/li>\n<li role=\"treeitem\" aria-selected=\"false\"><a class=\"edges-bs3-refiningand-term-selector-value edges-bs3-refiningand-term-selector-value-subject\" href=\"https:\/\/doaj.org\/search?source=%7B%22query%22%3A%7B%22filtered%22%3A%7B%22query%22%3A%7B%22match_all%22%3A%7B%7D%7D%2C%22filter%22%3A%7B%22bool%22%3A%7B%22must%22%3A%5B%7B%22term%22%3A%7B%22index.classification.exact%22%3A%22Religions.%20Mythology.%20Rationalism%22%7D%7D%5D%7D%7D%7D%7D%7D\" target=\"_blank\" rel=\"noopener noreferrer\" data-key=\"Religions. Mythology. Rationalism\">Religions. Mythology. Rationalism<\/a><\/li>\n<li role=\"treeitem\" aria-selected=\"false\"><a class=\"jstree-anchor\" href=\"https:\/\/doaj.org\/search?source=%7B%22query%22%3A%7B%22filtered%22%3A%7B%22query%22%3A%7B%22match_all%22%3A%7B%7D%7D%2C%22filter%22%3A%7B%22bool%22%3A%7B%22must%22%3A%5B%7B%22term%22%3A%7B%22index.classification.exact%22%3A%22Speculative%20philosophy%22%7D%7D%5D%7D%7D%7D%7D%7D\" target=\"_blank\" rel=\"noopener noreferrer\"><i class=\"jstree-icon jstree-themeicon\"><\/i>Speculative philosophy<\/a><\/li>\n<li role=\"treeitem\" aria-selected=\"false\"><a class=\"jstree-anchor jstree-hovered\" href=\"https:\/\/doaj.org\/search?source=%7B%22query%22%3A%7B%22filtered%22%3A%7B%22query%22%3A%7B%22match_all%22%3A%7B%7D%7D%2C%22filter%22%3A%7B%22bool%22%3A%7B%22must%22%3A%5B%7B%22term%22%3A%7B%22index.classification.exact%22%3A%22The%20Bible%22%7D%7D%5D%7D%7D%7D%7D%7D\" target=\"_blank\" rel=\"noopener noreferrer\">The Bible<\/a><\/li>\n<\/ul>\n\n\n\n<hr class=\"wp-block-separator\"\/>\n\n\n\n<h2>Directory of Open Access Books<\/h2>\n<ul>\n<li><a href=\"https:\/\/www.doabooks.org\/doab?func=subject&amp;cpId=15&amp;uiLanguage=en\" target=\"_blank\" rel=\"noopener noreferrer\">Philosophy<\/a><\/li>\n<li><a href=\"https:\/\/www.doabooks.org\/doab?func=subject&amp;cpId=16&amp;uiLanguage=en\" target=\"_blank\" rel=\"noopener noreferrer\">Religion<\/a><\/li>\n<\/ul>\n\n\n\n<hr class=\"wp-block-separator\"\/>\n\n\n\n<h2>Adatb\u00e1zis-szolg\u00e1ltat\u00f3k Open Access tartalmai<\/h2>\n\n\n\n<div class=\"wp-block-columns is-layout-flex wp-container-core-columns-layout-1 wp-block-columns-is-layout-flex\">\n<div class=\"wp-block-column is-layout-flow wp-block-column-is-layout-flow\">\n<p><a href=\"https:\/\/about.jstor.org\/oa-and-free\/\" target=\"_blank\" rel=\"noopener noreferrer\"><img loading=\"lazy\" decoding=\"async\" src=\"https:\/\/i1.wp.com\/minerva.mtak.hu\/wp-content\/uploads\/2020\/04\/JSTOR_logo.png?zoom=2&amp;resize=177%2C221\" alt=\"\" width=\"173\" height=\"215\"><\/a><\/p>\n\n\n\n<p><a href=\"https:\/\/www.degruyter.com\/browse?access_6=free&amp;access_7=open&amp;pageSize=10&amp;sort=datedescending&amp;t=TL&amp;t_0=PL\" target=\"_blank\" rel=\"noopener noreferrer\"><img decoding=\"async\" src=\"https:\/\/i0.wp.com\/minerva.mtak.hu\/wp-content\/uploads\/2020\/04\/de_gruyter_logo.jpg?w=300\" alt=\"\"><\/a><\/p>\n<\/div>\n\n\n\n<div class=\"wp-block-column is-layout-flow wp-block-column-is-layout-flow\">\n<p><a href=\"https:\/\/academic.oup.com\/journals\/search-results?fl_SiteID=5567&amp;access_free=true&amp;access_openaccess=true&amp;tax=AcademicSubjects%2fAHU02720&amp;qb=%7b%22q%22%3a%22%22%7d&amp;page=1\" target=\"_blank\" rel=\"noopener noreferrer\"><img decoding=\"async\" src=\"https:\/\/i1.wp.com\/minerva.mtak.hu\/wp-content\/uploads\/2020\/04\/OUP_logo.png?w=300\" alt=\"\" \/><\/a><\/p>\n\n\n<\/div>\n\n\n\n<div class=\"wp-block-column is-layout-flow wp-block-column-is-layout-flow\">\n<p><a href=\"https:\/\/www.cambridge.org\/core\/what-we-publish\/open-access\/listing?searchWithinIds=7275BA1E84CA769210167A6A66523B47\" target=\"_blank\" rel=\"noopener noreferrer\"><img decoding=\"async\" src=\"https:\/\/i1.wp.com\/minerva.mtak.hu\/wp-content\/uploads\/2020\/04\/CUP_logo.jpg?resize=300%2C300\" alt=\"\"><\/a><\/p>\n\n\n\n<figure style=\"width: 173px\" class=\"wp-caption aligncenter\"><a href=\"https:\/\/link.springer.com\/search?facet-discipline=%22Philosophy%22&amp;package=openaccess\" target=\"_blank\" rel=\"noopener noreferrer\"><img loading=\"lazy\" decoding=\"async\" src=\"https:\/\/i0.wp.com\/minerva.mtak.hu\/wp-content\/uploads\/2020\/04\/springer_logo.png?resize=173%2C173\" alt=\"\" width=\"173\" height=\"173\" \/><\/a><figcaption class=\"wp-caption-text\">SpringerLink<\/figcaption><\/figure>\n<\/div>\n<\/div>\n\n\n\n<hr class=\"wp-block-separator\"\/>\n","protected":false},"excerpt":{"rendered":"<p>Foly\u00f3iratok Open Philosophy Journal of Social Ontology Principia Revista de Filosofia Moderna e Contempor\u00e2nea Open Theology Studies in Christian-Jewish Relations&#8230;<\/p>\n","protected":false},"author":2,"featured_media":0,"parent":0,"menu_order":0,"comment_status":"closed","ping_status":"closed","template":"","meta":{"footnotes":""},"aioseo_notices":[],"jetpack_sharing_enabled":true,"jetpack_shortlink":"https:\/\/wp.me\/Pb70B2-dk","_links":{"self":[{"href":"https:\/\/minerva.mtak.hu\/index.php?rest_route=\/wp\/v2\/pages\/826"}],"collection":[{"href":"https:\/\/minerva.mtak.hu\/index.php?rest_route=\/wp\/v2\/pages"}],"about":[{"href":"https:\/\/minerva.mtak.hu\/index.php?rest_route=\/wp\/v2\/types\/page"}],"author":[{"embeddable":true,"href":"https:\/\/minerva.mtak.hu\/index.php?rest_route=\/wp\/v2\/users\/2"}],"replies":[{"embeddable":true,"href":"https:\/\/minerva.mtak.hu\/index.php?rest_route=%2Fwp%2Fv2%2Fcomments&post=826"}],"version-history":[{"count":20,"href":"https:\/\/minerva.mtak.hu\/index.php?rest_route=\/wp\/v2\/pages\/826\/revisions"}],"predecessor-version":[{"id":1404,"href":"https:\/\/minerva.mtak.hu\/index.php?rest_route=\/wp\/v2\/pages\/826\/revisions\/1404"}],"wp:attachment":[{"href":"https:\/\/minerva.mtak.hu\/index.php?rest_route=%2Fwp%2Fv2%2Fmedia&parent=826"}],"curies":[{"name":"wp","href":"https:\/\/api.w.org\/{rel}","templated":true}]}}