{"id":805,"date":"2019-11-13T18:45:21","date_gmt":"2019-11-13T17:45:21","guid":{"rendered":"http:\/\/minerva.mtak.hu\/?page_id=805"},"modified":"2019-11-13T18:45:23","modified_gmt":"2019-11-13T17:45:23","slug":"hova-forduljak-intezmenyek-7","status":"publish","type":"page","link":"https:\/\/minerva.mtak.hu\/?page_id=805","title":{"rendered":"Hov\u00e1 forduljak? \u2013 int\u00e9zm\u00e9nyek"},"content":{"rendered":"\n<h2>Int\u00e9zm\u00e9nyek, szakk\u00f6nyvt\u00e1rak, gy\u0171jtem\u00e9nyek<\/h2>\n<h3>Int\u00e9zetek<\/h3>\n<p><a href=\"https:\/\/fi.btk.mta.hu\/hu\/\" target=\"_blank\" rel=\"noopener noreferrer\">MTA BTK Filoz\u00f3fiai Int\u00e9zet<\/a><\/p>\n<p><a href=\"http:\/\/philosophy.elte.hu\/institute\/\" target=\"_blank\" rel=\"noopener noreferrer\">ELTE BTK Filoz\u00f3fiai Int\u00e9zet<\/a><\/p>\n<p><a href=\"http:\/\/www.arts.u-szeged.hu\/philo\/munkatarsak\" target=\"_blank\" rel=\"noopener noreferrer\">SZTE BTK Filoz\u00f3fia Tansz\u00e9k<\/a><\/p>\n<p><a href=\"http:\/\/filozofia.unideb.hu\/\" target=\"_blank\" rel=\"noopener noreferrer\">DE BTK Filoz\u00f3fiai Int\u00e9zet<\/a><\/p>\n<p><a href=\"https:\/\/btk.ppke.hu\/karunkrol\/intezetek-tanszekek\/kereszteny-filozofiai-intezet\" target=\"_blank\" rel=\"noopener noreferrer\">PPKE BTK Kereszt\u00e9ny Filoz\u00f3fiai Int\u00e9zet<\/a><\/p>\n<p><a href=\"https:\/\/htk.ppke.hu\/\" target=\"_blank\" rel=\"noopener noreferrer\">PPKE Hittudom\u00e1nyi Kar<\/a><\/p>\n<p><a href=\"http:\/\/www.kre.hu\/btk\/index.php\/2015-10-20-11-09-16\/2015-10-20-11-15-36\/muveszettudomanyi-es-szabadbolcseszeti-intezet.html\" target=\"_blank\" rel=\"noopener noreferrer\">KRE BTK M\u0171v\u00e9szettudom\u00e1nyi \u00e9s Szabadb\u00f6lcs\u00e9szeti Int\u00e9zet<\/a><\/p>\n<p><a href=\"https:\/\/htk.kre.hu\/\" target=\"_blank\" rel=\"noopener noreferrer\">KRE Hittudom\u00e1nyi Kar<\/a><\/p>\n<p><a href=\"https:\/\/www.sapientia.hu\/\" target=\"_blank\" rel=\"noopener noreferrer\">Sapientia Szerzetesi Hittudom\u00e1nyi F\u0151iskola<\/a><\/p>\n<p><a href=\"https:\/\/szentatanaz.hu\/\" target=\"_blank\" rel=\"noopener noreferrer\">Szent Atan\u00e1z G\u00f6r\u00f6gkatolikus Hittudom\u00e1ny F\u0151iskola<\/a><\/p>\n<p><a href=\"https:\/\/or-zse.hu\/\" target=\"_blank\" rel=\"noopener noreferrer\">Orsz\u00e1gos Rabbik\u00e9pz\u0151 &#8211; Zsid\u00f3 Egyetem<\/a><\/p>\n<p><a href=\"https:\/\/www.tkbf.hu\/\" target=\"_blank\" rel=\"noopener noreferrer\">A Tan Kapuja Buddhista F\u0151iskola<\/a><\/p>\n<h3>K\u00f6nyvt\u00e1rak<\/h3>\n<p><a href=\"https:\/\/www.konyvtar.elte.hu\/\" target=\"_blank\" rel=\"noopener noreferrer\">ELTE Egyetemi K\u00f6nyvt\u00e1r<\/a><\/p>\n<p><a href=\"https:\/\/konyvtar.mta.hu\/\" target=\"_blank\" rel=\"noopener noreferrer\">MTA KIK<\/a><\/p>\n<p><a href=\"https:\/\/library.ceu.edu\/\" target=\"_blank\" rel=\"noopener noreferrer\">CEU Library<\/a><\/p>\n","protected":false},"excerpt":{"rendered":"<p>Int\u00e9zm\u00e9nyek, szakk\u00f6nyvt\u00e1rak, gy\u0171jtem\u00e9nyek Int\u00e9zetek MTA BTK Filoz\u00f3fiai Int\u00e9zet ELTE BTK Filoz\u00f3fiai Int\u00e9zet SZTE BTK Filoz\u00f3fia Tansz\u00e9k DE BTK Filoz\u00f3fiai Int\u00e9zet&#8230;<\/p>\n","protected":false},"author":2,"featured_media":0,"parent":0,"menu_order":0,"comment_status":"closed","ping_status":"closed","template":"","meta":{"footnotes":""},"aioseo_notices":[],"jetpack_sharing_enabled":true,"jetpack_shortlink":"https:\/\/wp.me\/Pb70B2-cZ","_links":{"self":[{"href":"https:\/\/minerva.mtak.hu\/index.php?rest_route=\/wp\/v2\/pages\/805"}],"collection":[{"href":"https:\/\/minerva.mtak.hu\/index.php?rest_route=\/wp\/v2\/pages"}],"about":[{"href":"https:\/\/minerva.mtak.hu\/index.php?rest_route=\/wp\/v2\/types\/page"}],"author":[{"embeddable":true,"href":"https:\/\/minerva.mtak.hu\/index.php?rest_route=\/wp\/v2\/users\/2"}],"replies":[{"embeddable":true,"href":"https:\/\/minerva.mtak.hu\/index.php?rest_route=%2Fwp%2Fv2%2Fcomments&post=805"}],"version-history":[{"count":1,"href":"https:\/\/minerva.mtak.hu\/index.php?rest_route=\/wp\/v2\/pages\/805\/revisions"}],"predecessor-version":[{"id":806,"href":"https:\/\/minerva.mtak.hu\/index.php?rest_route=\/wp\/v2\/pages\/805\/revisions\/806"}],"wp:attachment":[{"href":"https:\/\/minerva.mtak.hu\/index.php?rest_route=%2Fwp%2Fv2%2Fmedia&parent=805"}],"curies":[{"name":"wp","href":"https:\/\/api.w.org\/{rel}","templated":true}]}}