{"id":795,"date":"2019-11-13T18:27:22","date_gmt":"2019-11-13T17:27:22","guid":{"rendered":"http:\/\/minerva.mtak.hu\/?page_id=795"},"modified":"2019-11-14T16:08:12","modified_gmt":"2019-11-14T15:08:12","slug":"hova-forduljak-intezmenyek-5","status":"publish","type":"page","link":"https:\/\/minerva.mtak.hu\/?page_id=795","title":{"rendered":"Hov\u00e1 forduljak? \u2013 int\u00e9zm\u00e9nyek"},"content":{"rendered":"\n<h2>Int\u00e9zm\u00e9nyek, szakk\u00f6nyvt\u00e1rak, gy\u0171jtem\u00e9nyek<\/h2>\n<h3>Int\u00e9zetek, tudom\u00e1nyos t\u00e1rsas\u00e1gok<\/h3>\n<p><a href=\"https:\/\/www.btk.elte.hu\/szervezetek\/49\/okortudomanyi-intezet\">ELTE BTK \u00d3kortudom\u00e1nyi Int\u00e9zet<\/a><\/p>\n<p><a href=\"https:\/\/www.btk.elte.hu\/szervezetek\/200\/okortorteneti-tanszek\">ELTE BTK \u00d3kort\u00f6rt\u00e9neti Tansz\u00e9k<\/a><\/p>\n<p><a href=\"https:\/\/tortenelem.unideb.hu\/hu\/node\/250\" target=\"_blank\" rel=\"noopener noreferrer\">DE BTK T\u00f6rt\u00e9nelmi Int\u00e9zet Klasszika-filol\u00f3giai \u00e9s \u00d3kort\u00f6rt\u00e9neti Tansz\u00e9k<\/a><\/p>\n<p><a href=\"http:\/\/www.kre.hu\/tortenelem\/index.php\/okortoerteneti-es-toerteneti-segedtudomanyi-tanszek\" target=\"_blank\" rel=\"noopener noreferrer\">KRE BTK \u00d3kort\u00f6rt\u00e9neti- \u00e9s T\u00f6rt\u00e9neti Seg\u00e9dtudom\u00e1nyi Tansz\u00e9k<\/a><\/p>\n<p><a href=\"https:\/\/btk.ppke.hu\/karunkrol\/intezetek-tanszekek\/klasszikus-es-ujlatin-nyelvek-intezete\/klasszika-filologia-tanszek\" target=\"_blank\" rel=\"noopener noreferrer\">PPKE BTK Klasszika-filol\u00f3gia Tansz\u00e9k<\/a><\/p>\n<p><a href=\"https:\/\/btk.ppke.hu\/karunkrol\/intezetek-tanszekek\/tortenettudomanyi-intezet\/okortorteneti-tanszek\" target=\"_blank\" rel=\"noopener noreferrer\">PPKE BTK \u00d3kort\u00f6rt\u00e9neti Tansz\u00e9k<\/a><\/p>\n<p><a href=\"https:\/\/btk.pte.hu\/szervezeti_egysegek\/okortorteneti_tanszek\" target=\"_blank\" rel=\"noopener noreferrer\">PTE BTK \u00d3kort\u00f6rt\u00e9neti Tansz\u00e9k<\/a><\/p>\n<p><a href=\"https:\/\/btk.pte.hu\/szervezeti_egysegek\/okori_gazdasagtorteneti_kutatokozpont\" target=\"_blank\" rel=\"noopener noreferrer\">PTE BTK \u00d3kori Gazdas\u00e1gt\u00f6rt\u00e9neti Kutat\u00f3csoport<\/a><\/p>\n<p><a href=\"https:\/\/okorszeged.wordpress.com\/\" target=\"_blank\" rel=\"noopener noreferrer\">SZTE BTK \u00d3kort\u00f6rt\u00e9neti Tansz\u00e9k<\/a><\/p>\n<p><a href=\"http:\/\/klasszika.hu\/\" target=\"_blank\" rel=\"noopener noreferrer\">SZTE BTK Klasszika-Filol\u00f3giai \u00e9s Neolatin Tansz\u00e9k<\/a><\/p>\n<p><a href=\"https:\/\/mki.gov.hu\/hu\/kutatas\/klasszika-filologiai-kutatokozpont\" target=\"_blank\" rel=\"noopener noreferrer\">Magyars\u00e1gkutat\u00f3 Int\u00e9zet Klasszika-filol\u00f3giai Kutat\u00f3k\u00f6zpont<\/a><\/p>\n<p><a href=\"https:\/\/mta.hu\/i-osztaly\/tudomanyos-bizottsagok-105502#klasszika-filologiai\" target=\"_blank\" rel=\"noopener noreferrer\">MTA Klasszika-filol\u00f3giai Tudom\u00e1nyos Bizotts\u00e1g<\/a><\/p>\n<p><a href=\"http:\/\/okortudomany.hu\/\" target=\"_blank\" rel=\"noopener noreferrer\">\u00d3kortudom\u00e1nyi T\u00e1rsas\u00e1g<\/a><\/p>\n<p><a href=\"http:\/\/www.mpt.org.hu\/index.aspx\" target=\"_blank\" rel=\"noopener noreferrer\">Magyar Patrisztikai T\u00e1rsas\u00e1g<\/a><\/p>\n<h3><i>K\u00f6nyvt\u00e1rak, m\u00fazeumok<\/i><\/h3>\n<p><a href=\"http:\/\/class-phil.elte.hu\/konyvtar\" target=\"_blank\" rel=\"noopener noreferrer\">ELTE BTK \u00d3kortudom\u00e1nyi Int\u00e9zet Harmatta J\u00e1nos K\u00f6nyvt\u00e1r<\/a><\/p>\n<p><a href=\"https:\/\/www.konyvtar.elte.hu\/\" target=\"_blank\" rel=\"noopener noreferrer\">ELTE Egyetemi K\u00f6nyvt\u00e1r<\/a><\/p>\n<p><a href=\"https:\/\/tortenelem.unideb.hu\/hu\/node\/257\" target=\"_blank\" rel=\"noopener noreferrer\">DE BTK T\u00f6rt\u00e9neti Int\u00e9zet K\u00f6nyvt\u00e1ra<\/a><\/p>\n<p><a href=\"https:\/\/lib.unideb.hu\/hu\" target=\"_blank\" rel=\"noopener noreferrer\">DE Egyetemi \u00e9s Nemzeti K\u00f6nyvt\u00e1r<\/a><\/p>\n<p><a href=\"https:\/\/library.ceu.edu\/\" target=\"_blank\" rel=\"noopener noreferrer\">CEU Library<\/a><\/p>\n<p><a href=\"http:\/\/www2.szepmuveszeti.hu\/antik_gyujtemeny\/\" target=\"_blank\" rel=\"noopener noreferrer\">Sz\u00e9pm\u0171v\u00e9szeti M\u00fazeum Antik Gy\u0171jtem\u00e9ny<\/a><\/p>\n<p><a href=\"http:\/\/www.aquincum.hu\/\" target=\"_blank\" rel=\"noopener noreferrer\">Aquincumi M\u00fazeum<\/a>\u00a0\u00a0\u00a0<\/p>\n","protected":false},"excerpt":{"rendered":"<p>Int\u00e9zm\u00e9nyek, szakk\u00f6nyvt\u00e1rak, gy\u0171jtem\u00e9nyek Int\u00e9zetek, tudom\u00e1nyos t\u00e1rsas\u00e1gok ELTE BTK \u00d3kortudom\u00e1nyi Int\u00e9zet ELTE BTK \u00d3kort\u00f6rt\u00e9neti Tansz\u00e9k DE BTK T\u00f6rt\u00e9nelmi Int\u00e9zet Klasszika-filol\u00f3giai \u00e9s&#8230;<\/p>\n","protected":false},"author":2,"featured_media":0,"parent":0,"menu_order":0,"comment_status":"closed","ping_status":"closed","template":"","meta":{"footnotes":""},"aioseo_notices":[],"jetpack_sharing_enabled":true,"jetpack_shortlink":"https:\/\/wp.me\/Pb70B2-cP","_links":{"self":[{"href":"https:\/\/minerva.mtak.hu\/index.php?rest_route=\/wp\/v2\/pages\/795"}],"collection":[{"href":"https:\/\/minerva.mtak.hu\/index.php?rest_route=\/wp\/v2\/pages"}],"about":[{"href":"https:\/\/minerva.mtak.hu\/index.php?rest_route=\/wp\/v2\/types\/page"}],"author":[{"embeddable":true,"href":"https:\/\/minerva.mtak.hu\/index.php?rest_route=\/wp\/v2\/users\/2"}],"replies":[{"embeddable":true,"href":"https:\/\/minerva.mtak.hu\/index.php?rest_route=%2Fwp%2Fv2%2Fcomments&post=795"}],"version-history":[{"count":3,"href":"https:\/\/minerva.mtak.hu\/index.php?rest_route=\/wp\/v2\/pages\/795\/revisions"}],"predecessor-version":[{"id":813,"href":"https:\/\/minerva.mtak.hu\/index.php?rest_route=\/wp\/v2\/pages\/795\/revisions\/813"}],"wp:attachment":[{"href":"https:\/\/minerva.mtak.hu\/index.php?rest_route=%2Fwp%2Fv2%2Fmedia&parent=795"}],"curies":[{"name":"wp","href":"https:\/\/api.w.org\/{rel}","templated":true}]}}