{"id":781,"date":"2019-11-13T17:30:43","date_gmt":"2019-11-13T16:30:43","guid":{"rendered":"http:\/\/minerva.mtak.hu\/?page_id=781"},"modified":"2019-11-13T18:14:06","modified_gmt":"2019-11-13T17:14:06","slug":"hova-forduljak-intezmenyek-2","status":"publish","type":"page","link":"https:\/\/minerva.mtak.hu\/?page_id=781","title":{"rendered":"Hov\u00e1 forduljak? \u2013 int\u00e9zm\u00e9nyek"},"content":{"rendered":"\n<h2>Int\u00e9zm\u00e9nyek, szakk\u00f6nyvt\u00e1rak, gy\u0171jtem\u00e9nyek<\/h2>\n<p><a href=\"http:\/\/www.nytud.hu\/\" target=\"_blank\" rel=\"noopener noreferrer\">MTA Nyelvtudom\u00e1nyi Int\u00e9zet<\/a><\/p>\n<p><a href=\"http:\/\/www.nytud.hu\/oszt\/konyvtar\/index.html\" target=\"_blank\" rel=\"noopener noreferrer\">MTA Nyelv\u00e9szeti Int\u00e9zet K\u00f6nyvt\u00e1ra<\/a><\/p>\n<p><a href=\"http:\/\/www.nytud.hu\/szakcsoport\/index.html\" target=\"_blank\" rel=\"noopener noreferrer\">Elm\u00e9leti Nyelv\u00e9szeti Int\u00e9zeti Tansz\u00e9k<\/a><\/p>\n<p><a href=\"https:\/\/konyvtar.elte.hu\/hu\/konyvtarak\/magyar-nyelvtudomanyi-es-finnugor-intezet-konyvtara-0\" target=\"_blank\" rel=\"noopener noreferrer\">Magyar Nyelvtudom\u00e1nyi \u00e9s Finnugor Int\u00e9zet K\u00f6nyvt\u00e1ra\u00a0<\/a><\/p>\n<p><a href=\"http:\/\/mnytud.arts.unideb.hu\/konyvtar.php\" target=\"_blank\" rel=\"noopener noreferrer\">Debreceni Egyetem Magyar Nyelvtudom\u00e1nyi Tansz\u00e9k<\/a><\/p>\n<p><a href=\"http:\/\/mnynk.unideb.hu\/index.php\" target=\"_blank\" rel=\"noopener noreferrer\">Magyar Nyelv- \u00e9s N\u00e9vt\u00f6rt\u00e9neti Kutat\u00f3csoport, MTA-Debreceni Egyetem<\/a><\/p>\n<p><a href=\"https:\/\/manysi.hu\/\" target=\"_blank\" rel=\"noopener noreferrer\">Magyars\u00e1gkutat\u00f3 Int\u00e9zet Magyar Nyelvi Kutat\u00f3k\u00f6zpont<\/a><\/p>\n","protected":false},"excerpt":{"rendered":"<p>Int\u00e9zm\u00e9nyek, szakk\u00f6nyvt\u00e1rak, gy\u0171jtem\u00e9nyek MTA Nyelvtudom\u00e1nyi Int\u00e9zet MTA Nyelv\u00e9szeti Int\u00e9zet K\u00f6nyvt\u00e1ra Elm\u00e9leti Nyelv\u00e9szeti Int\u00e9zeti Tansz\u00e9k Magyar Nyelvtudom\u00e1nyi \u00e9s Finnugor Int\u00e9zet K\u00f6nyvt\u00e1ra\u00a0&#8230;<\/p>\n","protected":false},"author":2,"featured_media":0,"parent":0,"menu_order":0,"comment_status":"closed","ping_status":"closed","template":"","meta":{"footnotes":""},"aioseo_notices":[],"jetpack_sharing_enabled":true,"jetpack_shortlink":"https:\/\/wp.me\/Pb70B2-cB","_links":{"self":[{"href":"https:\/\/minerva.mtak.hu\/index.php?rest_route=\/wp\/v2\/pages\/781"}],"collection":[{"href":"https:\/\/minerva.mtak.hu\/index.php?rest_route=\/wp\/v2\/pages"}],"about":[{"href":"https:\/\/minerva.mtak.hu\/index.php?rest_route=\/wp\/v2\/types\/page"}],"author":[{"embeddable":true,"href":"https:\/\/minerva.mtak.hu\/index.php?rest_route=\/wp\/v2\/users\/2"}],"replies":[{"embeddable":true,"href":"https:\/\/minerva.mtak.hu\/index.php?rest_route=%2Fwp%2Fv2%2Fcomments&post=781"}],"version-history":[{"count":2,"href":"https:\/\/minerva.mtak.hu\/index.php?rest_route=\/wp\/v2\/pages\/781\/revisions"}],"predecessor-version":[{"id":790,"href":"https:\/\/minerva.mtak.hu\/index.php?rest_route=\/wp\/v2\/pages\/781\/revisions\/790"}],"wp:attachment":[{"href":"https:\/\/minerva.mtak.hu\/index.php?rest_route=%2Fwp%2Fv2%2Fmedia&parent=781"}],"curies":[{"name":"wp","href":"https:\/\/api.w.org\/{rel}","templated":true}]}}