{"id":776,"date":"2019-11-13T17:16:56","date_gmt":"2019-11-13T16:16:56","guid":{"rendered":"http:\/\/minerva.mtak.hu\/?page_id=776"},"modified":"2019-11-13T19:28:19","modified_gmt":"2019-11-13T18:28:19","slug":"hova-forduljak-intezmenyek","status":"publish","type":"page","link":"https:\/\/minerva.mtak.hu\/?page_id=776","title":{"rendered":"Hov\u00e1 forduljak? &#8211; int\u00e9zm\u00e9nyek"},"content":{"rendered":"\n<h2>Int\u00e9zm\u00e9nyek, szakk\u00f6nyvt\u00e1rak, gy\u0171jtem\u00e9nyek<\/h2>\n<h3>Szakk\u00f6nyvt\u00e1rak, gy\u0171jtem\u00e9nyek<\/h3>\n<p><a href=\"https:\/\/eotvoskonyvtar.wordpress.com\/\" target=\"_blank\" rel=\"noopener noreferrer\">E\u00f6tv\u00f6s K\u00f6nyvt\u00e1r<\/a><em> (MTA ITI K\u00f6nyvt\u00e1ra)<\/em><\/p>\n<p>\u00a0\u00a0\u00a0\u00a0\u00a0\u00a0\u00a0\u00a0\u00a0 <a href=\"http:\/\/hunteka.titkarsag.mta.hu\/irodalomtudomanyi\/\" target=\"_blank\" rel=\"noopener noreferrer\">Online katal\u00f3gus<\/a><\/p>\n<p><a href=\"http:\/\/archivum.iti.mta.hu\/\" target=\"_blank\" rel=\"noopener noreferrer\">MTA ITI Arch\u00edvum<\/a><\/p>\n<h3>Int\u00e9zetek<\/h3>\n<p><a href=\"https:\/\/iti.btk.mta.hu\/hu\/\" target=\"_blank\" rel=\"noopener noreferrer\">Irodalomtudom\u00e1nyi Int\u00e9zet<\/a><\/p>\n<p>\u00a0<\/p>\n","protected":false},"excerpt":{"rendered":"<p>Int\u00e9zm\u00e9nyek, szakk\u00f6nyvt\u00e1rak, gy\u0171jtem\u00e9nyek Szakk\u00f6nyvt\u00e1rak, gy\u0171jtem\u00e9nyek E\u00f6tv\u00f6s K\u00f6nyvt\u00e1r (MTA ITI K\u00f6nyvt\u00e1ra) \u00a0\u00a0\u00a0\u00a0\u00a0\u00a0\u00a0\u00a0\u00a0 Online katal\u00f3gus MTA ITI Arch\u00edvum Int\u00e9zetek Irodalomtudom\u00e1nyi Int\u00e9zet \u00a0<\/p>\n","protected":false},"author":2,"featured_media":0,"parent":0,"menu_order":0,"comment_status":"closed","ping_status":"closed","template":"","meta":{"footnotes":""},"aioseo_notices":[],"jetpack_sharing_enabled":true,"jetpack_shortlink":"https:\/\/wp.me\/Pb70B2-cw","_links":{"self":[{"href":"https:\/\/minerva.mtak.hu\/index.php?rest_route=\/wp\/v2\/pages\/776"}],"collection":[{"href":"https:\/\/minerva.mtak.hu\/index.php?rest_route=\/wp\/v2\/pages"}],"about":[{"href":"https:\/\/minerva.mtak.hu\/index.php?rest_route=\/wp\/v2\/types\/page"}],"author":[{"embeddable":true,"href":"https:\/\/minerva.mtak.hu\/index.php?rest_route=\/wp\/v2\/users\/2"}],"replies":[{"embeddable":true,"href":"https:\/\/minerva.mtak.hu\/index.php?rest_route=%2Fwp%2Fv2%2Fcomments&post=776"}],"version-history":[{"count":3,"href":"https:\/\/minerva.mtak.hu\/index.php?rest_route=\/wp\/v2\/pages\/776\/revisions"}],"predecessor-version":[{"id":812,"href":"https:\/\/minerva.mtak.hu\/index.php?rest_route=\/wp\/v2\/pages\/776\/revisions\/812"}],"wp:attachment":[{"href":"https:\/\/minerva.mtak.hu\/index.php?rest_route=%2Fwp%2Fv2%2Fmedia&parent=776"}],"curies":[{"name":"wp","href":"https:\/\/api.w.org\/{rel}","templated":true}]}}