{"id":767,"date":"2019-11-13T17:01:19","date_gmt":"2019-11-13T16:01:19","guid":{"rendered":"http:\/\/minerva.mtak.hu\/?page_id=767"},"modified":"2019-11-13T17:01:21","modified_gmt":"2019-11-13T16:01:21","slug":"hogyan-hivatkozzak-klasszika-filologia","status":"publish","type":"page","link":"https:\/\/minerva.mtak.hu\/?page_id=767","title":{"rendered":"Hogyan hivatkozzak? &#8211; Klasszika-filol\u00f3gia"},"content":{"rendered":"\n<h3 id=\"top\" style=\"text-align: justify;\"><a href=\"#cel\">A hivatkoz\u00e1s c\u00e9lja<\/a><\/h3>\n<h3 style=\"text-align: justify;\"><a href=\"#alapelv\">Alapelvek<\/a><\/h3>\n<h3 style=\"text-align: justify;\"><a href=\"#alaptipus\">A hivatkoz\u00e1sok alapt\u00edpusai<\/a><\/h3>\n<h3 style=\"text-align: justify;\"><a href=\"#fajta\">A hivatkoz\u00e1sok fajt\u00e1i<\/a><\/h3>\n<h3 style=\"text-align: justify;\"><a href=\"#forma\">Formai k\u00f6vetelm\u00e9nyek<\/a><\/h3>\n<h3 style=\"text-align: justify;\"><a href=\"#adatelem\">Adatelemek<\/a><em> (offline \u00e9s online forr\u00e1sok)<\/em><\/h3>\n<h3 style=\"text-align: justify;\"><a href=\"#szoftver\">Bibliogr\u00e1fia-kezel\u0151 szoftverek<\/a><\/h3>\n<h3 style=\"text-align: justify;\"><a href=\"#pl\">N\u00e9h\u00e1ny magyar p\u00e9lda<\/a><\/h3>\n<hr \/>\n<h2 id=\"cel\" style=\"text-align: justify;\"><strong><em>A hivatkoz\u00e1s c\u00e9lja lehet:<\/em><\/strong><\/h2>\n<ul>\n<li>egy adott tudom\u00e1nyter\u00fclet eredm\u00e9nyeinek ismertet\u00e9se<\/li>\n<li>gondolataink al\u00e1t\u00e1maszt\u00e1sa, igazol\u00e1sa, m\u00e1sok gondolatainak b\u00edr\u00e1lata<\/li>\n<li>a m\u00e1shonnan \u00e1tvett sz\u00f6vegek, gondolatok, adatok elk\u00fcl\u00f6n\u00edt\u00e9se a saj\u00e1t sz\u00f6veg\u00fcnkt\u0151l<\/li>\n<li>a felhaszn\u00e1lt forr\u00e1sok visszakereshet\u0151v\u00e9 t\u00e9tele m\u00e1sok sz\u00e1m\u00e1ra is<\/li>\n<\/ul>\n<p><em>\u2026\u00e9s ha nem hivatkozunk<\/em>?<\/p>\n<p><img loading=\"lazy\" decoding=\"async\" class=\"aligncenter\" src=\"https:\/\/i0.wp.com\/minerva.mtak.hu\/wp-content\/uploads\/2019\/11\/PinClipart.com_caution-tape-clip-art_3239933.png?resize=446%2C263\" alt=\"This image has an empty alt attribute; its file name is PinClipart.com_caution-tape-clip-art_3239933-1024x603.png\" width=\"446\" height=\"263\" data-recalc-dims=\"1\" \/><\/p>\n<p><strong>PL\u00c1GIUM<\/strong>: m\u00e1sok eredeti m\u0171veinek, gondolatainak hivatkoz\u00e1s n\u00e9lk\u00fcli \u00e1tv\u00e9tele \u00e9s saj\u00e1t eredm\u00e9nyk\u00e9nt val\u00f3 felt\u00fcntet\u00e9se<\/p>\n<p>Azon t\u00fal, hogy a pl\u00e1gium etik\u00e1tlan elj\u00e1r\u00e1s, a b\u00edr\u00e1l\u00f3knak ma m\u00e1r sz\u00e1mos <strong>pl\u00e1giumkeres\u0151 szoftver<\/strong> seg\u00edt abban, hogy tetten \u00e9rj\u00e9k az elk\u00f6vet\u0151t.<\/p>\n<p><a href=\"#top\">^<\/a><\/p>\n<h2 id=\"alapelv\" style=\"text-align: justify;\"><strong><em>Alapelvek:<\/em><\/strong><\/h2>\n<ul>\n<li>a hivatkoz\u00e1s legyen egy\u00e9rtelm\u0171, a forr\u00e1s megb\u00edzhat\u00f3 \u00e9s pontos<\/li>\n<li>els\u0151dleges forr\u00e1sb\u00f3l dolgozzunk, ne vegy\u00fck \u00e1t m\u00e1sok hivatkoz\u00e1sait azok ellen\u0151rz\u00e9se n\u00e9lk\u00fcl<\/li>\n<li>a felhaszn\u00e1lt forr\u00e1sokr\u00f3l vezess\u00fcnk folyamatos \u00e9s pontos list\u00e1t \u2013 irodalomjegyz\u00e9k elk\u00e9sz\u00edt\u00e9s\u00e9n\u00e9l nagy seg\u00edts\u00e9g\u00fcnkre lesz<\/li>\n<\/ul>\n<p><a href=\"#top\">^<\/a><\/p>\n<h2 id=\"alaptipus\" style=\"text-align: justify;\"><strong><em>A hivatkoz\u00e1sok alapt\u00edpusai:<\/em><\/strong><\/h2>\n<ul>\n<li><em>parafr\u00e1zis<\/em> \u2013 tartalmi id\u00e9z\u00e9s, saj\u00e1t szavakkal t\u00f6rt\u00e9n\u0151 kifejt\u00e9s <em>(oldalsz\u00e1m megad\u00e1sa nem sz\u00fcks\u00e9ges)<\/em><\/li>\n<li><em>sz\u00f3szerinti id\u00e9z\u00e9s<\/em> <em>(oldalsz\u00e1m megad\u00e1sa sz\u00fcks\u00e9ges)<\/em><\/li>\n<li><em>k\u00f6zvetett<\/em> \u2013 m\u00e1s cikkb\u0151l, k\u00f6nyvb\u0151l vesz\u00fcnk \u00e1t eredeti k\u00f6zlem\u00e9nyt (<em>meg kell adnunk, ki, kit, melyik m\u0171v\u00e9ben id\u00e9z)<\/em><\/li>\n<\/ul>\n<p><strong><em><a href=\"#top\">^<\/a><\/em><\/strong><\/p>\n<h2 id=\"fajta\" style=\"text-align: justify;\"><strong><em>Hivatkoz\u00e1slist\u00e1k:<\/em><\/strong><\/h2>\n<p><strong>[szerz\u0151 neve szerinti ABC rendben, gyakran sorsz\u00e1mozva] <\/strong><\/p>\n<ul>\n<li style=\"text-align: justify;\"><strong>hivatkoz\u00e1sjegyz\u00e9k:<\/strong> azon m\u0171vek jegyz\u00e9ke, amire dolgozatban konkr\u00e9tan hivatkoztunk<\/li>\n<li style=\"text-align: justify;\"><strong>irodalomjegyz\u00e9k <em>(=felhaszn\u00e1lt irodalom)<\/em><\/strong>: minden, a t\u00e9m\u00e1hoz kapcsol\u00f3d\u00f3 felhaszn\u00e1lt szakirodalmat tartalmaz, ak\u00e1r t\u00f6rt\u00e9nt r\u00e1 hivatkoz\u00e1s, ak\u00e1r nem<\/li>\n<li style=\"text-align: justify;\"><strong>bibliogr\u00e1fia:<\/strong> rendszerezett, a t\u00e9ma szempontj\u00e1b\u00f3l relev\u00e1ns irodalom<\/li>\n<\/ul>\n<p><a href=\"#top\"><strong><em>^<\/em><\/strong><\/a><\/p>\n<h2 id=\"forma\" style=\"text-align: justify;\"><strong><em>Formai k\u00f6vetelm\u00e9nyek:<\/em><\/strong><\/h2>\n<p>\u00a0<\/p>\n<p><img loading=\"lazy\" decoding=\"async\" class=\"\" src=\"https:\/\/i0.wp.com\/minerva.mtak.hu\/wp-content\/uploads\/2019\/11\/attention-2.png?resize=100%2C95\" alt=\"This image has an empty alt attribute; its file name is attention-2.png\" width=\"100\" height=\"95\" data-recalc-dims=\"1\" \/><\/p>\n<h3><strong>FIGYELEM!<\/strong><\/h3>\n<p><strong>Int\u00e9zm\u00e9nyenk\u00e9nt, int\u00e9zetenk\u00e9nt, tansz\u00e9kenk\u00e9nt, s\u0151t, oktat\u00f3nk\u00e9nt elt\u00e9rhetnek a \u201eh\u00e1zi szabv\u00e1nyok\u201d!<\/strong><\/p>\n<h3><strong>Dolgozat\u00edr\u00e1sn\u00e1l, tanulm\u00e1ny k\u00e9sz\u00edt\u00e9s\u00e9n\u00e9l mindig a helyi hivatkoz\u00e1si rend k\u00f6vetend\u0151!<\/strong><\/h3>\n<p><a href=\"#top\">^<\/a><\/p>\n<h2 id=\"adatelem\" style=\"text-align: justify;\"><strong><em>Adatelemek:<\/em><\/strong><\/h2>\n<p>\u00c1ltal\u00e1nos szab\u00e1lyk\u00e9nt a hivatkoz\u00e1s sor\u00e1n a m\u0171 adatai a k\u00f6vetkez\u0151 sorrendben k\u00f6vetik egym\u00e1st (amennyiben a kiadv\u00e1nyon megtal\u00e1lhat\u00f3ak):<\/p>\n<p><strong>Nyomtatott <em>(vagy m\u00e1s, \u201efizikai\u201d hordoz\u00f3n megjelent [pl. CD, DVD])<\/em> dokumentumok:<\/strong><\/p>\n<ul>\n<li>szerz\u0151(k)<\/li>\n<li>kiad\u00e1si \u00e9v<\/li>\n<li>c\u00edm-alc\u00edm<\/li>\n<li>kiad\u00e1s (h\u00e1nyadik kiad\u00e1s, ill. milyen jelleg\u0171 kiad\u00e1s)<\/li>\n<li>k\u00f6tet<\/li>\n<li>kiad\u00e1si hely<\/li>\n<li>kiad\u00f3 vagy foly\u00f3irat c\u00edme<\/li>\n<li>oldalsz\u00e1m, terjedelem<\/li>\n<li>megjegyz\u00e9s<\/li>\n<li>ISBN vagy sorozatokn\u00e1l ISSN sz\u00e1m<\/li>\n<\/ul>\n<p><strong>Online forr\u00e1sok:<\/strong><\/p>\n<p><strong>a) online foly\u00f3irat, e-k\u00f6nyv<\/strong><\/p>\n<ul>\n<li>a dokumentum szerz\u0151je<\/li>\n<li>a dokumentum c\u00edme<\/li>\n<li>foly\u00f3irat c\u00edme<\/li>\n<li>adathordoz\u00f3 t\u00edpusa<\/li>\n<li>keltez\u00e9si\/sz\u00e1moz\u00e1si adatok<\/li>\n<li>a honlap el\u00e9r\u00e9si c\u00edme &lt;URL&gt;<\/li>\n<li>el\u00e9r\u00e9s d\u00e1tuma<\/li>\n<\/ul>\n<p><strong>b) egy\u00e9b online forr\u00e1s<\/strong><\/p>\n<ul>\n<li>a dokumentum szerz\u0151je<\/li>\n<li>a dokumentum c\u00edme<\/li>\n<li>a honlap c\u00edme<\/li>\n<li>publik\u00e1ci\u00f3 helye<\/li>\n<li>publik\u00e1ci\u00f3 d\u00e1tuma<\/li>\n<li>a honlap el\u00e9r\u00e9si c\u00edme &lt;URL&gt;<\/li>\n<li>el\u00e9r\u00e9s d\u00e1tuma<\/li>\n<\/ul>\n<p><strong><em><a href=\"#top\">^<\/a><\/em><\/strong><\/p>\n<h2 id=\"szoftver\" style=\"text-align: justify;\"><strong><em>Bibliogr\u00e1fia-kezel\u0151 szoftverek:<\/em><\/strong><\/h2>\n<p style=\"text-align: justify;\">A \u201ek\u00e9zi\u201d gy\u0171jt\u00f6get\u00e9sen \u00e9s szerkeszt\u00e9sen t\u00fal rendelkez\u00e9sre \u00e1llnak saj\u00e1t g\u00e9pre telep\u00edthet\u0151 vagy web alap\u00fa programok, amelyek megk\u00f6nny\u00edthetik a munk\u00e1nkat<\/p>\n<p style=\"text-align: justify;\">Pl.: Refworks, Endnote, Procite, ReferenceManager <em>(jellemz\u0151en egyetemi\/int\u00e9zm\u00e9nyi el\u0151fizet\u00e9s \u00fatj\u00e1n haszn\u00e1lhat\u00f3k); <\/em><a href=\"https:\/\/www.zotero.org\/download\/\" target=\"_blank\" rel=\"noopener noreferrer\">Zotero<\/a> <em>(ingyenes, a Windows oper\u00e1ci\u00f3s rendszerhez ill. a Mozilla Firefox b\u00f6ng\u00e9sz\u0151h\u00f6z kieg\u00e9sz\u00edt\u0151k\u00e9nt let\u00f6lthet\u0151)<\/em><\/p>\n<p style=\"text-align: justify;\">\u00cdme egy r\u00f6vid vide\u00f3, hogyan k\u00e9sz\u00edts\u00fcnk irodalomjegyz\u00e9ket Zoteroval:<\/p>\n<p style=\"text-align: justify;\">Sz\u00e1mos tudom\u00e1nyos adatb\u00e1zis, k\u00f6nyvt\u00e1ri katal\u00f3gus teszi lehet\u0151v\u00e9 cikkek, k\u00f6nyvek \u00e9s egy\u00e9b form\u00e1tum\u00fa dokumentumok (pl. vide\u00f3k, podcastok) bibliogr\u00e1fiai adatainak k\u00fcl\u00f6nb\u00f6z\u0151 form\u00e1tumban val\u00f3 m\u00e1sol\u00e1s\u00e1t, vagy egyenesen bibliogr\u00e1fia-kezel\u0151 szoftverbe val\u00f3 export\u00e1l\u00e1s\u00e1t.<\/p>\n<p><a href=\"#top\">^<\/a><\/p>\n","protected":false},"excerpt":{"rendered":"<p>A hivatkoz\u00e1s c\u00e9lja Alapelvek A hivatkoz\u00e1sok alapt\u00edpusai A hivatkoz\u00e1sok fajt\u00e1i Formai k\u00f6vetelm\u00e9nyek Adatelemek (offline \u00e9s online forr\u00e1sok) Bibliogr\u00e1fia-kezel\u0151 szoftverek N\u00e9h\u00e1ny&#8230;<\/p>\n","protected":false},"author":2,"featured_media":0,"parent":0,"menu_order":0,"comment_status":"closed","ping_status":"closed","template":"","meta":{"footnotes":""},"aioseo_notices":[],"jetpack_sharing_enabled":true,"jetpack_shortlink":"https:\/\/wp.me\/Pb70B2-cn","_links":{"self":[{"href":"https:\/\/minerva.mtak.hu\/index.php?rest_route=\/wp\/v2\/pages\/767"}],"collection":[{"href":"https:\/\/minerva.mtak.hu\/index.php?rest_route=\/wp\/v2\/pages"}],"about":[{"href":"https:\/\/minerva.mtak.hu\/index.php?rest_route=\/wp\/v2\/types\/page"}],"author":[{"embeddable":true,"href":"https:\/\/minerva.mtak.hu\/index.php?rest_route=\/wp\/v2\/users\/2"}],"replies":[{"embeddable":true,"href":"https:\/\/minerva.mtak.hu\/index.php?rest_route=%2Fwp%2Fv2%2Fcomments&post=767"}],"version-history":[{"count":1,"href":"https:\/\/minerva.mtak.hu\/index.php?rest_route=\/wp\/v2\/pages\/767\/revisions"}],"predecessor-version":[{"id":772,"href":"https:\/\/minerva.mtak.hu\/index.php?rest_route=\/wp\/v2\/pages\/767\/revisions\/772"}],"wp:attachment":[{"href":"https:\/\/minerva.mtak.hu\/index.php?rest_route=%2Fwp%2Fv2%2Fmedia&parent=767"}],"curies":[{"name":"wp","href":"https:\/\/api.w.org\/{rel}","templated":true}]}}