{"id":71,"date":"2016-10-14T14:28:19","date_gmt":"2016-10-14T12:28:19","guid":{"rendered":"https:\/\/konyvmento.wordpress.com\/?page_id=71"},"modified":"2023-05-20T23:42:35","modified_gmt":"2023-05-20T21:42:35","slug":"gyik-2","status":"publish","type":"page","link":"https:\/\/minerva.mtak.hu\/?page_id=71","title":{"rendered":"GYIK"},"content":{"rendered":"\n<h2 class=\"wp-block-heading\">K\u00e9rd\u00e9sek<\/h2>\n\n\n\n<ol>\n<li><a href=\"#1\"> Milyen okm\u00e1nyokra van sz\u00fcks\u00e9gem a beiratkoz\u00e1shoz?<\/a><\/li>\n\n\n\n<li><a href=\"#2\"> Milyen adatok szerepelnek az olvas\u00f3jegyemen?<\/a><\/li>\n\n\n\n<li><a href=\"#3\"> Ha nem szeretn\u00e9k \u00e1lland\u00f3 olvas\u00f3jegyet v\u00e1ltani, hogyan haszn\u00e1lhatom a k\u00f6nyvt\u00e1rat?<\/a><\/li>\n\n\n\n<li><a href=\"#4\"> A k\u00f6nyvt\u00e1r teljes \u00e1llom\u00e1ny\u00e1t megtal\u00e1lhatom az online katal\u00f3gusban?<\/a><\/li>\n\n\n\n<li><a href=\"#5\"> Mit \u00e9s hogyan tal\u00e1lok meg az olvas\u00f3terem szabadpolcos \u00e1llom\u00e1ny\u00e1ban?<\/a><\/li>\n\n\n\n<li><a href=\"#6\"> K\u00f6lcs\u00f6n\u00f6zhetek-e az MTA K\u00f6nyvt\u00e1r \u00e9s Inform\u00e1ci\u00f3s K\u00f6zpont gy\u0171jtem\u00e9ny\u00e9b\u0151l?<\/a><\/li>\n\n\n\n<li><a href=\"#7\"> Hogyan k\u00e9rhetek el\u0151jegyz\u00e9st egy k\u00f6lcs\u00f6n l\u00e9v\u0151 k\u00f6nyvre?<\/a><\/li>\n\n\n\n<li><a href=\"#8\"> Honnan tudhatom meg, hogy a keresett k\u00f6nyv vagy foly\u00f3irat k\u00fcls\u0151 vagy bels\u0151 rakt\u00e1rban van-e?<\/a><\/li>\n\n\n\n<li><a href=\"#9\"> Hogyan hosszabb\u00edthatom meg k\u00f6lcs\u00f6nz\u00e9seimet?<\/a><\/li>\n\n\n\n<li><a href=\"#10\"> Ha t\u00f6bbsz\u00f6r szeretn\u00e9m haszn\u00e1lni a rakt\u00e1rb\u00f3l k\u00e9rt dokumentumokat, f\u00e9lretehetem-e \u0151ket?<\/a><\/li>\n\n\n\n<li><a href=\"#11\"> Hogyan haszn\u00e1lhatom a k\u00f6nyvt\u00e1r sz\u00e1m\u00edt\u00f3g\u00e9peit?<\/a><\/li>\n\n\n\n<li><a href=\"#12\"> Haszn\u00e1lhatok-e saj\u00e1t laptopot?<\/a><\/li>\n\n\n\n<li><a href=\"#13\"> Haszn\u00e1lhatok-e saj\u00e1t adathordoz\u00f3t?<\/a><\/li>\n\n\n\n<li><a href=\"#14\"> Ha nem tal\u00e1lom a k\u00f6nyvt\u00e1rban, amit keresek, k\u00e9rhetek-e k\u00f6nyvt\u00e1rk\u00f6zi k\u00f6lcs\u00f6nz\u00e9st?<\/a><\/li>\n\n\n\n<li><a href=\"#15\"> Hogyan f\u00e9nym\u00e1solhatok a k\u00f6nyvt\u00e1rban?<\/a><\/li>\n\n\n\n<li><a href=\"#16\"> Mikor kapom meg a k\u00fcls\u0151 rakt\u00e1rb\u00f3l k\u00e9rt dokumentumokat?<\/a><\/li>\n\n\n\n<li><a href=\"#17\"> K\u00e9rhetem-e, hogy el\u0151k\u00e9sz\u00edts\u00e9k sz\u00e1momra a sz\u00fcks\u00e9ges k\u00f6nyveket, foly\u00f3iratokat?<\/a><\/li>\n\n\n\n<li><a href=\"#18\"> Van-e lehet\u0151s\u00e9g szkennel\u00e9sre?<\/a><\/li>\n\n\n\n<li><a href=\"#19\"> Hogyan \u00e9rtes\u00fclhetek a k\u00f6nyvt\u00e1r \u00faj szerzem\u00e9nyeir\u0151l?<\/a><\/li>\n\n\n\n<li><a href=\"#20\"> Hogyan iratkozhatok fel a k\u00f6nyvt\u00e1ri h\u00edrlev\u00e9lre?<\/a><\/li>\n\n\n\n<li><a href=\"#21\"> Milyen gyakoris\u00e1ggal kapok majd e-maileket, ha feliratkozom a h\u00edrlev\u00e9lre?<\/a><\/li>\n\n\n\n<li><a href=\"#22\"> Hogyan iratkozhatok le a k\u00f6nyvt\u00e1ri h\u00edrlev\u00e9lr\u0151l?<\/a><\/li>\n<\/ol>\n\n\n\n<h2 class=\"wp-block-heading\"><strong><em>V\u00e1laszok<\/em><\/strong><\/h2>\n\n\n\n<ol>\n<li><strong id=\"1\"><em> Milyen okm\u00e1nyokra van sz\u00fcks\u00e9gem a beiratkoz\u00e1shoz?<\/em><\/strong><\/li>\n<\/ol>\n\n\n\n<p>A k\u00f6nyvt\u00e1ri beiratkoz\u00e1shoz szem\u00e9lyi igazolv\u00e1ny\/di\u00e1kigazolv\u00e1ny\/\u00fatlev\u00e9l \u00e9s lakc\u00edmk\u00e1rtya sz\u00fcks\u00e9ges, tov\u00e1bb\u00e1:<\/p>\n\n\n\n<ul>\n<li>egyetemi\/f\u0151iskolai, valamint PhD k\u00e9pz\u00e9sben r\u00e9sztvev\u0151k eset\u00e9ben di\u00e1kigazolv\u00e1ny<\/li>\n\n\n\n<li>\u00e1ltal\u00e1nos \u00e9s k\u00f6z\u00e9piskolai tan\u00e1rokn\u00e1l pedag\u00f3gusigazolv\u00e1ny<\/li>\n\n\n\n<li>egyetemi oktat\u00f3k (fokozattal nem rendelkez\u0151) eset\u00e9ben hivatalos munk\u00e1ltat\u00f3i igazol\u00e1s<\/li>\n\n\n\n<li>PhD fokozattal rendelkez\u0151knek a fokozatot igazol\u00f3 okm\u00e1ny (m\u00e1solat)<\/li>\n<\/ul>\n\n\n\n<ol start=\"2\">\n<li><strong id=\"2\"><em> Milyen adatok szerepelnek az olvas\u00f3jegyemen?<\/em><\/strong><\/li>\n<\/ol>\n\n\n\n<p>N\u00e9v, k\u00f6nyvt\u00e1ri azonos\u00edt\u00f3 sz\u00e1m, vonalk\u00f3d. Az olvas\u00f3jegy \u00e9rv\u00e9nyess\u00e9ge nem szerepel a k\u00e1rty\u00e1n, ezt a katal\u00f3gusba bejelentkezve, az \u201eOlvas\u00f3jegyem\u201d mez\u0151ben lehet ellen\u0151rizni.<\/p>\n\n\n\n<ol start=\"3\">\n<li><strong id=\"3\"><em> Ha nem szeretn\u00e9k \u00e1lland\u00f3 olvas\u00f3jegyet v\u00e1ltani, hogyan haszn\u00e1lhatom a k\u00f6nyvt\u00e1rat?<\/em><\/strong><\/li>\n<\/ol>\n\n\n\n<p>Ideiglenes, vagy r\u00f6vid id\u0151re sz\u00f3l\u00f3 k\u00f6nyvt\u00e1rhaszn\u00e1lat eset\u00e9n az al\u00e1bbi lehet\u0151s\u00e9gek k\u00f6z\u00fcl lehet v\u00e1lasztani:<\/p>\n\n\n\n<ul>\n<li><strong>napijegy<\/strong>: adott napra sz\u00f3l\u00f3 olvas\u00f3jegy, mellyel haszn\u00e1lhat\u00f3k a k\u00f6nyvt\u00e1ri dokumentumok, valamint az elektronikus adatb\u00e1zisok \u00e9s a wifi h\u00e1l\u00f3zat.<\/li>\n\n\n\n<li><strong>5 alkalmas l\u00e1togat\u00f3jegy<\/strong>: f\u00e9l \u00e9ven bel\u00fcl felhaszn\u00e1lhat\u00f3 olvas\u00f3jegy, mely 5 alkalomra sz\u00f3l, a k\u00f6nyvt\u00e1ri dokumentumok, a wifi h\u00e1l\u00f3zat, valamint az elektronikus adatb\u00e1zisok haszn\u00e1lat\u00e1ra jogos\u00edt.<\/li>\n<\/ul>\n\n\n\n<ol start=\"4\">\n<li><strong id=\"4\"><em> A k\u00f6nyvt\u00e1r teljes \u00e1llom\u00e1ny\u00e1t megtal\u00e1lhatom az online katal\u00f3gusban?<\/em><\/strong><\/li>\n<\/ol>\n\n\n\n<p>Majdnem. A k\u00f6nyvt\u00e1r online katal\u00f3gusa teljes eg\u00e9sz\u00e9ben tartalmazza a t\u00f6rzsgy\u0171jtem\u00e9nybe tartoz\u00f3 foly\u00f3iratok adatait, \u00e9s a k\u00f6nyvek kb. 95%-\u00e1nak adatait. Az 1992 el\u0151tt megjelent kiadv\u00e1nyokat \u00e9rdemes a hagyom\u00e1nyos c\u00e9dulakatal\u00f3gusban is ellen\u0151rizni, ha online nem tal\u00e1ljuk. A K\u00e9ziratt\u00e1r \u00e9s R\u00e9gi K\u00f6nyvek Gy\u0171jtem\u00e9nye \u00e1llom\u00e1ny\u00e1ba tartoz\u00f3 dokumentumok online katal\u00f3gusa m\u00e9g nem teljes. Az Akad\u00e9miai Lev\u00e9lt\u00e1r fondjegyz\u00e9kei <a href=\"https:\/\/konyvtar.mta.hu\/index.php?name=v_2_3\" target=\"_blank\" rel=\"noopener noreferrer\">itt<\/a> \u00e9rhet\u0151k el.<\/p>\n\n\n\n<ol start=\"5\">\n<li><strong id=\"5\"><em> Mit \u00e9s hogyan tal\u00e1lok meg az olvas\u00f3termi polcokon?<\/em><\/strong><\/li>\n<\/ol>\n\n\n\n<p><strong>SEG\u00c9DK\u00d6NYVT\u00c1RI ANYAG<\/strong><\/p>\n\n\n\n<p>A k\u00fcl\u00f6nb\u00f6z\u0151 tudom\u00e1nyter\u00fcletek k\u00e9zik\u00f6nyvt\u00e1ri dokumentumait <em>(enciklop\u00e9di\u00e1k, lexikonok, monogr\u00e1fi\u00e1k, sz\u00f3t\u00e1rak)<\/em> az online katal\u00f3gusban a rakt\u00e1ri sz\u00e1m ut\u00e1n <strong>S<\/strong> <em>(seg\u00e9dk\u00f6nyvt\u00e1r)<\/em> bet\u0171 jel\u00f6li, a mellette tal\u00e1lhat\u00f3 szaksz\u00e1m pedig a tudom\u00e1nyter\u00fcletre utal. Az ilyen p\u00e9ld\u00e1nyok st\u00e1tusza \u201eseg\u00e9dk\u00f6nyvt\u00e1r\u201d, elhelyez\u00e9se \u201ereferensz\u201d. <strong>Ezek a k\u00f6tetek szabadon haszn\u00e1lhat\u00f3k az olvas\u00f3teremben, de nem k\u00f6lcs\u00f6n\u00f6zh<\/strong>et\u0151k.<\/p>\n\n\n\n<p><strong>SZABADPOLCOS K\u00d6NYVEK<\/strong><\/p>\n\n\n\n<p>Szakreferenseink rendszeresen v\u00e1logatnak az ut\u00f3bbi 5-10 \u00e9v szakirodalm\u00e1b\u00f3l, ezek a k\u00f6tetek tudom\u00e1nyter\u00fcletenk\u00e9nt csoportos\u00edtva tal\u00e1lhat\u00f3k az olvas\u00f3termi polcokon. Az online katal\u00f3gusban az elhelyez\u00e9s2 (rakt\u00e1ri jelzet2) mutatja a szabadpolcon elfoglalt helyet (pl. IROD820 T32 &#8211; az irodalomtudom\u00e1ny polc\u00e1n az angol irodalomn\u00e1l a T bet\u0171 alatti Cutter-sz\u00e1mn\u00e1l tal\u00e1ljuk a k\u00f6nyvet). Az ilyen p\u00e9ld\u00e1nyok st\u00e1tusza \u201eszabadpolcr\u00f3l k\u00f6lcs\u00f6n\u00f6zhet\u0151\u201d, elhelyez\u00e9se \u201eSzabadpolcon\u201d, <strong>az olvas\u00f3teremben szabadon haszn\u00e1lhat\u00f3k, k\u00f6lcs\u00f6nz\u0151jeggyel pedig haza is vihet\u0151k<\/strong>.<\/p>\n\n\n\n<p><strong>FOLY\u00d3IRATOK<\/strong><br>A foly\u00f3iratok eset\u00e9ben mindig csak az utols\u00f3 \u00e9vfolyam legut\u00f3bbi sz\u00e1mai tal\u00e1lhat\u00f3k a polcokon, a kor\u00e1bbi sz\u00e1mokat a rakt\u00e1rb\u00f3l kell kik\u00e9rni. Az online katal\u00f3gusban a p\u00e9ld\u00e1nyadatok <em>elhelyez\u00e9s<\/em> mez\u0151j\u00e9ben tal\u00e1lhat\u00f3 annak a szekr\u00e9nynek a sz\u00e1ma, amelyben az adott foly\u00f3irat friss sz\u00e1mait elhelyezt\u00fck. <\/p>\n\n\n\n<p>N\u00e9h\u00e1ny foly\u00f3irat teljes \u00e1llom\u00e1nya megtal\u00e1lhat\u00f3 az olvas\u00f3termi polcokon.<\/p>\n\n\n\n<ol start=\"6\">\n<li><strong id=\"6\"><em> K\u00f6lcs\u00f6n\u00f6zhetek-e az MTA K\u00f6nyvt\u00e1r \u00e9s Inform\u00e1ci\u00f3s K\u00f6zpont gy\u0171jtem\u00e9ny\u00e9b\u0151l?<\/em><\/strong><\/li>\n<\/ol>\n\n\n\n<p>Az MTA K\u00f6nyvt\u00e1r \u00e9s Inform\u00e1ci\u00f3s K\u00f6zpont jelleg\u00e9b\u0151l ad\u00f3d\u00f3an korl\u00e1tozottan k\u00f6lcs\u00f6nz\u0151 k\u00f6nyvt\u00e1r, a k\u00f6lcs\u00f6nz\u00e9sre jogosultak k\u00f6re a k\u00f6vetkez\u0151:<\/p>\n\n\n\n<ul>\n<li>az MTA rendes \u00e9s levelez\u0151 tagjai, illetve a Sz\u00e9chenyi Irodalmi \u00e9s M\u0171v\u00e9szeti Akad\u00e9mia tagjai<\/li>\n\n\n\n<li>a tudom\u00e1nyos min\u0151s\u00edt\u00e9ssel rendelkez\u0151k <em>(MTA doktora, kandid\u00e1tus, PhD, DLA, DSc fokozat)<\/em><\/li>\n\n\n\n<li>az ELKH int\u00e9zeti h\u00e1l\u00f3zat\u00e1nak kutat\u00f3i<\/li>\n\n\n\n<li>az egyetemek kinevezett oktat\u00f3i \u00e9s kutat\u00f3i <em>(fokozattal nem rendelkez\u0151k is)<\/em><\/li>\n\n\n\n<li>posztgradu\u00e1lis <em>(PhD)<\/em> k\u00e9pz\u00e9sre beiratkozott hallgat\u00f3k <em>(a doktori iskola igazol\u00e1s\u00e1val)<\/em><\/li>\n<\/ul>\n\n\n\n<ol start=\"7\">\n<li><strong id=\"7\"><em> Hogyan k\u00e9rhetek el\u0151jegyz\u00e9st egy k\u00f6lcs\u00f6n l\u00e9v\u0151 k\u00f6nyvre?<\/em><\/strong><\/li>\n<\/ol>\n\n\n\n<p>Amennyiben a keresett kiadv\u00e1ny k\u00f6lcs\u00f6n van, az Olvas\u00f3szolg\u00e1lat munkat\u00e1rsain\u00e1l k\u00e9rhet\u0151 el\u0151jegyz\u00e9s <em>(szem\u00e9lyesen, <\/em><a href=\"mailto:mtak@konyvtar.mta.hu\" target=\"_blank\" rel=\"noreferrer noopener\"><em>e-mailben<\/em><\/a><em> vagy telefonon)<\/em>, a k\u00f6tet be\u00e9rkez\u00e9s\u00e9r\u0151l elektronikus lev\u00e9lben adunk t\u00e1j\u00e9koztat\u00e1st.<\/p>\n\n\n\n<ol start=\"8\">\n<li><strong id=\"8\"><em> Honnan tudhatom meg, hogy a keresett k\u00f6nyv vagy foly\u00f3irat k\u00fcls\u0151 vagy bels\u0151 rakt\u00e1rban van-e?<\/em><\/strong><\/li>\n<\/ol>\n\n\n\n<p>Online katal\u00f3gusunkban a tal\u00e1lati list\u00e1ban a \u2018Hol van?\u2019 oszlopban t\u00fcntett\u00fck fel az egyes dokumentumok elhelyez\u00e9s\u00e9t (Bels\u0151 rakt\u00e1r, K\u00fcls\u0151 rakt\u00e1r, foly\u00f3iratokn\u00e1l olvas\u00f3termi szekr\u00e9ny sz\u00e1ma). Ezenk\u00edv\u00fcl a <a href=\"https:\/\/konyvtar.mta.hu\/index.php\" target=\"_blank\" rel=\"noopener noreferrer\">k\u00f6nyvt\u00e1r honlapj\u00e1n<\/a> a \u201eGy\u0171jtem\u00e9nyek\u201d men\u00fcpont alatt a \u201eT\u00f6rzsgy\u0171jtem\u00e9ny\u201d feliratra kattintva tal\u00e1lhat\u00f3 meg a rakt\u00e1ri sz\u00e1mok szerinti elhelyez\u00e9s <a href=\"https:\/\/konyvtar.mta.hu\/index.php?name=v_3_1\" target=\"_blank\" rel=\"noreferrer noopener\">\u00f6sszefoglal\u00f3 t\u00e1bl\u00e1zata<\/a>.<\/p>\n\n\n\n<ol start=\"9\">\n<li><strong id=\"9\"><em> Hogyan hosszabb\u00edthatom meg k\u00f6lcs\u00f6nz\u00e9seimet?<\/em><\/strong><\/li>\n<\/ol>\n\n\n\n<p>A k\u00f6lcs\u00f6nz\u00f6tt dokumentumokat a lej\u00e1rati hat\u00e1rid\u0151 el\u0151tt az online katal\u00f3gusban, az olvas\u00f3jeggyel bejelentkezve k\u00e9tszer lehet meghosszabb\u00edtani, 4 h\u00e9t id\u0151tartamra; enn\u00e9l t\u00f6bbsz\u00f6r \u2013 amennyiben nincs r\u00e1juk el\u0151jegyz\u00e9s \u2013 , telefonon, vagy<a href=\"mailto:mtak@konyvtar.mta.hu\" target=\"_blank\" rel=\"noopener noreferrer\"> e-mailben<\/a> k\u00e9rhet\u0151 hosszabb\u00edt\u00e1s.<\/p>\n\n\n\n<ol start=\"10\">\n<li><strong id=\"10\"><em> Ha t\u00f6bbsz\u00f6r szeretn\u00e9m haszn\u00e1lni a rakt\u00e1rb\u00f3l k\u00e9rt dokumentumokat, f\u00e9lretehetem-e \u0151ket?<\/em><\/strong><\/li>\n<\/ol>\n\n\n\n<p>A rakt\u00e1rb\u00f3l felk\u00e9rt dokumentumokat egy h\u00e9tig (mindig az utols\u00f3 haszn\u00e1latt\u00f3l sz\u00e1m\u00edtva) f\u00e9lre lehet tenni, az olvas\u00f3teremben erre a c\u00e9lra fenntartott polcokon, tov\u00e1bb\u00e1 a huzamosabb ideig haszn\u00e1lt k\u00f6nyveket, olvas\u00f3i szekr\u00e9nyekbe lehet elz\u00e1rni, melyek az Olvas\u00f3szolg\u00e1lat munkat\u00e1rsait\u00f3l ig\u00e9nyelhet\u0151k. A szekr\u00e9nyekben elhelyezett szem\u00e9lyes t\u00e1rgyak\u00e9rt, \u00e9rt\u00e9kek\u00e9rt felel\u0151ss\u00e9get v\u00e1llalni nem tudunk. <\/p>\n\n\n\n<ol start=\"11\">\n<li><strong id=\"11\"><em> Hogyan haszn\u00e1lhatom a k\u00f6nyvt\u00e1r sz\u00e1m\u00edt\u00f3g\u00e9peit?<\/em><\/strong><\/li>\n<\/ol>\n\n\n\n<p>\u00c9rv\u00e9nyes olvas\u00f3jeggyel b\u00e1rki haszn\u00e1lhatja a k\u00f6nyvt\u00e1rban elhelyezett nyilv\u00e1nos olvas\u00f3i sz\u00e1m\u00edt\u00f3g\u00e9peket \u00e9s a wifi h\u00e1l\u00f3zatot, ennek k\u00fcl\u00f6n d\u00edja nincs.<\/p>\n\n\n\n<ol start=\"12\">\n<li><strong id=\"12\"><em> Haszn\u00e1lhatok-e saj\u00e1t laptopot?<\/em><\/strong><\/li>\n<\/ol>\n\n\n\n<p>A k\u00f6nyvt\u00e1rban van lehet\u0151s\u00e9g saj\u00e1t laptop haszn\u00e1lat\u00e1ra, az olvas\u00f3i terekben a wifi kapcsolat biztos\u00edtott, a csatlakoz\u00e1shoz jelsz\u00f3t (havonta v\u00e1ltozik) a pultokn\u00e1l lehet k\u00e9rni, ill. a teremben kihelyezett plak\u00e1tokr\u00f3l lem\u00e1solni\/QR-k\u00f3ddal leolvasni . Mivel az \u00e1ramell\u00e1t\u00e1s az \u00fcl\u0151helyeknek csup\u00e1n egy r\u00e9sz\u00e9n megoldott, k\u00e9rj\u00fck, jelezz\u00e9k a helysz\u00e1m k\u00e9r\u00e9s\u00e9n\u00e9l, hogy csatlakoz\u00f3val ell\u00e1tott helyet k\u00e9rnek.<\/p>\n\n\n\n<ol start=\"13\">\n<li><strong id=\"13\"><em> Haszn\u00e1lhatok-e saj\u00e1t adathordoz\u00f3t?<\/em><\/strong><\/li>\n<\/ol>\n\n\n\n<p>Igen, az olvas\u00f3i PC-ken \u00e9s termin\u00e1lokon egyar\u00e1nt van lehet\u0151s\u00e9g pendrive csatlakoztat\u00e1s\u00e1ra. Telep\u00edt\u00e9st, vagy egy\u00e9b rendszergazdai enged\u00e9lyt ig\u00e9nyl\u0151 perif\u00e9ria nem csatlakoztathat\u00f3 a termin\u00e1lokhoz.<\/p>\n\n\n\n<ol start=\"14\">\n<li><strong id=\"14\"><em> Ha nem tal\u00e1lom a k\u00f6nyvt\u00e1rban, amit keresek, k\u00e9rhetek-e k\u00f6nyvt\u00e1rk\u00f6zi k\u00f6lcs\u00f6nz\u00e9st?<\/em><\/strong><\/li>\n<\/ol>\n\n\n\n<p>\u00c9rv\u00e9nyes, \u00e1lland\u00f3 olvas\u00f3jeggyel rendelkez\u0151 olvas\u00f3ink sz\u00e1m\u00e1ra k\u00f6nyvt\u00e1rk\u00f6zi k\u00f6lcs\u00f6nz\u00e9st biztos\u00edtunk, a belf\u00f6ldr\u0151l t\u00f6rt\u00e9n\u0151 k\u00e9r\u00e9s ingyenes, a k\u00fclf\u00f6ldr\u0151l k\u00e9rt k\u00f6nyvt\u00e1rk\u00f6zi szolg\u00e1ltat\u00e1s t\u00e9r\u00edt\u00e9ses <em>(\u00e9vente 3 k\u00f6nyv erej\u00e9ig a k\u00f6nyvt\u00e1r a d\u00edj 50%-\u00e1t \u00e1tv\u00e1llalja, m\u00e1solatok eset\u00e9ben a teljes \u00e1rat kell fizetni)<\/em>.<\/p>\n\n\n\n<ol start=\"15\">\n<li><strong id=\"15\"><em> Hogyan f\u00e9nym\u00e1solhatok a k\u00f6nyvt\u00e1rban?<\/em><\/strong><\/li>\n<\/ol>\n\n\n\n<p>Olvas\u00f3ink rendelkez\u00e9s\u00e9re felt\u00f6lthet\u0151 m\u00e1sol\u00f3k\u00e1rty\u00e1val m\u0171k\u00f6d\u0151 t\u00f6bbfunkci\u00f3s g\u00e9pek \u00e1llnak, melyekkel szkennelni (ingyenesen!) \u00e9s nyomtatni is lehet. M\u00e1sol\u00f3k\u00e1rty\u00e1t az olvas\u00f3szolg\u00e1lati pultn\u00e1l lehet v\u00e1ltani jelk\u00e9pes let\u00e9ti d\u00edj ellen\u00e9ben. A foly\u00f3irat-olvas\u00f3ban k\u00e1rtya n\u00e9lk\u00fcl haszn\u00e1lhat\u00f3 BookEye k\u00f6nyvszkenner is ingyenesen haszn\u00e1lhat\u00f3. <\/p>\n\n\n\n<p>Lehet\u0151s\u00e9g van tov\u00e1bb\u00e1 a m\u00e1solatok megrendel\u00e9s\u00e9re is, ilyenkor a m\u00e1sol\u00e1st\/szkennel\u00e9st az olvas\u00f3szolg\u00e1lat munkat\u00e1rsai v\u00e9gzik, az elk\u00e9sz\u00fclt m\u00e1solatok szint\u00e9n az olvas\u00f3termi pultn\u00e1l vehet\u0151k \u00e1t.<\/p>\n\n\n\n<p><a href=\"https:\/\/konyvtar.mta.hu\/index.php?name=h_2_1_6\" target=\"_blank\" rel=\"noopener noreferrer\">B\u0151vebben a szolg\u00e1ltat\u00e1sr\u00f3l + aktu\u00e1lis d\u00edjszab\u00e1s<\/a><\/p>\n\n\n\n<ol start=\"16\">\n<li><strong id=\"16\"><em> Mikor kapom meg a k\u00fcls\u0151 rakt\u00e1rb\u00f3l k\u00e9rt dokumentumokat?<\/em><\/strong><\/li>\n<\/ol>\n\n\n\n<p>A k\u00fcls\u0151 rakt\u00e1rb\u00f3l k\u00e9rt dokumentumok minden esetben a k\u00f6vetkez\u0151 munkanapon nyit\u00e1sra \u00e9rkeznek be. H\u00e9tf\u0151t\u0151l cs\u00fct\u00f6rt\u00f6kig a 19 \u00f3r\u00e1ig leadott k\u00e9r\u00e9seket tudjuk m\u00e1snapra behozatni, a cs\u00fct\u00f6rt\u00f6k 19 \u00f3ra ut\u00e1n leadott k\u00e9r\u00e9sek h\u00e9tf\u0151 reggelt\u0151l vehet\u0151k \u00e1t.<\/p>\n\n\n\n<ol start=\"17\">\n<li><strong id=\"17\"><em> K\u00e9rhetem-e, hogy el\u0151k\u00e9sz\u00edts\u00e9k sz\u00e1momra a sz\u00fcks\u00e9ges k\u00f6nyveket, foly\u00f3iratokat?<\/em><\/strong><\/li>\n<\/ol>\n\n\n\n<p>Term\u00e9szetesen m\u00f3d van arra, hogy olvas\u00f3ink el\u0151k\u00e9sz\u00edt\u00e9st k\u00e9rjenek, ezt ak\u00e1r online, ak\u00e1r <a href=\"mailto:mtak@konyvtar.mta.hu\" target=\"_blank\" rel=\"noopener\" title=\"\">e-mailben<\/a> vagy telefonon is megtehetik.<\/p>\n\n\n\n<div class=\"document-preparation\">\n<h2 style=\"padding-left: 60px;\">T\u00f6rzsgy\u0171jtem\u00e9ny<\/h2>\n<h3 style=\"padding-left: 90px;\">K\u00f6nyvek<\/h3>\n<p style=\"padding-left: 90px;\">Vonalk\u00f3dos olvas\u00f3jeggyel rendelkez\u0151 olvas\u00f3ink <a style=\"pointer-events: none;\" href=\"http:\/\/metak.mtak.hu\/\" target=\"_blank\" rel=\"noopener noreferrer\">METAKatal\u00f3gusunk<\/a> oldal\u00e1n vagy a <a class=\"md-primoExplore-theme\" style=\"pointer-events: none;\" href=\"http:\/\/opac.mtak.hu\/\" target=\"_blank\" rel=\"noopener noreferrer\">r\u00e9gi k\u00f6nyvt\u00e1ri katal\u00f3gusban<\/a>, bejelentkez\u00e9s \u00e9s keres\u00e9s ut\u00e1n ind\u00edthatj\u00e1k el a megtal\u00e1lt k\u00f6nyv azonnali rakt\u00e1ri k\u00e9r\u00e9s\u00e9t vagy el\u0151k\u00e9sz\u00edt\u00e9s\u00e9t.<\/p>\n<p style=\"padding-left: 90px;\">Vonalk\u00f3dos olvas\u00f3jeggyel m\u00e9g nem rendelkez\u0151 \u00e9s lej\u00e1rt olvas\u00f3jegy\u0171 olvas\u00f3ink a +36 1 411 6364 telefonsz\u00e1mon vagy <a style=\"pointer-events: none;\" href=\"mailto:mtak@konyvtar.mta.hu\" target=\"_blank\" rel=\"noopener\">emailen<\/a> k\u00e9rhetnek el\u0151k\u00e9sz\u00edt\u00e9st.<\/p>\n<h3 style=\"padding-left: 90px;\">Foly\u00f3iratok<\/h3>\n<p style=\"padding-left: 90px;\">T\u00f6rzsgy\u0171jtem\u00e9ny\u00fcnk foly\u00f3iratainak el\u0151k\u00e9sz\u00edt\u00e9s\u00e9t a +36 1 411 6363-as telefonsz\u00e1mon vagy\u00a0 <a style=\"pointer-events: none;\" href=\"mailto:folyoirat@konyvtar.mta.hu\" target=\"_blank\" rel=\"noopener\">emailen<\/a> k\u00e9rhetik.<\/p>\n<\/div>\n\n\n\n<h2 class=\"wp-block-heading\">Keleti Gy\u0171jtem\u00e9ny<\/h2>\n\n\n\n<p>A Keleti Gy\u0171jtem\u00e9ny dokumentumainak el\u0151k\u00e9sz\u00edt\u00e9s\u00e9t a +36 1 411 6100\/653-as telefonsz\u00e1mon vagy <a href=\"mailto:keleti@konyvtar.mta.hu\" target=\"_blank\" rel=\"noreferrer noopener\">emailen<\/a> k\u00e9rhetik.<\/p>\n\n\n\n<h2 class=\"wp-block-heading\">K\u00e9ziratt\u00e1r<\/h2>\n\n\n\n<p>A K\u00e9ziratt\u00e1r dokumentumainak el\u0151k\u00e9sz\u00edt\u00e9s\u00e9t a +36 1 411 6389-es telefonsz\u00e1mon vagy <a href=\"mailto:kezirattar@konyvtar.mta.hu\" target=\"_blank\" rel=\"noreferrer noopener\">emailen<\/a> k\u00e9rhetik.<\/p>\n\n\n\n<ol start=\"18\">\n<li><strong id=\"18\"><em> Van-e lehet\u0151s\u00e9g szkennel\u00e9sre?<\/em><\/strong><\/li>\n<\/ol>\n\n\n\n<p>Igen, az olvas\u00f3teremben elhelyezett k\u00e1rty\u00e1s m\u00e1sol\u00f3g\u00e9peken ingyenesen van lehet\u0151s\u00e9g a dokumentumok \u00f6nkiszolg\u00e1l\u00f3 szkennel\u00e9s\u00e9re, valamint a foly\u00f3iratt\u00e1rban k\u00e1rtya n\u00e9lk\u00fcl, ingyenesen&nbsp; haszn\u00e1lhat\u00f3 a BookEye k\u00e9sz\u00fcl\u00e9k. A foly\u00f3iratt\u00e1rban \u00e9s a k\u00f6nyves r\u00e9szlegen <a href=\"https:\/\/konyvtar.mta.hu\/index.php?name=h_1_3\" target=\"_blank\" rel=\"noopener noreferrer\">t\u00e9r\u00edt\u00e9s ellen\u00e9ben<\/a> rendelhet\u0151 is szkennel\u00e9s.<\/p>\n\n\n\n<ol start=\"19\">\n<li><strong id=\"19\"><em> Hogyan \u00e9rtes\u00fclhetek a k\u00f6nyvt\u00e1r \u00faj szerzem\u00e9nyeir\u0151l?<\/em><\/strong><\/li>\n<\/ol>\n\n\n\n<p>K\u00f6nyvt\u00e1runk <a href=\"https:\/\/hirlevel.mtak.hu\/category\/uj-beszerzesu-kulfoldi-konyvek\/\" target=\"_blank\" rel=\"noopener noreferrer\">\u00faj beszerz\u00e9s\u0171 k\u00fclf\u00f6ldi <\/a>\u00e9s <a href=\"https:\/\/hirlevel.mtak.hu\/category\/uj-beszerzesu-magyar-konyvek\/\" target=\"_blank\" rel=\"noreferrer noopener\">magyar nyelv\u0171 k\u00f6nyveir\u0151l<\/a>, h\u00edrlevel\u00fcnkre feliratkozva lehet leggyorsabban \u00e9rtes\u00fclni. Mindk\u00e9t v\u00e1logat\u00e1sban tudom\u00e1nyszakonk\u00e9nti bont\u00e1sban inform\u00e1l\u00f3dhatnak \u00e1llom\u00e1nyunk \u00faj k\u00f6teteir\u0151l. <a href=\"https:\/\/hirlevel.mtak.hu\/category\/uj-beszerzesu-kulfoldi-konyvek-a-keleti-gyujtemenyben\/\" target=\"_blank\" rel=\"noopener noreferrer\">Keleti Gy\u0171jtem\u00e9ny\u00fcnk id\u0151szakos \u00fajk\u00f6nyvlist\u00e1ja<\/a> szint\u00e9n mind a honlapon, mind <a href=\"https:\/\/hirlevel.mtak.hu\/\" target=\"_blank\" rel=\"noopener\" title=\"\">h\u00edrlevel\u00fcnkben<\/a> nyomon k\u00f6vethet\u0151.<\/p>\n\n\n\n<ol start=\"20\">\n<li><strong id=\"20\"><em> Hogyan iratkozhatok fel a k\u00f6nyvt\u00e1ri h\u00edrlev\u00e9lre?<\/em><\/strong><\/li>\n<\/ol>\n\n\n\n<p>Az MTA KIK H\u00edrlev\u00e9l a <a href=\"http:\/\/hirlevel.mtak.hu\" target=\"_blank\" rel=\"noopener noreferrer\">http:\/\/hirlevel.mtak.hu<\/a> oldalon \u00e9rhet\u0151 el. Elektronikus kiadv\u00e1nyunk rendszertelen id\u0151k\u00f6z\u00f6nk\u00e9nt t\u00e1j\u00e9koztat h\u00edreinkr\u0151l, rendezv\u00e9nyeinkr\u0151l, \u00faj beszerz\u00e9s\u0171 k\u00f6nyveinkr\u0151l.<\/p>\n\n\n\n<ul>\n<li><strong>Feliratkoz\u00e1s e-mailes h\u00edrlev\u00e9lre:<\/strong> A feliratkoz\u00e1s egyszer\u0171, a t\u00f6bbi weboldalon megszokott m\u00f3don t\u00f6rt\u00e9nik, egy-k\u00e9t percet vesz ig\u00e9nybe. <\/li>\n\n\n\n<li><strong>K\u00f6vet\u00e9s a Twitteren:<\/strong> Ha van m\u00e1r hozz\u00e1f\u00e9r\u00e9se, k\u00f6vetheti k\u00f6nyvt\u00e1runkat a <a href=\"https:\/\/twitter.com\/mtakonyvtar\" target=\"_blank\" rel=\"noopener noreferrer\">Twitteren<\/a> is, ahol a h\u00edrlev\u00e9l aktu\u00e1lis h\u00edre az online publik\u00e1l\u00e1st k\u00f6vet\u0151 percekben azonnal megjelenik.<\/li>\n\n\n\n<li><strong>K\u00f6vet\u00e9s a Facebookon:<\/strong> A Twitterhez hasonl\u00f3an <a href=\"https:\/\/www.facebook.com\/mtakonyvtar\/\" target=\"_blank\" rel=\"noopener noreferrer\">Facebook oldalunk<\/a> is azonnal k\u00f6zli h\u00edrlevel\u00fcnk aktu\u00e1lis k\u00f6zlem\u00e9nyeit.<\/li>\n<\/ul>\n\n\n\n<ol start=\"21\">\n<li><strong id=\"21\"><em> Milyen gyakoris\u00e1ggal kapok majd e-maileket, ha feliratkozom a h\u00edrlev\u00e9lre?<\/em><\/strong><\/li>\n<\/ol>\n\n\n\n<p>Nem kell tartania t\u0151le, hogy t\u00fal sok levelet kapna, mi val\u00f3ban csak akkor \u00fczen\u00fcnk, ha fontos inform\u00e1ci\u00f3t k\u00edv\u00e1nunk megosztani olvas\u00f3inkkal. Ha nem b\u00edzik ebben, saj\u00e1t kez\u0171leg is testre szabhatja, milyen rendszeress\u00e9ggel k\u00edv\u00e1n h\u00edrlevelet kapni. Feliratkoz\u00e1s ut\u00e1n mindenki be\u00e1ll\u00edthatja, hogy minden egyes h\u00edrr\u0151l k\u00fcl\u00f6n, azonnal k\u00edv\u00e1n \u00e9rtes\u00fclni <em>(immediate)<\/em>, vagy naponta reggel 6 \u00e9s 9 \u00f3ra k\u00f6z\u00f6tt szeretn\u00e9 megkapni az aktu\u00e1lis h\u00edreket <em>(daily)<\/em>, persze ez ut\u00f3bbival sem zaklatjuk majd minden nap, hisz nem friss\u00edtj\u00fck ilyen gyakran h\u00edreinket. Ak\u00e1r heti k\u00e9zbes\u00edt\u00e9st is k\u00e9rhet, ilyenkor fent a \u2018Settings\u2019 pontban m\u00e9g a napot is be\u00e1ll\u00edthatja, amikor a h\u00edrlevelet olvasni szeretn\u00e9.<\/p>\n\n\n\n<ol start=\"22\">\n<li><strong id=\"22\"><em> Hogyan iratkozhatok le a k\u00f6nyvt\u00e1ri h\u00edrlev\u00e9lr\u0151l?<\/em><\/strong><\/li>\n<\/ol>\n\n\n\n<p>Term\u00e9szetesen, ha szolg\u00e1ltat\u00e1sunk m\u00e9gsem felel meg az elv\u00e1r\u00e1sainak, b\u00e1rmikor leiratkozhat, minden egyes e-maiben kapott h\u00edrlev\u00e9l alj\u00e1n tal\u00e1l hivatkoz\u00e1st ehhez.<\/p>\n\n\n\n<p><\/p>\n","protected":false},"excerpt":{"rendered":"<p>K\u00e9rd\u00e9sek V\u00e1laszok A k\u00f6nyvt\u00e1ri beiratkoz\u00e1shoz szem\u00e9lyi igazolv\u00e1ny\/di\u00e1kigazolv\u00e1ny\/\u00fatlev\u00e9l \u00e9s lakc\u00edmk\u00e1rtya sz\u00fcks\u00e9ges, tov\u00e1bb\u00e1: N\u00e9v, k\u00f6nyvt\u00e1ri azonos\u00edt\u00f3 sz\u00e1m, vonalk\u00f3d. Az olvas\u00f3jegy \u00e9rv\u00e9nyess\u00e9ge nem&#8230;<\/p>\n","protected":false},"author":3,"featured_media":69,"parent":0,"menu_order":0,"comment_status":"closed","ping_status":"closed","template":"","meta":{"footnotes":""},"aioseo_notices":[],"jetpack_sharing_enabled":true,"jetpack_shortlink":"https:\/\/wp.me\/Pb70B2-19","_links":{"self":[{"href":"https:\/\/minerva.mtak.hu\/index.php?rest_route=\/wp\/v2\/pages\/71"}],"collection":[{"href":"https:\/\/minerva.mtak.hu\/index.php?rest_route=\/wp\/v2\/pages"}],"about":[{"href":"https:\/\/minerva.mtak.hu\/index.php?rest_route=\/wp\/v2\/types\/page"}],"author":[{"embeddable":true,"href":"https:\/\/minerva.mtak.hu\/index.php?rest_route=\/wp\/v2\/users\/3"}],"replies":[{"embeddable":true,"href":"https:\/\/minerva.mtak.hu\/index.php?rest_route=%2Fwp%2Fv2%2Fcomments&post=71"}],"version-history":[{"count":41,"href":"https:\/\/minerva.mtak.hu\/index.php?rest_route=\/wp\/v2\/pages\/71\/revisions"}],"predecessor-version":[{"id":1735,"href":"https:\/\/minerva.mtak.hu\/index.php?rest_route=\/wp\/v2\/pages\/71\/revisions\/1735"}],"wp:featuredmedia":[{"embeddable":true,"href":"https:\/\/minerva.mtak.hu\/index.php?rest_route=\/wp\/v2\/media\/69"}],"wp:attachment":[{"href":"https:\/\/minerva.mtak.hu\/index.php?rest_route=%2Fwp%2Fv2%2Fmedia&parent=71"}],"curies":[{"name":"wp","href":"https:\/\/api.w.org\/{rel}","templated":true}]}}