{"id":505,"date":"2018-10-01T14:06:34","date_gmt":"2018-10-01T12:06:34","guid":{"rendered":"http:\/\/minerva.mtak.hu\/?page_id=505"},"modified":"2019-11-07T18:27:32","modified_gmt":"2019-11-07T17:27:32","slug":"tudomanyos-linkgyujtemeny-klasszika-filologia","status":"publish","type":"page","link":"https:\/\/minerva.mtak.hu\/?page_id=505","title":{"rendered":"Tudom\u00e1nyos linkgy\u0171jtem\u00e9ny &#8211; klasszika-filol\u00f3gia"},"content":{"rendered":"<h2 id=\"top\" style=\"text-align: justify;\"><strong><em>\u00d6tletad\u00f3 oldalak a tudom\u00e1nyok vil\u00e1g\u00e1b\u00f3l<br \/>\n&#8211; szabad, szubjekt\u00edv v\u00e1logat\u00e1ssal<\/em><\/strong><\/h2>\n<hr \/>\n<h2>Szabadon hozz\u00e1f\u00e9rhet\u0151 \u00f3kortudom\u00e1nyi bibliogr\u00e1fi\u00e1k<\/h2>\n<p><a href=\"https:\/\/www.gbd.digital\" target=\"_blank\" rel=\"noopener noreferrer\">Gnomon Online<\/a><\/p>\n<p><a href=\"http:\/\/clph.elte.hu\/bisah\/\" target=\"_blank\" rel=\"noopener noreferrer\">A magyar \u00f3kortudom\u00e1ny bibliogr\u00e1fi\u00e1ja<\/a><\/p>\n<p><a href=\"https:\/\/www.kirke.hu-berlin.de\/ressourc\/ressourc.html\" target=\"_blank\" rel=\"noopener noreferrer\">KIRKE &#8211; Katalog der Internetressourcen f\u00fcr die Klassische Philologie<\/a><\/p>\n<p><a href=\"http:\/\/rzblx10.uni-regensburg.de\/dbinfo\/warpto.php?bib_id=ubko&amp;color=1&amp;titel_id=9877&amp;url=http%3A%2F%2Fwww.propylaeum.de%2Fmetaopac%2F\" target=\"_blank\" rel=\"noopener noreferrer\">PropylaeumSEARCH<\/a><\/p>\n<h2><b>Antik szerz\u0151k m\u0171vei teljes sz\u00f6veggel<\/b><\/h2>\n<p><a href=\"https:\/\/www.opengreekandlatin.org\/\" target=\"_blank\" rel=\"noopener noreferrer\">Open Greek &amp; Latin<\/a> &#8211; klasszikus g\u00f6r\u00f6g \u00e9s r\u00f3mai valamint \u00f3kereszt\u00e9ny szerz\u0151k m\u0171vei eredeti nyelven \u00e9s angol ford\u00edt\u00e1sban<\/p>\n<p><a href=\"https:\/\/latin.packhum.org\/\" target=\"_blank\" rel=\"noopener noreferrer\">Classical Latin Texts<\/a> &#8211; klasszikus latin sz\u00f6veggy\u0171jtem\u00e9ny<\/p>\n<p><a href=\"http:\/\/www.dfhg-project.org\/\" target=\"_blank\" rel=\"noopener noreferrer\">Digital Fragmenta Historicorum Graecorum <\/a>&#8211;\u00a0 a <a href=\"http:\/\/archive.org\/search.php?query=Fragmenta%20creator%3A%22Mueller%2C%20Karl%2C%20Historian%22\">Fragmenta Historicorum Graecorum<\/a> g\u00f6r\u00f6g t\u00f6rt\u00e9neti sz\u00f6veggy\u0171jtem\u00e9ny online v\u00e1ltozata<\/p>\n<p><a href=\"http:\/\/www.documentacatholicaomnia.eu\/25_10_10-_Ad_Omnia_Rerum_Conspectus.html\" target=\"_blank\" rel=\"noopener noreferrer\">Patrologia Latina<\/a> &#8211; Patrologiae Cursus Completus Series Latina ( Migne PL), az \u00f3kereszt\u00e9ny egyh\u00e1zaty\u00e1k latin nyelv\u0171 \u00edr\u00e1sai a III-XIII. sz\u00e1zadig<\/p>\n<p><a href=\"http:\/\/www.documentacatholicaomnia.eu\/25_20_25-_Rerum_Conspectus_Pro_Auctoribus_Ordinatus.html\" target=\"_blank\" rel=\"noopener noreferrer\">Patrologia Graeca<\/a> &#8211; Patrologiae Cursus Completus Series Graeca (PG, Migne), az \u00f3kereszt\u00e9ny egyh\u00e1zaty\u00e1k g\u00f6r\u00f6g nyelv\u0171 \u00edr\u00e1sai I-XV. sz\u00e1zadig<\/p>\n<p><a href=\"http:\/\/rzblx10.uni-regensburg.de\/dbinfo\/warpto.php?bib_id=ubko&amp;color=1&amp;titel_id=8713&amp;url=http%3A%2F%2Fwww.unifr.ch%2Fbkv%2Findex.htm\" target=\"_blank\" rel=\"noopener noreferrer\">Bibliothek der Kirchenv\u00e4ter<\/a> &#8211; Patrisztikus irodalom n\u00e9met ford\u00edt\u00e1sban<\/p>\n<p><a href=\"http:\/\/rzblx10.uni-regensburg.de\/dbinfo\/warpto.php?bib_id=ubko&amp;color=1&amp;titel_id=9939&amp;url=http%3A%2F%2Fcmg.bbaw.de%2Fepubl%2Fonline%2Feditionen.html\" target=\"_blank\" rel=\"noopener noreferrer\">Corpus Medicorum Graecorum \/ Latinorum<\/a> &#8211; \u00f3kori orvostudom\u00e1nyi sz\u00f6veggy\u0171jtem\u00e9ny<\/p>\n<h2><b>Online k\u00e9zik\u00f6nyvek<\/b><\/h2>\n<p><a href=\"http:\/\/mek.oszk.hu\/03400\/03410\/\" target=\"_blank\" rel=\"noopener noreferrer\">\u00d3kori lexikon<\/a><\/p>\n<p><a href=\"https:\/\/latin.oszk.hu\/cgi-bin3\/index.cgi?function=xml&amp;xmlID=cimlap\" target=\"_blank\" rel=\"noopener noreferrer\">Fin\u00e1ly Henrik: A latin nyelv sz\u00f3t\u00e1ra<\/a><\/p>\n<p><a href=\"http:\/\/stephanus.tlg.uci.edu\/lexica.php\" target=\"_blank\" rel=\"noopener noreferrer\">Thesaurus Linguae Graecae<\/a> &#8211; \u00f3g\u00f6r\u00f6g sz\u00f3t\u00e1rak, regisztr\u00e1ci\u00f3 ut\u00e1n szabadon haszn\u00e1lhat\u00f3ak<\/p>\n<p><a href=\"http:\/\/www.zeno.org\/Georges-1913\" target=\"_blank\" rel=\"noopener noreferrer\">Georges: Ausf\u00fchrliches lateinisch-deutsches Handw\u00f6rterbuch<\/a> &#8211; Karl Ernst Georges (1806\u20131895) latin-n\u00e9met sz\u00f3t\u00e1ra<\/p>\n<p><a href=\"http:\/\/rzblx10.uni-regensburg.de\/dbinfo\/warpto.php?bib_id=ubko&amp;color=1&amp;titel_id=10920&amp;url=http%3A%2F%2Fducange.enc.sorbonne.fr%2F\" target=\"_blank\" rel=\"noopener noreferrer\">Glossarium Mediae et Infimae Latinitatis<\/a> &#8211; Du Cange egynyelv\u0171 latin sz\u00f3t\u00e1r\u00e1nak digit\u00e1lis v\u00e1ltozata<\/p>\n<p><a href=\"http:\/\/www.limc-france.fr\/\" target=\"_blank\" rel=\"noopener noreferrer\">Lexicon Iconographicum Mythologiae Classicae<\/a> &#8211; mitol\u00f3gia az antik m\u0171v\u00e9szetben<\/p>\n<p><a href=\"http:\/\/rzblx10.uni-regensburg.de\/dbinfo\/warpto.php?bib_id=ubko&amp;color=1&amp;titel_id=8508&amp;url=http%3A%2F%2Fwww.theoi.com%2F\" target=\"_blank\" rel=\"noopener noreferrer\">Theoi Greek Mythology<\/a> &#8211; a g\u00f6r\u00f6g mitol\u00f3gia alakjai az antik irodalomban \u00e9s m\u0171v\u00e9szetben<\/p>\n<p><a href=\"http:\/\/www.roman-emperors.org\/\" target=\"_blank\" rel=\"noopener noreferrer\">De Imperatoribus Romanis<\/a> &#8211; a r\u00f3mai cs\u00e1sz\u00e1rok lexikona<\/p>\n<p><a href=\"https:\/\/www.ancient.eu\/index\/\" target=\"_blank\" rel=\"noopener noreferrer\">Ancient History Encyclopedia<\/a> &#8211; az \u00f3kori t\u00f6rt\u00e9nelem online enciklop\u00e9di\u00e1ja<\/p>\n<h2><b>Hasznos linkek, \u00e9rdekess\u00e9gek az \u00f3kortudom\u00e1ny vil\u00e1g\u00e1b\u00f3l<\/b><\/h2>\n<p><a href=\"http:\/\/okorportal.hu\" target=\"_blank\" rel=\"noopener noreferrer\">\u00d3korport\u00e1l <\/a>&#8211; h\u00edrek, cikkek a magyar \u00f3kortudom\u00e1ny vil\u00e1g\u00e1b\u00f3l<\/p>\n<p><a href=\"https:\/\/mult-kor.hu\/okor\" target=\"_blank\" rel=\"noopener noreferrer\">M\u00falt-kor t\u00f6rt\u00e9nelmi magazin<\/a> &#8211; \u00f3kori t\u00e9m\u00e1j\u00fa ismeretterjeszt\u0151 cikkek magyarul<\/p>\n<p><a href=\"http:\/\/www.rubicon.hu\/magyar\/cimkek_talalat\/okor\/\" target=\"_blank\" rel=\"noopener noreferrer\">RUBICONline<\/a> &#8211; A Rubicon t\u00f6rt\u00e9nelmi magazin online el\u00e9rhet\u0151 \u00f3kori t\u00e9m\u00e1j\u00fa cikkei<\/p>\n<p><a href=\"https:\/\/pleiades.stoa.org\/\" target=\"_blank\" rel=\"noopener noreferrer\">Pleiades<\/a> &#8211; interakt\u00edv \u00f3kori t\u00e9rk\u00e9pes keres\u0151<\/p>\n<p><a href=\"https:\/\/www.oeaw.ac.at\/kal\/agm\/\" target=\"_blank\" rel=\"noopener noreferrer\">Ancient Greek Music<\/a> &#8211; \u00f3kori g\u00f6r\u00f6g zene<\/p>\n<p><a href=\"https:\/\/rogueclassicism.com\/classical-podcastery\/\" target=\"_blank\" rel=\"noopener noreferrer\">Classical Podcastery<\/a> &#8211; klasszikus t\u00e9m\u00e1j\u00fa podcastok<\/p>\n<p><a href=\"http:\/\/www.apgrd.ox.ac.uk\/\" target=\"_blank\" rel=\"noopener noreferrer\">Archive of Performances of Greek and Roman Drama<\/a> &#8211; g\u00f6r\u00f6g \u00e9s r\u00f3mai dr\u00e1m\u00e1k mai sz\u00ednpadokon<\/p>\n<p><a href=\"http:\/\/ancientworldonline.blogspot.com\/2009\/09\/open-access-textbooks.html\" target=\"_blank\" rel=\"noopener noreferrer\">Open Access Ancient Language Textbooks, OERs, and Primers<\/a><b> &#8211; <\/b>szabad hozz\u00e1f\u00e9r\u00e9s\u0171 nyelvk\u00f6nyvek, tananyagok<\/p>\n<p><a href=\"http:\/\/rzblx10.uni-regensburg.de\/dbinfo\/warpto.php?bib_id=ubko&amp;color=1&amp;titel_id=100025&amp;url=http%3A%2F%2Fwww.mss.vatlib.it%2Fgui%2Fscan%2Flink.jsp\" target=\"_blank\" rel=\"noopener noreferrer\">Catalogo Manuscritti \/ Biblioteca Apostolica Vaticana<\/a> &#8211; a Vatik\u00e1ni M\u00fazeum digitaliz\u00e1lt k\u00e9ziratai<\/p>\n<p><a href=\"http:\/\/www.manuscripta-mediaevalia.de\/\" target=\"_blank\" rel=\"noopener noreferrer\">Manuscripta Mediaevalia<\/a> &#8211; nagy n\u00e9met k\u00f6nyvt\u00e1rak digitaliz\u00e1lt k\u00e9ziratgy\u0171jtem\u00e9nye<\/p>\n<p><a href=\"http:\/\/rzblx10.uni-regensburg.de\/dbinfo\/warpto.php?bib_id=ubko&amp;color=1&amp;titel_id=100472&amp;url=http%3A%2F%2Fwww.manuscripta.at\" target=\"_blank\" rel=\"noopener noreferrer\">Mittelalterliche Handschriften in \u00d6sterreich<\/a> &#8211; digitaliz\u00e1lt k\u00e9ziratok Ausztri\u00e1ban<\/p>\n<p><a href=\"http:\/\/rzblx10.uni-regensburg.de\/dbinfo\/warpto.php?bib_id=ubko&amp;color=1&amp;titel_id=6412&amp;url=http%3A%2F%2Fdroitromain.upmf-grenoble.fr%2F\" target=\"_blank\" rel=\"noopener noreferrer\">Roman Law Library<\/a> &#8211; r\u00f3mai jogi sz\u00f6veggy\u0171jtem\u00e9ny<\/p>\n<p><a href=\"http:\/\/rzblx10.uni-regensburg.de\/dbinfo\/warpto.php?bib_id=ubko&amp;color=1&amp;titel_id=6802&amp;url=http%3A%2F%2Fepigraphy.packhum.org%2Finscriptions%2F\" target=\"_blank\" rel=\"noopener noreferrer\">Searchable Greek Inscriptions<\/a> &#8211; g\u00f6r\u00f6g feliratok gy\u0171jtem\u00e9nye<\/p>\n<p><a href=\"http:\/\/rzblx10.uni-regensburg.de\/dbinfo\/warpto.php?bib_id=ubko&amp;color=1&amp;titel_id=7283&amp;url=http%3A%2F%2Frpc.ashmus.ox.ac.uk%2F\" target=\"_blank\" rel=\"noopener noreferrer\">Roman Provincial Coinage Online<\/a> &#8211; a r\u00f3mai provinci\u00e1k p\u00e9nz\u00e9rm\u00e9i<\/p>\n<p><a href=\"http:\/\/diotima\" target=\"_blank\" rel=\"noopener noreferrer\" data-wplink-url-error=\"true\">Diotima<\/a> &#8211; n\u0151k az antikvit\u00e1sban<\/p>\n<p><a href=\"https:\/\/latinszereto.blog.hu\/\" target=\"_blank\" rel=\"noopener noreferrer\">\u201cLatin szeret\u0151\u201d blog<\/a> &#8211; az SZTE BTK Klasszika-Filol\u00f3gia \u00e9s Neolatin Tansz\u00e9k\u00e9nek blogja<\/p>\n<p><a href=\"http:\/\/klasszika.hu\/wp-content\/uploads\/2017\/04\/Hogyan-%C3%ADrjunk-tudom%C3%A1nyos-dolgozatot.pdf\" target=\"_blank\" rel=\"noopener noreferrer\">Hogyan \u00edrjunk szakdolgozatot?<\/a> &#8211; az SZTE BTK Klasszika-Filol\u00f3gia \u00e9s Neolatin Tansz\u00e9k\u00e9nek tan\u00e1csai<\/p>\n","protected":false},"excerpt":{"rendered":"<p>\u00d6tletad\u00f3 oldalak a tudom\u00e1nyok vil\u00e1g\u00e1b\u00f3l &#8211; szabad, szubjekt\u00edv v\u00e1logat\u00e1ssal Szabadon hozz\u00e1f\u00e9rhet\u0151 \u00f3kortudom\u00e1nyi bibliogr\u00e1fi\u00e1k Gnomon Online A magyar \u00f3kortudom\u00e1ny bibliogr\u00e1fi\u00e1ja KIRKE&#8230;<\/p>\n","protected":false},"author":2,"featured_media":0,"parent":464,"menu_order":0,"comment_status":"closed","ping_status":"closed","template":"","meta":{"footnotes":""},"aioseo_notices":[],"jetpack_sharing_enabled":true,"jetpack_shortlink":"https:\/\/wp.me\/Pb70B2-89","_links":{"self":[{"href":"https:\/\/minerva.mtak.hu\/index.php?rest_route=\/wp\/v2\/pages\/505"}],"collection":[{"href":"https:\/\/minerva.mtak.hu\/index.php?rest_route=\/wp\/v2\/pages"}],"about":[{"href":"https:\/\/minerva.mtak.hu\/index.php?rest_route=\/wp\/v2\/types\/page"}],"author":[{"embeddable":true,"href":"https:\/\/minerva.mtak.hu\/index.php?rest_route=\/wp\/v2\/users\/2"}],"replies":[{"embeddable":true,"href":"https:\/\/minerva.mtak.hu\/index.php?rest_route=%2Fwp%2Fv2%2Fcomments&post=505"}],"version-history":[{"count":3,"href":"https:\/\/minerva.mtak.hu\/index.php?rest_route=\/wp\/v2\/pages\/505\/revisions"}],"predecessor-version":[{"id":717,"href":"https:\/\/minerva.mtak.hu\/index.php?rest_route=\/wp\/v2\/pages\/505\/revisions\/717"}],"up":[{"embeddable":true,"href":"https:\/\/minerva.mtak.hu\/index.php?rest_route=\/wp\/v2\/pages\/464"}],"wp:attachment":[{"href":"https:\/\/minerva.mtak.hu\/index.php?rest_route=%2Fwp%2Fv2%2Fmedia&parent=505"}],"curies":[{"name":"wp","href":"https:\/\/api.w.org\/{rel}","templated":true}]}}