{"id":479,"date":"2018-10-01T13:24:07","date_gmt":"2018-10-01T11:24:07","guid":{"rendered":"http:\/\/minerva.mtak.hu\/?page_id=479"},"modified":"2023-01-27T18:31:14","modified_gmt":"2023-01-27T17:31:14","slug":"tudomanyos-linkgyujtemeny-muveszetek","status":"publish","type":"page","link":"https:\/\/minerva.mtak.hu\/?page_id=479","title":{"rendered":"Tudom\u00e1nyos linkgy\u0171jtem\u00e9ny &#8211; m\u0171v\u00e9szetek"},"content":{"rendered":"<h2 id=\"top\" style=\"text-align: justify;\"><strong><em>\u00d6tletad\u00f3 oldalak a tudom\u00e1nyok vil\u00e1g\u00e1b\u00f3l<br \/>\n&#8211; szabad, szubjekt\u00edv v\u00e1logat\u00e1ssal<\/em><\/strong><\/h2>\n<hr \/>\n<p><a href=\"http:\/\/arthistoryresources.net\/ARTHLinks.html\" target=\"_blank\" rel=\"noopener noreferrer\">Art History Resources<\/a> \u2013 m\u0171v\u00e9szett\u00f6rt\u00e9neti adatb\u00e1zis \u2013 m\u0171v\u00e9szek, ir\u00e1nyzatok, \u00e9letrajzok, m\u0171vek<\/p>\n<p><a href=\"http:\/\/www.artcyclopedia.com\/\" target=\"_blank\" rel=\"noopener noreferrer\">Artcyclopedia<\/a> \u2013 angol nyelv\u0171 online m\u0171v\u00e9szeti lexikon<\/p>\n<p><a href=\"https:\/\/artportal.hu\/\" target=\"_blank\" rel=\"noopener noreferrer\">Artportal<\/a> \u2013 az egyik legnagyobb magyar m\u0171v\u00e9szeti adatb\u00e1zis \u2013 magyar \u00e9s k\u00fclf\u00f6ldi m\u0171v\u00e9szek \u00e9letrajza, m\u0171vei; fogalomt\u00e1r; m\u0171v\u00e9szett\u00f6rt\u00e9n\u00e9szek, m\u0171gy\u0171jt\u0151k; m\u0171v\u00e9szett\u00f6rt\u00e9net<\/p>\n<p><a href=\"http:\/\/www.bildindex.de\/\" target=\"_blank\" rel=\"noopener noreferrer\">Bildindex \u2013 Der Kunst und Architektur<\/a> \u00a0\u2013 n\u00e9met nyelv\u0171 m\u0171v\u00e9szeti oldal<\/p>\n<p><a href=\"https:\/\/www.europeana.eu\/portal\/hu\" target=\"_blank\" rel=\"noopener noreferrer\">Europeana<\/a> \u2013 az Eur\u00f3pai Uni\u00f3 multim\u00e9di\u00e1s digit\u00e1lis k\u00f6nyvt\u00e1ra<\/p>\n<p><a href=\"https:\/\/www.europeana.eu\/portal\/hu\/collections\/art\" target=\"_blank\" rel=\"noopener noreferrer\">Europeana Art<\/a><\/p>\n<p><a href=\"https:\/\/www.europeana.eu\/portal\/hu\/collections\/music\" target=\"_blank\" rel=\"noopener noreferrer\">Europeana Music<\/a><\/p>\n<p><a href=\"https:\/\/www.europeana.eu\/portal\/hu\/collections\/photography\" target=\"_blank\" rel=\"noopener noreferrer\">Europeana Photography<\/a><\/p>\n<p><a href=\"http:\/\/www.filmkultura.hu\/\" target=\"_blank\" rel=\"noopener noreferrer\">Filmkult\u00fara <\/a>\u2013 a Magyar Nemzeti Filmarch\u00edvum online<\/p>\n<p><a href=\"http:\/\/www.fortepan.hu\/\" target=\"_blank\" rel=\"noopener noreferrer\">Fortepan<\/a> \u2013 a legnagyobb, szabadon haszn\u00e1lhat\u00f3, magyar nyelv\u0171 online fot\u00f3arch\u00edvum<\/p>\n<p><a href=\"https:\/\/www.google.com\/culturalinstitute\/beta\/?hl=en\" target=\"_blank\" rel=\"noopener noreferrer\">Google Art Project<\/a><\/p>\n<p><a href=\"http:\/\/www.histoiredelart.net\/\" target=\"_blank\" rel=\"noopener noreferrer\">Histoire de l\u2019art <\/a>\u2013 francia nyelv\u0171 m\u0171v\u00e9szett\u00f6rt\u00e9neti oldal, k\u00fcl\u00f6n kort\u00e1rs m\u0171v\u00e9szeti oldal kapcsol\u00f3dik hozz\u00e1<\/p>\n<p><a href=\"https:\/\/hungaricana.hu\/hu\/adatbazisok\/kepcsarnok\/\" target=\"_blank\" rel=\"noopener noreferrer\">Hungaricana K\u00e9pcsarnok\u00a0<\/a><\/p>\n<p><a href=\"http:\/\/www.hung-art.hu\/\" target=\"_blank\" rel=\"noopener noreferrer\">K\u00e9pz\u0151m\u0171v\u00e9szet Magyarorsz\u00e1gon <\/a>\u2013 a rom\u00e1nkori kezdetekt\u0151l a XX. sz\u00e1zad k\u00f6zep\u00e9ig<\/p>\n<p><a href=\"http:\/\/www.hungarian-composers.com\/index.htm\" target=\"_blank\" rel=\"noopener noreferrer\">Magyar Zeneszerz\u0151k Oldala<\/a><\/p>\n<p><a href=\"http:\/\/www.muzeumdigitar.hu\/\" target=\"_blank\" rel=\"noopener noreferrer\">M\u00fazeumDigit\u00e1r<\/a> \u2013 m\u00fazeumi gy\u0171jtem\u00e9nykezel\u0151 \u00e9s publik\u00e1ci\u00f3s rendszer, k\u00f6z- \u00e9s mag\u00e1ngy\u0171jtem\u00e9nyek illetve m\u00fazeumok gy\u0171jtem\u00e9nyeit, t\u00e1rgyait mutatja be<\/p>\n<p><a href=\"http:\/\/www.storiadellarte.com\/\" target=\"_blank\" rel=\"noopener noreferrer\">Storia dell\u2019Arte<\/a> \u2013 az olasz m\u0171v\u00e9szet weboldala<\/p>\n<p><a href=\"http:\/\/www.wga.hu\/index1.html\" target=\"_blank\" rel=\"noopener noreferrer\">Web Gallery of Art<\/a> \u2013 az eur\u00f3pai fest\u00e9szet virtu\u00e1lis m\u00fazeuma<\/p>\n<p><a href=\"http:\/\/www.umich.edu\/~motherha\/\" target=\"_blank\" rel=\"noopener noreferrer\">Mother of All Art and Art history<\/a> &#8211; m\u0171v\u00e9szeti linkgy\u0171jtem\u00e9ny<\/p>\n","protected":false},"excerpt":{"rendered":"<p>\u00d6tletad\u00f3 oldalak a tudom\u00e1nyok vil\u00e1g\u00e1b\u00f3l &#8211; szabad, szubjekt\u00edv v\u00e1logat\u00e1ssal Art History Resources \u2013 m\u0171v\u00e9szett\u00f6rt\u00e9neti adatb\u00e1zis \u2013 m\u0171v\u00e9szek, ir\u00e1nyzatok, \u00e9letrajzok, m\u0171vek&#8230;<\/p>\n","protected":false},"author":2,"featured_media":0,"parent":464,"menu_order":0,"comment_status":"closed","ping_status":"closed","template":"","meta":{"footnotes":""},"aioseo_notices":[],"jetpack_sharing_enabled":true,"jetpack_shortlink":"https:\/\/wp.me\/Pb70B2-7J","_links":{"self":[{"href":"https:\/\/minerva.mtak.hu\/index.php?rest_route=\/wp\/v2\/pages\/479"}],"collection":[{"href":"https:\/\/minerva.mtak.hu\/index.php?rest_route=\/wp\/v2\/pages"}],"about":[{"href":"https:\/\/minerva.mtak.hu\/index.php?rest_route=\/wp\/v2\/types\/page"}],"author":[{"embeddable":true,"href":"https:\/\/minerva.mtak.hu\/index.php?rest_route=\/wp\/v2\/users\/2"}],"replies":[{"embeddable":true,"href":"https:\/\/minerva.mtak.hu\/index.php?rest_route=%2Fwp%2Fv2%2Fcomments&post=479"}],"version-history":[{"count":3,"href":"https:\/\/minerva.mtak.hu\/index.php?rest_route=\/wp\/v2\/pages\/479\/revisions"}],"predecessor-version":[{"id":1633,"href":"https:\/\/minerva.mtak.hu\/index.php?rest_route=\/wp\/v2\/pages\/479\/revisions\/1633"}],"up":[{"embeddable":true,"href":"https:\/\/minerva.mtak.hu\/index.php?rest_route=\/wp\/v2\/pages\/464"}],"wp:attachment":[{"href":"https:\/\/minerva.mtak.hu\/index.php?rest_route=%2Fwp%2Fv2%2Fmedia&parent=479"}],"curies":[{"name":"wp","href":"https:\/\/api.w.org\/{rel}","templated":true}]}}