{"id":473,"date":"2018-10-01T13:19:31","date_gmt":"2018-10-01T11:19:31","guid":{"rendered":"http:\/\/minerva.mtak.hu\/?page_id=473"},"modified":"2020-06-29T10:14:13","modified_gmt":"2020-06-29T08:14:13","slug":"tudomanyos-linkgyujtemeny-tortenettudomany","status":"publish","type":"page","link":"https:\/\/minerva.mtak.hu\/?page_id=473","title":{"rendered":"Tudom\u00e1nyos linkgy\u0171jtem\u00e9ny &#8211; t\u00f6rt\u00e9nettudom\u00e1ny"},"content":{"rendered":"<h2 id=\"top\" style=\"text-align: justify;\"><strong><em>\u00d6tletad\u00f3 oldalak a tudom\u00e1nyok vil\u00e1g\u00e1b\u00f3l<br \/>\n&#8211; szabad, szubjekt\u00edv v\u00e1logat\u00e1ssal<\/em><\/strong><\/h2>\n<h2 id=\"regesz\"><strong><em>T\u00f6rt\u00e9nettudom\u00e1ny<\/em><\/strong><\/h2>\n<p><a href=\"https:\/\/mek.oszk.hu\/html\/vgi\/kereses\/keresesuj.phtml?tip=temak&amp;fotema=tarsad\" target=\"_blank\" rel=\"noopener noreferrer\">Magyar Elektronikus K\u00f6nyvt\u00e1r \u2013 T\u00f6rt\u00e9nelem<\/a><\/p>\n<p><a href=\"https:\/\/www.eleveltar.hu\/\" target=\"_blank\" rel=\"noopener noreferrer\">Elektronikus Lev\u00e9lt\u00e1ri Port\u00e1l<\/a><\/p>\n<p><a href=\"https:\/\/dtt.ogyk.hu\/hu\/\" target=\"_blank\" rel=\"noopener noreferrer\">Digitaliz\u00e1lt T\u00f6rv\u00e9nyhoz\u00e1si Tud\u00e1st\u00e1r<\/a><\/p>\n<p><a href=\"https:\/\/library.hungaricana.hu\/hu\/collection\/orszaggyulesi_konyvtar_dtt\/\" target=\"_blank\" rel=\"noopener noreferrer\">Orsz\u00e1ggy\u0171l\u00e9si K\u00f6nyvt\u00e1r Magyar Parlamenti Gy\u0171jtem\u00e9nye<\/a><\/p>\n<p><a href=\"http:\/\/acta.bibl.u-szeged.hu\/\" target=\"_blank\" rel=\"noopener noreferrer\">SZTE egyetemi kiadv\u00e1nyok<\/a><\/p>\n<p><a href=\"http:\/\/misc.bibl.u-szeged.hu\/\" target=\"_blank\" rel=\"noopener noreferrer\">SZTE Miscellanea Digit\u00e1lis mindenes gy\u0171jtem\u00e9ny<\/a><\/p>\n<p><a href=\"https:\/\/net.jogtar.hu\/ezer-ev-torvenyei\" target=\"_blank\" rel=\"noopener noreferrer\">Ezer \u00e9v t\u00f6rv\u00e9nyei<\/a><\/p>\n<p><a href=\"http:\/\/www.archivnet.hu\/\" target=\"_blank\" rel=\"noopener noreferrer\">Arch\u00edvNET<\/a><\/p>\n<p><a href=\"http:\/\/ujkor.hu\/\" target=\"_blank\" rel=\"noopener noreferrer\">\u00dajkor.hu<\/a><\/p>\n<p><a href=\"https:\/\/www.ancient.eu\/index\/\" target=\"_blank\" rel=\"noopener noreferrer\">Ancient History Encyclopedia<\/a><\/p>\n<p><a href=\"http:\/\/patristica.net\/graeca\/\" target=\"_blank\" rel=\"noopener noreferrer\">Patrologia Graeca<\/a><\/p>\n<p><a href=\"http:\/\/patristica.net\/latina\/\" target=\"_blank\" rel=\"noopener noreferrer\">Patrologia Latina<\/a><\/p>\n<p><a href=\"https:\/\/oxfordre.com\/\">Oxford Research Encyclopedias<\/a> (<a href=\"https:\/\/oxfordre.com\/browse?siteToSearch=OREAMH\" target=\"_blank\" rel=\"noopener noreferrer\">American History<\/a>, <a href=\"https:\/\/oxfordre.com\/africanhistory\/\" target=\"_blank\" rel=\"noopener noreferrer\">African History<\/a>, <a href=\"https:\/\/oxfordre.com\/browse?siteToSearch=OREASH\" target=\"_blank\" rel=\"noopener noreferrer\">Asian History<\/a>, <a href=\"https:\/\/oxfordre.com\/browse?siteToSearch=ORELAH\" target=\"_blank\" rel=\"noopener noreferrer\">Latin American History<\/a>)<\/p>\n<p><a href=\"http:\/\/www.perseus.tufts.edu\/hopper\/collections\" target=\"_blank\" rel=\"noopener noreferrer\">Perseus Digital Library <\/a>&#8211; A g\u00f6r\u00f6g-r\u00f3mai vil\u00e1g\u00a0<em>(t\u00f6rt\u00e9nelem, irodalom, kult\u00fara)\u00a0<\/em>weboldala<\/p>\n<p><a href=\"https:\/\/www.britannica.com\/list\/browse\/history\" target=\"_blank\" rel=\"noopener noreferrer\">Encyclopaedia Britannica<\/a><\/p>\n<p><a href=\"http:\/\/www.mgh.de\/dmgh\/?L=3\" target=\"_blank\" rel=\"noopener noreferrer\">Monumenta Germaniae Historica<\/a><\/p>\n<p><a href=\"http:\/\/www.digitalhistory.uh.edu\/era.cfm?eraID=7&amp;smtID=3\" target=\"_blank\" rel=\"noopener noreferrer\">Digital History (Amerika t\u00f6rt\u00e9nete)<\/a><\/p>\n<p><a href=\"https:\/\/corvina.hu\/hu\/cimlap\/\" target=\"_blank\" rel=\"noopener noreferrer\">Bibliotheca Corvina Virtualis<\/a><\/p>\n<p><a href=\"https:\/\/filmhiradokonline.hu\/\" target=\"_blank\" rel=\"noopener noreferrer\">Filmh\u00edrad\u00f3k online<\/a><\/p>\n<p><a href=\"https:\/\/www.tudosportal.hu\/\" target=\"_blank\" rel=\"noopener noreferrer\">Tud\u00f3sport\u00e1l<\/a><\/p>\n<p><a href=\"http:\/\/www.hungarianarmedforces.com\/album\/\" target=\"_blank\" rel=\"noopener noreferrer\">Az els\u0151 vil\u00e1gh\u00e1bor\u00fa magyar h\u0151seinek albuma<\/a><\/p>\n<p><a href=\"http:\/\/gulag.hbml.hu\/adatbazisok\/hazatert-hadifoglyokrol-orszagos\/\" target=\"_blank\" rel=\"noopener noreferrer\">Hazat\u00e9rt hadifoglyok adatb\u00e1zisai (orsz\u00e1gos)<\/a><\/p>\n<p><a href=\"http:\/\/www.gulag.online\/?locale=hu\" target=\"_blank\" rel=\"noopener noreferrer\">Gulag Online &#8211; virtu\u00e1lis m\u00fazeum<\/a><\/p>\n<p><a href=\"http:\/\/www.historyworld.net\/\" target=\"_blank\" rel=\"noopener noreferrer\">History World \u2013 interakt\u00edv vil\u00e1gt\u00f6rt\u00e9nelmi oldal<\/a><\/p>\n<p><a href=\"http:\/\/www.huszadikszazad.hu\/\" target=\"_blank\" rel=\"noopener noreferrer\">Huszadik sz\u00e1zad.hu \u2013 hazai sajt\u00f3term\u00e9kekb\u0151l k\u00f6z\u00f6lt v\u00e1logat\u00e1sok<\/a><\/p>\n<p><a href=\"http:\/\/www.mek.iif.hu\/porta\/szint\/tarsad\/tortenel\/europa\/marcali\/html\/\" target=\"_blank\" rel=\"noopener noreferrer\">Marczali Henrik: Nagy k\u00e9pes vil\u00e1gt\u00f6rt\u00e9net<\/a><\/p>\n<p><a href=\"http:\/\/www.mult-kor.hu\/\" target=\"_blank\" rel=\"noopener noreferrer\">M\u00falt-kor t\u00f6rt\u00e9nelmi port\u00e1l<\/a><\/p>\n<p><a href=\"http:\/\/noverteka.v-comp.ch\/noverteka\/tallozas.htm\" target=\"_blank\" rel=\"noopener noreferrer\">N\u0151t\u00f6rt\u00e9net\u00a0<\/a><em>(a N\u0151v\u00e9rt\u00e9ka adatb\u00e1zis\u00e1ban)<\/em><\/p>\n<p><a href=\"http:\/\/spartacus-educational.com\/\" target=\"_blank\" rel=\"noopener noreferrer\">Spartacus Educational angolsz\u00e1sz t\u00f6rt\u00e9nelem \u00e9s vil\u00e1gt\u00f6rt\u00e9nelem<\/a><\/p>\n<p><a href=\"http:\/\/www.szazadok.hu\/\" target=\"_blank\" rel=\"noopener noreferrer\">Sz\u00e1zadok \u2013 a Magyar T\u00f6rt\u00e9nelmi T\u00e1rsulat K\u00f6zl\u00f6nye<\/a><\/p>\n<p><a href=\"http:\/\/www.bibl.u-szeged.hu\/bibl\/mil\/\" target=\"_blank\" rel=\"noopener noreferrer\">A Szegedi Egyetem K\u00f6nyvt\u00e1r\u00e1nak Hadt\u00f6rt\u00e9neti Gy\u0171jtem\u00e9nye<\/a><\/p>\n<h2><strong><em>R\u00e9g\u00e9szet<\/em><\/strong><\/h2>\n<p><a href=\"http:\/\/www.ace.hu\/am\/\" target=\"_blank\" rel=\"noopener noreferrer\">Archeometriai M\u0171hely<\/a><\/p>\n<p><a href=\"https:\/\/archeologia.hu\/\" target=\"_blank\" rel=\"noopener noreferrer\">Archeol\u00f3gia<\/a><\/p>\n<p><a href=\"http:\/\/regeszet.org.hu\/regeszeti-kezikonyv\/\" target=\"_blank\" rel=\"noopener noreferrer\">R\u00e9g\u00e9szeti k\u00e9zik\u00f6nyv<\/a><\/p>\n<p><a href=\"http:\/\/regeszet.org.hu\/magyar-regeszet-az-ezredfordulon\/\" target=\"_blank\" rel=\"noopener noreferrer\">Magyar r\u00e9g\u00e9szet az ezredfordul\u00f3n<\/a><\/p>\n<p><a href=\"https:\/\/www.world-archaeology.com\/category\/world-heritage-sites\/\" target=\"_blank\" rel=\"noopener noreferrer\">World Archeology<\/a><\/p>\n<p><a href=\"http:\/\/kronk.spb.ru\/\" target=\"_blank\" rel=\"noopener noreferrer\">Eur\u00e1zsia hegyi-sztyeppei \u00f6vezet\u00e9nek t\u00f6rt\u00e9nelme \u00e9s r\u00e9g\u00e9szete a k\u00e9s\u0151 \u00f3korban \u00e9s a kora k\u00f6z\u00e9pkorban <\/a>(orosz nyelv\u0171 oldal)<\/p>\n<p><a href=\"http:\/\/www.archaeology.ru\/p5\/t1531\/index.html\" target=\"_blank\" rel=\"noopener noreferrer\">R\u00e9g\u00e9szet <\/a>(orosz nyelv\u0171 oldal)<\/p>\n","protected":false},"excerpt":{"rendered":"<p>\u00d6tletad\u00f3 oldalak a tudom\u00e1nyok vil\u00e1g\u00e1b\u00f3l &#8211; szabad, szubjekt\u00edv v\u00e1logat\u00e1ssal T\u00f6rt\u00e9nettudom\u00e1ny Magyar Elektronikus K\u00f6nyvt\u00e1r \u2013 T\u00f6rt\u00e9nelem Elektronikus Lev\u00e9lt\u00e1ri Port\u00e1l Digitaliz\u00e1lt T\u00f6rv\u00e9nyhoz\u00e1si&#8230;<\/p>\n","protected":false},"author":2,"featured_media":0,"parent":464,"menu_order":0,"comment_status":"closed","ping_status":"closed","template":"","meta":{"footnotes":""},"aioseo_notices":[],"jetpack_sharing_enabled":true,"jetpack_shortlink":"https:\/\/wp.me\/Pb70B2-7D","_links":{"self":[{"href":"https:\/\/minerva.mtak.hu\/index.php?rest_route=\/wp\/v2\/pages\/473"}],"collection":[{"href":"https:\/\/minerva.mtak.hu\/index.php?rest_route=\/wp\/v2\/pages"}],"about":[{"href":"https:\/\/minerva.mtak.hu\/index.php?rest_route=\/wp\/v2\/types\/page"}],"author":[{"embeddable":true,"href":"https:\/\/minerva.mtak.hu\/index.php?rest_route=\/wp\/v2\/users\/2"}],"replies":[{"embeddable":true,"href":"https:\/\/minerva.mtak.hu\/index.php?rest_route=%2Fwp%2Fv2%2Fcomments&post=473"}],"version-history":[{"count":8,"href":"https:\/\/minerva.mtak.hu\/index.php?rest_route=\/wp\/v2\/pages\/473\/revisions"}],"predecessor-version":[{"id":1514,"href":"https:\/\/minerva.mtak.hu\/index.php?rest_route=\/wp\/v2\/pages\/473\/revisions\/1514"}],"up":[{"embeddable":true,"href":"https:\/\/minerva.mtak.hu\/index.php?rest_route=\/wp\/v2\/pages\/464"}],"wp:attachment":[{"href":"https:\/\/minerva.mtak.hu\/index.php?rest_route=%2Fwp%2Fv2%2Fmedia&parent=473"}],"curies":[{"name":"wp","href":"https:\/\/api.w.org\/{rel}","templated":true}]}}