{"id":471,"date":"2018-10-01T13:16:56","date_gmt":"2018-10-01T11:16:56","guid":{"rendered":"http:\/\/minerva.mtak.hu\/?page_id=471"},"modified":"2019-11-07T19:00:57","modified_gmt":"2019-11-07T18:00:57","slug":"tudomanyos-linkgyujtemeny-nyelvtudomany","status":"publish","type":"page","link":"https:\/\/minerva.mtak.hu\/?page_id=471","title":{"rendered":"Tudom\u00e1nyos linkgy\u0171jtem\u00e9ny &#8211; nyelvtudom\u00e1ny"},"content":{"rendered":"<h2 id=\"top\" style=\"text-align: justify;\"><strong><em>\u00d6tletad\u00f3 oldalak a tudom\u00e1nyok vil\u00e1g\u00e1b\u00f3l<br \/>\n&#8211; szabad, szubjekt\u00edv v\u00e1logat\u00e1ssal<\/em><\/strong><\/h2>\n<hr \/>\n<p><a href=\"https:\/\/new.linguistlist.org\/\" target=\"_blank\" rel=\"noopener noreferrer\">The LINGUIST List<\/a><\/p>\n<p><a href=\"http:\/\/www1.ids-mannheim.de\/service\/quellen\/biblio.html\" target=\"_blank\" rel=\"noopener noreferrer\">Bibliografien zur Linguistik\/Literaturlisten<\/a><\/p>\n<p><a href=\"https:\/\/nlp.stanford.edu\/links\/linguistics.html\" target=\"_blank\" rel=\"noopener noreferrer\">Linguistics, Natural Language, and Computational Linguistics Meta-index <\/a>(Stanford University)<\/p>\n<p><a href=\"https:\/\/www.ethnologue.com\/\" target=\"_blank\" rel=\"noopener noreferrer\">Ethnologue: Languages of the World<\/a><\/p>\n<p><a href=\"http:\/\/www2.let.uu.nl\/UiL-OTS\/Lexicon\/\" target=\"_blank\" rel=\"noopener noreferrer\">Lexicon of Linguistics<\/a><\/p>\n<p><a href=\"https:\/\/bop.unibe.ch\/linguistik-online\/\" target=\"_blank\" rel=\"noopener noreferrer\">Linguistik Online<\/a><\/p>\n<p><a href=\"http:\/\/www.c3.hu\/~nyelvor\/link.htm\" target=\"_blank\" rel=\"noopener noreferrer\">Magyar Nyelv\u0151r \u2013 nyelv\u00e9szet az interneten v\u00e1logat\u00e1s<\/a><\/p>\n<p><a href=\"http:\/\/mnytud.arts.unideb.hu\/mashely.htm\" target=\"_blank\" rel=\"noopener noreferrer\">Debreceni Egyetem \u2013 nyelv\u00e9szettel foglalkoz\u00f3 weboldalak list\u00e1ja<\/a><\/p>\n<p><a href=\"http:\/\/clara.nytud.hu\/mnsz2-dev\/bonito\/run.cgi\/first_form\" target=\"_blank\" rel=\"noopener noreferrer\">Magyar Nemzeti Sz\u00f6vegt\u00e1r\u00a0<\/a><\/p>\n<p><a href=\"http:\/\/www.mek.iif.hu\/porta\/szint\/tarsad\/nyelvtud\/\" target=\"_blank\" rel=\"noopener noreferrer\">Magyar Elektronikus K\u00f6nyvt\u00e1r \u2013 Nyelv\u00e9szet\u00a0<\/a><\/p>\n<p><a href=\"https:\/\/helyesiras.mta.hu\/helyesiras\/default\/index\" target=\"_blank\" rel=\"noopener noreferrer\">MTA helyes\u00edr\u00e1si tan\u00e1csad\u00f3 port\u00e1l<\/a><\/p>\n<p><a href=\"http:\/\/www.nytud.hu\/portal\/index.html\" target=\"_blank\" rel=\"noopener noreferrer\">Nyelv\u00e9szeti Port\u00e1l<\/a><\/p>\n<p><a href=\"http:\/\/mnytud.arts.klte.hu\/sznyta.htm\" target=\"_blank\" rel=\"noopener noreferrer\">Sz\u00e1m\u00edt\u00f3g\u00e9pes Nyelvt\u00f6rt\u00e9neti Adatt\u00e1r<\/a><\/p>\n","protected":false},"excerpt":{"rendered":"<p>\u00d6tletad\u00f3 oldalak a tudom\u00e1nyok vil\u00e1g\u00e1b\u00f3l &#8211; szabad, szubjekt\u00edv v\u00e1logat\u00e1ssal The LINGUIST List Bibliografien zur Linguistik\/Literaturlisten Linguistics, Natural Language, and Computational&#8230;<\/p>\n","protected":false},"author":2,"featured_media":0,"parent":464,"menu_order":0,"comment_status":"closed","ping_status":"closed","template":"","meta":{"footnotes":""},"aioseo_notices":[],"jetpack_sharing_enabled":true,"jetpack_shortlink":"https:\/\/wp.me\/Pb70B2-7B","_links":{"self":[{"href":"https:\/\/minerva.mtak.hu\/index.php?rest_route=\/wp\/v2\/pages\/471"}],"collection":[{"href":"https:\/\/minerva.mtak.hu\/index.php?rest_route=\/wp\/v2\/pages"}],"about":[{"href":"https:\/\/minerva.mtak.hu\/index.php?rest_route=\/wp\/v2\/types\/page"}],"author":[{"embeddable":true,"href":"https:\/\/minerva.mtak.hu\/index.php?rest_route=\/wp\/v2\/users\/2"}],"replies":[{"embeddable":true,"href":"https:\/\/minerva.mtak.hu\/index.php?rest_route=%2Fwp%2Fv2%2Fcomments&post=471"}],"version-history":[{"count":2,"href":"https:\/\/minerva.mtak.hu\/index.php?rest_route=\/wp\/v2\/pages\/471\/revisions"}],"predecessor-version":[{"id":723,"href":"https:\/\/minerva.mtak.hu\/index.php?rest_route=\/wp\/v2\/pages\/471\/revisions\/723"}],"up":[{"embeddable":true,"href":"https:\/\/minerva.mtak.hu\/index.php?rest_route=\/wp\/v2\/pages\/464"}],"wp:attachment":[{"href":"https:\/\/minerva.mtak.hu\/index.php?rest_route=%2Fwp%2Fv2%2Fmedia&parent=471"}],"curies":[{"name":"wp","href":"https:\/\/api.w.org\/{rel}","templated":true}]}}