{"id":464,"date":"2018-10-01T13:06:59","date_gmt":"2018-10-01T11:06:59","guid":{"rendered":"http:\/\/minerva.mtak.hu\/?page_id=464"},"modified":"2019-09-30T14:51:34","modified_gmt":"2019-09-30T12:51:34","slug":"tudomanyos-linkgyujtemeny","status":"publish","type":"page","link":"https:\/\/minerva.mtak.hu\/?page_id=464","title":{"rendered":"Tudom\u00e1nyos linkgy\u0171jtem\u00e9ny"},"content":{"rendered":"<h3 id=\"top\" style=\"text-align: justify;\"><strong><em>\u00d6tletad\u00f3 oldalak a tudom\u00e1nyok vil\u00e1g\u00e1b\u00f3l<br \/>\n&#8211; szabad, szubjekt\u00edv v\u00e1logat\u00e1ssal<\/em><\/strong><\/h3>\n<h3 style=\"text-align: left;\"><strong>\u00d6SSZEFOGLAL\u00d3 GY\u0170JTEM\u00c9NYEK<\/strong><\/h3>\n<ul style=\"text-align: center;\">\n<li style=\"text-align: left;\"><a href=\"http:\/\/doaj.org\/search?source=%7B%22query%22:%7B%22match_all%22:%7B%7D%7D%7D#.U8409EBkxqs\" target=\"_blank\" rel=\"noopener noreferrer\">Directory of Open Access Journals<\/a><\/li>\n<li style=\"text-align: left;\"><a href=\"http:\/\/infomine.ucr.edu\/\" target=\"_blank\" rel=\"noopener noreferrer\">Infomine<\/a> \u2013 Scholarly Internet Resource Collections<\/li>\n<li style=\"text-align: left;\"><a href=\"http:\/\/ipl.org\/\" target=\"_blank\" rel=\"noopener noreferrer\">IPL2<\/a> \u2013 Information you can trust<\/li>\n<li style=\"text-align: left;\"><a href=\"http:\/\/www.literatura.hu\/\" target=\"_blank\" rel=\"noopener noreferrer\">Literatura.hu<\/a> \u2013 kultur\u00e1lis port\u00e1l<\/li>\n<li style=\"text-align: left;\"><a href=\"http:\/\/oaikereso.sztaki.hu\/kereso\/index.php?type=1\" target=\"_blank\" rel=\"noopener noreferrer\">OJS <em> (Open Journal Systems)<\/em> k\u00f6z\u00f6s keres\u0151<\/a> &#8211; hazai digit\u00e1lis foly\u00f3iratokban teszi lehet\u0151v\u00e9 a k\u00f6z\u00f6s keres\u00e9st <em>(b\u00e9ta verzi\u00f3)<\/em><\/li>\n<li style=\"text-align: left;\"><a href=\"http:\/\/crl.du.ac.in\/Publication\/E-Resources%20in%20Public%20Domain-Final\/S-Gateways\/PINAKES,%20A%20Subject%20Launchpad.htm\" target=\"_blank\" rel=\"noopener noreferrer\">Pinakes<\/a> \u2013 A Subject Launchpad<\/li>\n<li style=\"text-align: left;\"><a href=\"http:\/\/oaikereso.sztaki.hu\/kereso\/index.php?type=0\" target=\"_blank\" rel=\"noopener noreferrer\">Repozit\u00f3riumi k\u00f6z\u00f6s keres\u0151<\/a> &#8211; hazai repozit\u00f3riumokban <em>(egyetemek, szakk\u00f6nyvt\u00e1rak tudom\u00e1nyos gy\u0171jtem\u00e9nyei)<\/em> teszi lehet\u0151v\u00e9 a k\u00f6z\u00f6s keres\u00e9st <em>(b\u00e9ta verzi\u00f3)<\/em><\/li>\n<li style=\"text-align: left;\"><a href=\"http:\/\/vos.ucsb.edu\/\" target=\"_blank\" rel=\"noopener noreferrer\">Voice of the Shuttle<\/a><\/li>\n<\/ul>\n<hr \/>\n<h3 style=\"text-align: center;\"><a href=\"http:\/\/minerva.mtak.hu\/?page_id=462\" target=\"_blank\" rel=\"noopener noreferrer\"><strong>FILOZ\u00d3FIA, VALL\u00c1STUDOM\u00c1NY<\/strong><\/a><\/h3>\n<h3 style=\"text-align: center;\"><a href=\"http:\/\/minerva.mtak.hu\/?page_id=505\" target=\"_blank\" rel=\"noopener noreferrer\"><strong>KLASSZIKA-FILOL\u00d3GIA<\/strong><\/a><\/h3>\n<h3 style=\"text-align: center;\"><a href=\"http:\/\/minerva.mtak.hu\/?page_id=475\" target=\"_blank\" rel=\"noopener noreferrer\"><strong>T\u00c1RSADALOMTUDOM\u00c1NYOK<\/strong><\/a><\/h3>\n<h3 style=\"text-align: center;\"><a href=\"http:\/\/minerva.mtak.hu\/?page_id=477\" target=\"_blank\" rel=\"noopener noreferrer\"><strong>TERM\u00c9SZETTUDOM\u00c1NYOK<\/strong><\/a><\/h3>\n<h3 style=\"text-align: center;\"><a href=\"http:\/\/minerva.mtak.hu\/?page_id=479\" target=\"_blank\" rel=\"noopener noreferrer\"><strong>M\u0170V\u00c9SZETEK<\/strong><\/a><\/h3>\n<h3 style=\"text-align: center;\"><a href=\"http:\/\/minerva.mtak.hu\/?page_id=469\" target=\"_blank\" rel=\"noopener noreferrer\"><strong>IRODALOMTUDOM\u00c1NY<\/strong><\/a><\/h3>\n<h3 style=\"text-align: center;\"><a href=\"http:\/\/minerva.mtak.hu\/?page_id=471\" target=\"_blank\" rel=\"noopener noreferrer\"><strong>NYELVTUDOM\u00c1NY<\/strong><\/a><\/h3>\n<h3 style=\"text-align: center;\"><a href=\"http:\/\/minerva.mtak.hu\/?page_id=473\" target=\"_blank\" rel=\"noopener noreferrer\"><strong>T\u00d6RT\u00c9NELEM,\u00a0<\/strong><strong>R\u00c9G\u00c9SZET<\/strong><\/a><\/h3>\n<hr \/>\n","protected":false},"excerpt":{"rendered":"<p>\u00d6tletad\u00f3 oldalak a tudom\u00e1nyok vil\u00e1g\u00e1b\u00f3l &#8211; szabad, szubjekt\u00edv v\u00e1logat\u00e1ssal \u00d6SSZEFOGLAL\u00d3 GY\u0170JTEM\u00c9NYEK Directory of Open Access Journals Infomine \u2013 Scholarly Internet&#8230;<\/p>\n","protected":false},"author":2,"featured_media":0,"parent":0,"menu_order":0,"comment_status":"closed","ping_status":"closed","template":"","meta":{"footnotes":""},"aioseo_notices":[],"jetpack_sharing_enabled":true,"jetpack_shortlink":"https:\/\/wp.me\/Pb70B2-7u","_links":{"self":[{"href":"https:\/\/minerva.mtak.hu\/index.php?rest_route=\/wp\/v2\/pages\/464"}],"collection":[{"href":"https:\/\/minerva.mtak.hu\/index.php?rest_route=\/wp\/v2\/pages"}],"about":[{"href":"https:\/\/minerva.mtak.hu\/index.php?rest_route=\/wp\/v2\/types\/page"}],"author":[{"embeddable":true,"href":"https:\/\/minerva.mtak.hu\/index.php?rest_route=\/wp\/v2\/users\/2"}],"replies":[{"embeddable":true,"href":"https:\/\/minerva.mtak.hu\/index.php?rest_route=%2Fwp%2Fv2%2Fcomments&post=464"}],"version-history":[{"count":5,"href":"https:\/\/minerva.mtak.hu\/index.php?rest_route=\/wp\/v2\/pages\/464\/revisions"}],"predecessor-version":[{"id":709,"href":"https:\/\/minerva.mtak.hu\/index.php?rest_route=\/wp\/v2\/pages\/464\/revisions\/709"}],"wp:attachment":[{"href":"https:\/\/minerva.mtak.hu\/index.php?rest_route=%2Fwp%2Fv2%2Fmedia&parent=464"}],"curies":[{"name":"wp","href":"https:\/\/api.w.org\/{rel}","templated":true}]}}