{"id":462,"date":"2018-10-01T13:05:46","date_gmt":"2018-10-01T11:05:46","guid":{"rendered":"http:\/\/minerva.mtak.hu\/?page_id=462"},"modified":"2022-10-18T10:32:50","modified_gmt":"2022-10-18T08:32:50","slug":"filozofia-vallastudomany","status":"publish","type":"page","link":"https:\/\/minerva.mtak.hu\/?page_id=462","title":{"rendered":"Tudom\u00e1nyos linkgy\u0171jtem\u00e9ny- filoz\u00f3fia, vall\u00e1studom\u00e1ny"},"content":{"rendered":"<h2 id=\"top\" style=\"text-align: justify;\"><strong><em>\u00d6tletad\u00f3 oldalak a tudom\u00e1nyok vil\u00e1g\u00e1b\u00f3l<br \/>\n&#8211; szabad, szubjekt\u00edv v\u00e1logat\u00e1ssal<\/em><\/strong><\/h2>\n<hr \/>\n<h2 id=\"filo\" style=\"text-align: justify;\"><strong><em>Filoz\u00f3fia<\/em><\/strong><\/h2>\n<p><a href=\"https:\/\/www.pdcnet.org\/pdc-solr-gateA\/app\/\" target=\"_blank\" rel=\"noopener noreferrer\">International Directory of Philosophy<\/a><\/p>\n<p><a href=\"http:\/\/www.philosophypages.com\/dy\/index.htm\" target=\"_blank\" rel=\"noopener noreferrer\">Dictionary of Philosophical Terms and Names<\/a><\/p>\n<p><a href=\"http:\/\/www.iep.utm.edu\/\" target=\"_blank\" rel=\"noopener noreferrer\">The Internet Encyclopedia of Philosophy<\/a><\/p>\n<p><a href=\"http:\/\/www.mek.iif.hu\/porta\/szint\/tarsad\/filoz\/\" target=\"_blank\" rel=\"noopener noreferrer\">Magyar Elektronikus K\u00f6nyvt\u00e1r \u2013 Filoz\u00f3fia<\/a><\/p>\n<p><a href=\"http:\/\/www.philosophypages.com\/\" target=\"_blank\" rel=\"noopener noreferrer\">Philosophy Pages<\/a><\/p>\n<p><a href=\"http:\/\/plato.stanford.edu\/\" target=\"_blank\" rel=\"noopener noreferrer\">Stanford Encyclopedia of Philosophy<\/a><\/p>\n<p><a href=\"https:\/\/users.manchester.edu\/FacStaff\/SSNaragon\/Kant\/Home\/index.htm\" target=\"_blank\" rel=\"noopener noreferrer\">Kant in the Classroom<\/a><\/p>\n<p><a href=\"https:\/\/philobibl.bibl.u-szeged.hu\/\" target=\"_blank\" rel=\"noopener\">PHILOBIBL &#8211; Magyar nyelv\u0171 filoz\u00f3fiai irodalom adatb\u00e1zisa<\/a><\/p>\n<p><a href=\"#top\"><strong>^<\/strong><\/a><\/p>\n<h2 id=\"vallas\" style=\"text-align: justify;\"><strong><em>Vall\u00e1s<\/em><\/strong><\/h2>\n<p><a href=\"http:\/\/www.buddhanet.net\/\" target=\"_blank\" rel=\"noopener noreferrer\">BuddhaNet<\/a><\/p>\n<p><a href=\"https:\/\/medk.lutheran.hu\/\" target=\"_blank\" rel=\"noopener noreferrer\">Magyar Evang\u00e9likus Digit\u00e1lis T\u00e1r<\/a> (MEDiT)<\/p>\n<p><a href=\"http:\/\/ccat.sas.upenn.edu\/%7Ejtreat\/rs\/resources.html\" target=\"_blank\" rel=\"noopener noreferrer\">Internet Resources for the study of Judaism an Christianity<\/a><\/p>\n<p><a href=\"http:\/\/jewishhistory.huji.ac.il\/\" target=\"_blank\" rel=\"noopener noreferrer\">The Jewish History Resource Center<\/a><\/p>\n<p><a href=\"https:\/\/www.karizmatikus.hu\/kapcsolatok\/linkek\/513-katolikus-elektronikus-koenyvtarak-adattarak.html\/\" target=\"_blank\" rel=\"noopener noreferrer\">Katolikus Elektronikus K\u00f6nyvt\u00e1rak<\/a><\/p>\n<p><a href=\"http:\/\/www.mek.iif.hu\/porta\/szint\/human\/vallas\/\" target=\"_blank\" rel=\"noopener noreferrer\">Magyar Elektronikus K\u00f6nyvt\u00e1r \u2013 Vall\u00e1s<\/a><\/p>\n<p><a href=\"http:\/\/lexikon.katolikus.hu\/\" target=\"_blank\" rel=\"noopener noreferrer\">Magyar Katolikus Lexikon<\/a><\/p>\n<p><a href=\"http:\/\/ocf.org\/OrthodoxPage\/\" target=\"_blank\" rel=\"noopener noreferrer\">Orthodox Christian Page<\/a><\/p>\n<p><a href=\"http:\/\/stud-theol.blogspot.com\/2010\/03\/reformatus-elektronikus-konyvtarak.html\" target=\"_blank\" rel=\"noopener noreferrer\">Reform\u00e1tus elektronikus k\u00f6nyvt\u00e1rak<\/a><\/p>\n<p><a href=\"http:\/\/virtualreligion.net\/vri\/\" target=\"_blank\" rel=\"noopener noreferrer\">Virtual Religion Index<\/a><\/p>\n<p><a href=\"#top\"><strong>^<\/strong><\/a><\/p>\n","protected":false},"excerpt":{"rendered":"<p>\u00d6tletad\u00f3 oldalak a tudom\u00e1nyok vil\u00e1g\u00e1b\u00f3l &#8211; szabad, szubjekt\u00edv v\u00e1logat\u00e1ssal Filoz\u00f3fia International Directory of Philosophy Dictionary of Philosophical Terms and Names&#8230;<\/p>\n","protected":false},"author":2,"featured_media":0,"parent":464,"menu_order":0,"comment_status":"closed","ping_status":"closed","template":"","meta":{"footnotes":""},"aioseo_notices":[],"jetpack_sharing_enabled":true,"jetpack_shortlink":"https:\/\/wp.me\/Pb70B2-7s","_links":{"self":[{"href":"https:\/\/minerva.mtak.hu\/index.php?rest_route=\/wp\/v2\/pages\/462"}],"collection":[{"href":"https:\/\/minerva.mtak.hu\/index.php?rest_route=\/wp\/v2\/pages"}],"about":[{"href":"https:\/\/minerva.mtak.hu\/index.php?rest_route=\/wp\/v2\/types\/page"}],"author":[{"embeddable":true,"href":"https:\/\/minerva.mtak.hu\/index.php?rest_route=\/wp\/v2\/users\/2"}],"replies":[{"embeddable":true,"href":"https:\/\/minerva.mtak.hu\/index.php?rest_route=%2Fwp%2Fv2%2Fcomments&post=462"}],"version-history":[{"count":11,"href":"https:\/\/minerva.mtak.hu\/index.php?rest_route=\/wp\/v2\/pages\/462\/revisions"}],"predecessor-version":[{"id":1575,"href":"https:\/\/minerva.mtak.hu\/index.php?rest_route=\/wp\/v2\/pages\/462\/revisions\/1575"}],"up":[{"embeddable":true,"href":"https:\/\/minerva.mtak.hu\/index.php?rest_route=\/wp\/v2\/pages\/464"}],"wp:attachment":[{"href":"https:\/\/minerva.mtak.hu\/index.php?rest_route=%2Fwp%2Fv2%2Fmedia&parent=462"}],"curies":[{"name":"wp","href":"https:\/\/api.w.org\/{rel}","templated":true}]}}