{"id":395,"date":"2018-10-01T10:48:02","date_gmt":"2018-10-01T08:48:02","guid":{"rendered":"http:\/\/minerva.mtak.hu\/?page_id=395"},"modified":"2018-10-01T10:48:02","modified_gmt":"2018-10-01T08:48:02","slug":"az-mta-doktora-tudomanyos-cimrol","status":"publish","type":"page","link":"https:\/\/minerva.mtak.hu\/?page_id=395","title":{"rendered":"Az MTA Doktora tudom\u00e1nyos c\u00edmr\u0151l"},"content":{"rendered":"<h3 style=\"text-align: justify;\"><em><strong>T\u00e1j\u00e9koztat\u00f3 a Magyar Tudom\u00e1nyos Akad\u00e9mia Doktora <\/strong><strong>tudom\u00e1nyos c\u00edmre t\u00f6rt\u00e9n\u0151 p\u00e1ly\u00e1zat beny\u00fajt\u00e1s\u00e1hoz<\/strong><\/em><\/h3>\n<p style=\"text-align: justify;\">Doktori p\u00e1ly\u00e1zat \u2013 a m\u00f3dos\u00edtott szab\u00e1lyok \u00e9rtelm\u00e9ben \u2013 2013 szeptember\u00e9t\u0151l folyamatosan ny\u00fajthat\u00f3 be.<\/p>\n<p style=\"text-align: justify;\">A p\u00e1ly\u00e1zatot a doktori elj\u00e1r\u00e1s <a href=\"https:\/\/dtt.mta.hu\/mta_doktori\/\" target=\"_blank\" rel=\"noopener\">internetes rendszer\u00e9vel<\/a>, a publik\u00e1ci\u00f3s tev\u00e9kenys\u00e9ggel \u00e9s hivatkoz\u00e1saival kapcsolatos adatokat pedig az\u00a0<a href=\"http:\/\/mtmt.hu\" target=\"_blank\" rel=\"noopener\">MTMT<\/a>\u00a0rendszer\u00e9vel kell elk\u00e9sz\u00edteni. A doktori p\u00e1ly\u00e1zat v\u00e9gleges \u00e1llapota csak az MTMT \u00e1ltal v\u00e9gleges\u00edtett \u00e9s felt\u00f6lt\u00f6tt publik\u00e1ci\u00f3s \u00e9s hivatkoz\u00e1si lista, valamint a tudom\u00e1nymetriai t\u00e1bl\u00e1zat elhelyez\u00e9se ut\u00e1n k\u00e9sz\u00edthet\u0151 el.<\/p>\n<p style=\"text-align: justify;\">A beny\u00fajtand\u00f3 pap\u00edr alap\u00fa p\u00e1ly\u00e1zati anyagokat az elektronikusan elk\u00e9sz\u00edtett p\u00e1ly\u00e1zat lez\u00e1r\u00e1sa ut\u00e1n kell a rendszerb\u0151l el\u0151\u00e1ll\u00edtani.<\/p>\n<p style=\"text-align: justify;\"><strong>A p\u00e1ly\u00e1zatokat az\u00a0<a href=\"http:\/\/mta.hu\/doktori-tanacs\/a-doktori-tanacs-titkarsaga-105294\" target=\"_blank\" rel=\"noopener\">MTA Doktori Tan\u00e1cs\u00e1nak Titk\u00e1rs\u00e1g\u00e1ra<\/a>\u00a0kell beny\u00fajtani.<\/strong><\/p>\n<p style=\"text-align: justify;\"><strong><a href=\"https:\/\/dtt.mta.hu\/mta_doktori\/\" target=\"_blank\" rel=\"noopener\">Bel\u00e9p\u00e9s a p\u00e1ly\u00e1zati rendszerbe<\/a><\/strong><\/p>\n<h3 style=\"text-align: justify;\"><em><a href=\"http:\/\/mta.hu\/doktori-tanacs\/a-magyar-tudomanyos-akademia-doktora-cim-altalanos-informaciok-105303\" target=\"_blank\" rel=\"noopener\">Forr\u00e1s \u00e9s b\u0151vebb ismertet\u0151<\/a><\/em><\/h3>\n<h3 style=\"text-align: justify;\"><strong><em>Oszt\u00e1lyonk\u00e9nt k\u00f6vetelm\u00e9nyek<\/em><\/strong><\/h3>\n<p style=\"text-align: justify;\">A Magyar Tudom\u00e1nyos Akad\u00e9mi\u00e1n 11 tudom\u00e1nyos oszt\u00e1ly m\u0171k\u00f6dik. A k\u00fcl\u00f6nb\u00f6z\u0151 oszt\u00e1lyok m\u00e1s \u00e9s m\u00e1s k\u00f6vetelm\u00e9nyeket t\u00e1masztanak a doktori m\u0171 \u00e9s t\u00e9zisek, valamint a jel\u00f6ltek tudom\u00e1nyos publik\u00e1ci\u00f3s \u00e9s k\u00f6z\u00e9leti tev\u00e9kenys\u00e9g\u00e9t illet\u0151en.<\/p>\n<p style=\"text-align: justify;\"><a href=\"http:\/\/mta.hu\/doktori-tanacs\/az-i-osztaly-doktori-kovetelmenyrendszere-105325\" target=\"_blank\" rel=\"noopener\">I. Nyelv- \u00e9s Irodalomtudom\u00e1nyok Oszt\u00e1lya<\/a><\/p>\n<p style=\"text-align: justify;\"><a href=\"http:\/\/mta.hu\/doktori-tanacs\/a-ii-osztaly-doktori-kovetelmenyrendszere-105379\" target=\"_blank\" rel=\"noopener\">II. Filoz\u00f3fiai \u00e9s T\u00f6rt\u00e9nettudom\u00e1nyok Oszt\u00e1lya<\/a><\/p>\n<p style=\"text-align: justify;\">III. Matematikai Tudom\u00e1nyok Oszt\u00e1lya<\/p>\n<p style=\"text-align: justify;\">IV. Agr\u00e1rtudom\u00e1nyok Oszt\u00e1lya<\/p>\n<p style=\"text-align: justify;\">V. Orvosi Tudom\u00e1nyok Oszt\u00e1lya<\/p>\n<p style=\"text-align: justify;\"><a href=\"http:\/\/mta.hu\/doktori-tanacs\/a-vi-osztaly-doktori-kovetelmenyrendszere-105378\" target=\"_blank\" rel=\"noopener\">VI. M\u0171szaki Tudom\u00e1nyok Oszt\u00e1lya<\/a><\/p>\n<p style=\"text-align: justify;\"><a href=\"http:\/\/mta.hu\/doktori-tanacs\/a-vii-osztaly-doktori-kovetelmenyrendszere-105374\" target=\"_blank\" rel=\"noopener\">VII. K\u00e9miai Tudom\u00e1nyok Oszt\u00e1lya<\/a><\/p>\n<p style=\"text-align: justify;\"><a href=\"http:\/\/mta.hu\/doktori-tanacs\/a-viii-osztaly-doktori-kovetelmenyrendszere-105436\" target=\"_blank\" rel=\"noopener\">VIII. Biol\u00f3giai Tudom\u00e1nyok Oszt\u00e1lya<\/a><\/p>\n<p style=\"text-align: justify;\"><a href=\"http:\/\/mta.hu\/doktori-tanacs\/a-ix-osztaly-doktori-kovetelmenyrendszere-105380\" target=\"_blank\" rel=\"noopener\">IX. Gazdas\u00e1g- \u00e9s Jogtudom\u00e1nyok Oszt\u00e1lya<\/a><\/p>\n<p style=\"text-align: justify;\"><a href=\"http:\/\/mta.hu\/doktori-tanacs\/a-x-osztaly-doktori-kovetelmenyrendszere-105375\" target=\"_blank\" rel=\"noopener\">X. F\u00f6ldtudom\u00e1nyok Oszt\u00e1lya<\/a><\/p>\n<p style=\"text-align: justify;\">XI. Fizikai Tudom\u00e1nyok Oszt\u00e1lya<\/p>\n","protected":false},"excerpt":{"rendered":"<p>T\u00e1j\u00e9koztat\u00f3 a Magyar Tudom\u00e1nyos Akad\u00e9mia Doktora tudom\u00e1nyos c\u00edmre t\u00f6rt\u00e9n\u0151 p\u00e1ly\u00e1zat beny\u00fajt\u00e1s\u00e1hoz Doktori p\u00e1ly\u00e1zat \u2013 a m\u00f3dos\u00edtott szab\u00e1lyok \u00e9rtelm\u00e9ben \u2013 2013&#8230;<\/p>\n","protected":false},"author":2,"featured_media":0,"parent":0,"menu_order":0,"comment_status":"closed","ping_status":"closed","template":"","meta":{"footnotes":""},"aioseo_notices":[],"jetpack_sharing_enabled":true,"jetpack_shortlink":"https:\/\/wp.me\/Pb70B2-6n","_links":{"self":[{"href":"https:\/\/minerva.mtak.hu\/index.php?rest_route=\/wp\/v2\/pages\/395"}],"collection":[{"href":"https:\/\/minerva.mtak.hu\/index.php?rest_route=\/wp\/v2\/pages"}],"about":[{"href":"https:\/\/minerva.mtak.hu\/index.php?rest_route=\/wp\/v2\/types\/page"}],"author":[{"embeddable":true,"href":"https:\/\/minerva.mtak.hu\/index.php?rest_route=\/wp\/v2\/users\/2"}],"replies":[{"embeddable":true,"href":"https:\/\/minerva.mtak.hu\/index.php?rest_route=%2Fwp%2Fv2%2Fcomments&post=395"}],"version-history":[{"count":1,"href":"https:\/\/minerva.mtak.hu\/index.php?rest_route=\/wp\/v2\/pages\/395\/revisions"}],"predecessor-version":[{"id":396,"href":"https:\/\/minerva.mtak.hu\/index.php?rest_route=\/wp\/v2\/pages\/395\/revisions\/396"}],"wp:attachment":[{"href":"https:\/\/minerva.mtak.hu\/index.php?rest_route=%2Fwp%2Fv2%2Fmedia&parent=395"}],"curies":[{"name":"wp","href":"https:\/\/api.w.org\/{rel}","templated":true}]}}