{"id":1107,"date":"2020-04-24T17:35:11","date_gmt":"2020-04-24T15:35:11","guid":{"rendered":"http:\/\/minerva.mtak.hu\/?page_id=1107"},"modified":"2020-05-04T14:15:58","modified_gmt":"2020-05-04T12:15:58","slug":"elofizeteses-adatbazisok-az-mta-kik-ben-tarsadalomtudomanyok","status":"publish","type":"page","link":"https:\/\/minerva.mtak.hu\/?page_id=1107","title":{"rendered":"El\u0151fizet\u00e9ses adatb\u00e1zisok az MTA KIK-ben &#8211; t\u00e1rsadalomtudom\u00e1nyok"},"content":{"rendered":"<h2><a href=\"https:\/\/jstor.org\" target=\"_blank\" rel=\"noopener noreferrer\">JSTOR<\/a><\/h2>\n<p style=\"text-align: justify;\"><img loading=\"lazy\" decoding=\"async\" class=\"alignleft\" src=\"https:\/\/i1.wp.com\/minerva.mtak.hu\/wp-content\/uploads\/2020\/04\/JSTOR_logo.png?zoom=2&amp;resize=177%2C221\" alt=\"\" width=\"50\" height=\"63\">Az egyik legnagyobb \u00e9s legkedveltebb arch\u00edv foly\u00f3irat-adatb\u00e1zis. 60 tudom\u00e1ny\u00e1g t\u00f6bb mint 2700 foly\u00f3irat\u00e1nak teljes sz\u00f6veg\u00e9t tartalmazza az utols\u00f3 2-5 \u00e9v kiv\u00e9tel\u00e9vel.<\/p>\n<h3><strong>Social Sciences<\/strong><\/h3>\n<div class=\"medium-4 columns\">\n<ul>\n<li><a href=\"https:\/\/www.jstor.org\/subject\/anthropology\" target=\"_blank\" rel=\"noopener noreferrer\" data-code=\"anthropology-discipline \">Anthropology<\/a><\/li>\n<li><a href=\"https:\/\/www.jstor.org\/subject\/archeology\" target=\"_blank\" rel=\"noopener noreferrer\" data-code=\"archeology-discipline \">Archaeology<\/a><\/li>\n<li><a href=\"https:\/\/www.jstor.org\/subject\/communicationstudies\" target=\"_blank\" rel=\"noopener noreferrer\" data-code=\"communicationstudies-discipline \">Communication Studies<\/a><\/li>\n<li><a href=\"https:\/\/www.jstor.org\/subject\/culturalstudies\" target=\"_blank\" rel=\"noopener noreferrer\" data-code=\"culturalstudies-discipline \">Cultural Studies<\/a><\/li>\n<li><a href=\"https:\/\/www.jstor.org\/subject\/education\" target=\"_blank\" rel=\"noopener noreferrer\" data-code=\"education-discipline \">Education<\/a><\/li>\n<li><a href=\"https:\/\/www.jstor.org\/subject\/enviro\" target=\"_blank\" rel=\"noopener noreferrer\" data-code=\"enviro-discipline \">Environmental Studies<\/a><\/li>\n<li><a href=\"https:\/\/www.jstor.org\/subject\/womensstudies\" target=\"_blank\" rel=\"noopener noreferrer\" data-code=\"womensstudies-discipline \">Feminist &amp; Women&#8217;s Studies<\/a><\/li>\n<li><a href=\"https:\/\/www.jstor.org\/subject\/foodstudies\" target=\"_blank\" rel=\"noopener noreferrer\" data-code=\"foodstudies-discipline \">Food Studies<\/a><\/li>\n<li><a href=\"https:\/\/www.jstor.org\/subject\/genderstudies\" target=\"_blank\" rel=\"noopener noreferrer\" data-code=\"genderstudies-discipline \">Gender Studies<\/a><\/li>\n<li><a href=\"https:\/\/www.jstor.org\/subject\/geography\" target=\"_blank\" rel=\"noopener noreferrer\" data-code=\"geography-discipline \">Geography<\/a><\/li>\n<li><a href=\"https:\/\/www.jstor.org\/subject\/interrela\" target=\"_blank\" rel=\"noopener noreferrer\" data-code=\"interrela-discipline \">International Relations<\/a><\/li>\n<li><a href=\"https:\/\/www.jstor.org\/subject\/libraryscience\" target=\"_blank\" rel=\"noopener noreferrer\" data-code=\"libraryscience-discipline \">Library Science<\/a><\/li>\n<li><a href=\"https:\/\/www.jstor.org\/subject\/linguistics\" target=\"_blank\" rel=\"noopener noreferrer\" data-code=\"linguistics-discipline \">Linguistics<\/a><\/li>\n<li><a href=\"https:\/\/www.jstor.org\/subject\/militarystudies\" target=\"_blank\" rel=\"noopener noreferrer\" data-code=\"militarystudies-discipline \">Military Studies<\/a><\/li>\n<li><a href=\"https:\/\/www.jstor.org\/subject\/peaceconflictstudies\" target=\"_blank\" rel=\"noopener noreferrer\" data-code=\"peaceconflictstudies-discipline \">Peace &amp; Conflict Studies<\/a><\/li>\n<li><a href=\"https:\/\/www.jstor.org\/subject\/politicalscience\" target=\"_blank\" rel=\"noopener noreferrer\" data-code=\"politicalscience-discipline \">Political Science<\/a><\/li>\n<li><a href=\"https:\/\/www.jstor.org\/subject\/populationstudies\" target=\"_blank\" rel=\"noopener noreferrer\" data-code=\"populationstudies-discipline \">Population Studies<\/a><\/li>\n<li><a href=\"https:\/\/www.jstor.org\/subject\/psychology\" target=\"_blank\" rel=\"noopener noreferrer\" data-code=\"psychology-discipline \">Psychology<\/a><\/li>\n<li><a href=\"https:\/\/www.jstor.org\/subject\/publicpolicy\" target=\"_blank\" rel=\"noopener noreferrer\" data-code=\"publicpolicy-discipline \">Public Policy &amp; Administration<\/a><\/li>\n<li><a href=\"https:\/\/www.jstor.org\/subject\/socialwork\" target=\"_blank\" rel=\"noopener noreferrer\" data-code=\"socialwork-discipline \">Social Work<\/a><\/li>\n<li><a href=\"https:\/\/www.jstor.org\/subject\/sociology\" target=\"_blank\" rel=\"noopener noreferrer\" data-code=\"sociology-discipline \">Sociology<\/a><\/li>\n<li><a href=\"https:\/\/www.jstor.org\/subject\/transportationstudies\" target=\"_blank\" rel=\"noopener noreferrer\" data-code=\"transportationstudies-discipline \">Transportation Studies<\/a><\/li>\n<li><a href=\"https:\/\/www.jstor.org\/subject\/urbanstudies\" target=\"_blank\" rel=\"noopener noreferrer\" data-code=\"urbanstudies-discipline \">Urban Studies<\/a><\/li>\n<\/ul>\n<h3>Business &amp; Economics<\/h3>\n<div class=\"medium-4 columns\">\n<ul>\n<li><a href=\"https:\/\/www.jstor.org\/subject\/business\" data-code=\"business-discipline \">Business<\/a><\/li>\n<li><a href=\"https:\/\/www.jstor.org\/subject\/developmentstudies\" data-code=\"developmentstudies-discipline \">Development Studies<\/a><\/li>\n<li><a href=\"https:\/\/www.jstor.org\/subject\/economics\" data-code=\"economics-discipline \">Economics<\/a><\/li>\n<li><a href=\"https:\/\/www.jstor.org\/subject\/finance\" data-code=\"finance-discipline \">Finance<\/a><\/li>\n<li><a href=\"https:\/\/www.jstor.org\/subject\/laboremploymentrelations\" data-code=\"laboremploymentrelations-discipline \">Labor &amp; Employment Relations<\/a><\/li>\n<li><a href=\"https:\/\/www.jstor.org\/subject\/manorgbeha\" data-code=\"manorgbeha-discipline \">Management &amp; Organizational Behavior<\/a><\/li>\n<li><a href=\"https:\/\/www.jstor.org\/subject\/markadvert\" data-code=\"markadvert-discipline \">Marketing &amp; Advertising<\/a><\/li>\n<\/ul>\n<\/div>\n<\/div>\n\n\n<hr class=\"wp-block-separator\"\/>\n\n\n<h2><a href=\"http:\/\/muse.jhu.edu\/\" target=\"_blank\" rel=\"noopener noreferrer\">Project Muse<\/a><\/h2>\n<p><img loading=\"lazy\" decoding=\"async\" class=\"alignleft\" src=\"https:\/\/i0.wp.com\/minerva.mtak.hu\/wp-content\/uploads\/2020\/04\/project-muse-logo.jpg?resize=300%2C205\" alt=\"\" width=\"73\" height=\"50\">Az adatb\u00e1zisban els\u0151sorban egyetemi kiad\u00f3k mintegy 700 foly\u00f3irata \u00e9rhet\u0151 el teljes sz\u00f6veggel.<\/p>\n<p><strong><a href=\"https:\/\/muse.jhu.edu\/search?action=browse&amp;limit=subscription:n&amp;limit=discipline_id:166&amp;min=1&amp;max=10&amp;t=discipline_facet_select\" target=\"_blank\" rel=\"noopener noreferrer\">Social Sciences<\/a> <\/strong>&#8211; foly\u00f3iratok, k\u00f6nyvek, b\u00f6ng\u00e9sz\u00e9s<\/p>\n<ul>\n<li><a href=\"https:\/\/muse.jhu.edu\/search?action=browse&amp;limit=subscription:n&amp;limit=discipline_id:167&amp;min=1&amp;max=10&amp;t=discipline_facet_select\" target=\"_blank\" rel=\"noopener noreferrer\">Antropology<\/a><\/li>\n<li><a href=\"https:\/\/muse.jhu.edu\/search?action=browse&amp;limit=subscription:n&amp;limit=discipline_id:173&amp;min=1&amp;max=10&amp;t=discipline_facet_select\" target=\"_blank\" rel=\"noopener noreferrer\">Cultural Studies<\/a><\/li>\n<li><a href=\"https:\/\/muse.jhu.edu\/search?action=browse&amp;limit=subscription:n&amp;limit=discipline_id:174&amp;min=1&amp;max=10&amp;t=discipline_facet_select\" target=\"_blank\" rel=\"noopener noreferrer\">Economics<\/a><\/li>\n<li><a href=\"https:\/\/muse.jhu.edu\/search?action=browse&amp;limit=subscription:n&amp;limit=discipline_id:32&amp;min=1&amp;max=10&amp;t=discipline_facet_select\" target=\"_blank\" rel=\"noopener noreferrer\">Education<\/a><\/li>\n<li><a href=\"https:\/\/muse.jhu.edu\/search?action=browse&amp;limit=subscription:n&amp;limit=discipline_id:175&amp;min=1&amp;max=10&amp;t=discipline_facet_select\" target=\"_blank\" rel=\"noopener noreferrer\">Folklore<\/a><\/li>\n<li><a href=\"https:\/\/muse.jhu.edu\/search?action=browse&amp;limit=subscription:n&amp;limit=discipline_id:179&amp;min=1&amp;max=10&amp;t=discipline_facet_select\" target=\"_blank\" rel=\"noopener noreferrer\">Law<\/a><\/li>\n<li><a href=\"https:\/\/muse.jhu.edu\/search?action=browse&amp;limit=subscription:n&amp;limit=discipline_id:181&amp;min=1&amp;max=10&amp;t=discipline_facet_select\" target=\"_blank\" rel=\"noopener noreferrer\">Political Science<\/a><\/li>\n<li><a href=\"https:\/\/muse.jhu.edu\/search?action=browse&amp;limit=subscription:n&amp;limit=discipline_id:188&amp;min=1&amp;max=10&amp;t=discipline_facet_select\" target=\"_blank\" rel=\"noopener noreferrer\">Sociology<\/a><\/li>\n<\/ul>\n\n\n<hr class=\"wp-block-separator\"\/>\n\n\n\n<h2><a href=\"https:\/\/www.cambridge.org\/core\" target=\"_blank\" rel=\"noopener noreferrer\">Cambridge Journals<\/a> <em>(HSS Collection)<\/em><\/h2>\n<p style=\"text-align: justify;\"><img loading=\"lazy\" decoding=\"async\" class=\"alignleft\" src=\"https:\/\/i1.wp.com\/minerva.mtak.hu\/wp-content\/uploads\/2020\/04\/CUP_logo.jpg?w=360\" alt=\"\" width=\"50\" height=\"50\">Az adatb\u00e1zisban a Cambridge University Press t\u00f6bb mint 250 hum\u00e1n \u00e9s t\u00e1rsadalomtudom\u00e1nyi&nbsp; foly\u00f3irat\u00e1nak teljes sz\u00f6vege \u00e9rhet\u0151 el 2014-2019-ig.<\/p>\n<div class=\"large-4 medium-4 small-12 columns\">\n<ul class=\"listings\">\n<li><a href=\"https:\/\/www.cambridge.org\/core\/browse-subjects\/anthropology\">Anthropology<\/a><\/li>\n<li><a href=\"https:\/\/www.cambridge.org\/core\/browse-subjects\/economics\">Economics<\/a><\/li>\n<li><a href=\"https:\/\/www.cambridge.org\/core\/browse-subjects\/education\">Education<\/a><\/li>\n<li><a href=\"https:\/\/www.cambridge.org\/core\/browse-subjects\/english-language-teaching-resources-for-teachers\">English Language Teaching \u2013 Resources for Teachers<\/a><\/li>\n<li><a href=\"https:\/\/www.cambridge.org\/core\/browse-subjects\/law\">Law<\/a><\/li>\n<li><a href=\"https:\/\/www.cambridge.org\/core\/browse-subjects\/politics-and-international-relations\">Politics and International Relations<\/a><\/li>\n<li><a href=\"https:\/\/www.cambridge.org\/core\/browse-subjects\/social-science-research-methods\">Social Science Research Methods<\/a><\/li>\n<li><a href=\"https:\/\/www.cambridge.org\/core\/browse-subjects\/sociology\">Sociology<\/a><\/li>\n<\/ul>\n<\/div>\n\n\n\n<hr class=\"wp-block-separator\"\/>\n\n\n\n<h2><a href=\"https:\/\/www.degruyter.com\/browse?type_0=journals\" target=\"_blank\" rel=\"noopener noreferrer\">De Gruyter Journals<\/a> <em>(SSH Package)<\/em><\/h2>\n<p style=\"text-align: justify;\"><img loading=\"lazy\" decoding=\"async\" class=\"alignleft\" src=\"https:\/\/i0.wp.com\/minerva.mtak.hu\/wp-content\/uploads\/2020\/04\/de_gruyter_logo.jpg?w=300\" alt=\"\" width=\"50\" height=\"50\">De Gruyter kiad\u00f3 t\u00f6bb mint 350 online hum\u00e1n \u00e9s t\u00e1rsadalomtudom\u00e1nyi foly\u00f3irat\u00e1t \u00e9s tov\u00e1bbi 400 open access foly\u00f3iratot tartalmaz 1995-t\u0151l napjainkig.<\/p>\n\n\n\n<hr class=\"wp-block-separator\"\/>\n\n\n\n<h2><a href=\"http:\/\/akademiai.com\/\" target=\"_blank\" rel=\"noopener noreferrer\">Az Akad\u00e9miai Kiad\u00f3 foly\u00f3iratai<\/a><\/h2>\n<p style=\"text-align: justify;\"><img loading=\"lazy\" decoding=\"async\" class=\"alignleft\" src=\"https:\/\/i0.wp.com\/minerva.mtak.hu\/wp-content\/uploads\/2020\/04\/AKJ_logo.png?resize=174%2C50\" alt=\"\" width=\"174\" height=\"50\"  data-recalc-dims=\"1\">Az Akad\u00e9miai Kiad\u00f3 t\u00f6bb mint 60 refer\u00e1lt foly\u00f3irata teljes sz\u00f6veggel el\u00e9rhet\u0151 a t\u00f6bb tudom\u00e1ny\u00e1gra kiterjed\u0151 adatb\u00e1zisban.<\/p>\n<p><a href=\"https:\/\/akjournals.com\/collection\/Law?submittedFilterId=by-type&amp;pageSize=10&amp;sort=datedescending&amp;type_2=journal\" target=\"_blank\" rel=\"noopener noreferrer\">Social Sciences &amp; Law<\/a><\/p>\n\n\n\n<hr class=\"wp-block-separator\"\/>\n\n\n\n<h2><a href=\"https:\/\/www.szaktars.hu\/harmattan\/\" target=\"_blank\" rel=\"noopener noreferrer\">L&#8217;Harmattan Digit\u00e1lis Adatb\u00e1zis<\/a><\/h2>\n<p style=\"text-align: justify;\"><img loading=\"lazy\" decoding=\"async\" class=\"alignleft\" src=\"https:\/\/i0.wp.com\/minerva.mtak.hu\/wp-content\/uploads\/2020\/04\/szaktars_logo.png?resize=50%2C31\" alt=\"\" width=\"50\" height=\"31\"  data-recalc-dims=\"1\">A L\u2019Harmattan Kiad\u00f3 komplex digit\u00e1lis adatb\u00e1zisa. T\u00f6bb mint 1400, t\u00f6bbnyire magyar nyelv\u0171 b\u00f6lcs\u00e9szet- \u00e9s t\u00e1rsadalomtudom\u00e1nyi szakmunk\u00e1t, tank\u00f6nyvet \u00e9s forr\u00e1skiadv\u00e1nyt tartalmaz.<\/p>\n<ul>\n<li><a href=\"https:\/\/www.szaktars.hu\/harmattan\/books\/?tag=Antropol%C3%B3gia\" target=\"_blank\" rel=\"noopener noreferrer\">Antropol\u00f3gia<\/a><\/li>\n<li><a href=\"https:\/\/www.szaktars.hu\/harmattan\/books\/?tag=Hum%C3%A1n%C3%B6kol%C3%B3gia\" target=\"_blank\" rel=\"noopener noreferrer\">Hum\u00e1n\u00f6kol\u00f3gia<\/a><\/li>\n<li><a href=\"https:\/\/www.szaktars.hu\/harmattan\/books\/?tag=Jogtudom%C3%A1ny\" target=\"_blank\" rel=\"noopener noreferrer\">Jogtudom\u00e1ny<\/a><\/li>\n<li><a href=\"https:\/\/www.szaktars.hu\/harmattan\/books\/?tag=Kommunik%C3%A1ci%C3%B3tudom%C3%A1ny\" target=\"_blank\" rel=\"noopener noreferrer\">Kommunik\u00e1ci\u00f3tudom\u00e1ny<\/a><\/li>\n<li><a href=\"https:\/\/www.szaktars.hu\/harmattan\/books\/?tag=K%C3%B6zgazdas%C3%A1gtudom%C3%A1ny\" target=\"_blank\" rel=\"noopener noreferrer\">K\u00f6zgazdas\u00e1gtudom\u00e1ny<\/a><\/li>\n<li><a href=\"https:\/\/www.szaktars.hu\/harmattan\/books\/?tag=Nevel%C3%A9studom%C3%A1ny\" target=\"_blank\" rel=\"noopener noreferrer\">Nevel\u00e9studom\u00e1ny<\/a><\/li>\n<li><a href=\"https:\/\/www.szaktars.hu\/harmattan\/books\/?tag=N%C3%A9prajz\" target=\"_blank\" rel=\"noopener noreferrer\">N\u00e9prajz<\/a><\/li>\n<li><a href=\"https:\/\/www.szaktars.hu\/harmattan\/books\/?tag=Politikatudom%C3%A1ny\" target=\"_blank\" rel=\"noopener noreferrer\">Politikatudom\u00e1ny<\/a><\/li>\n<li><a href=\"https:\/\/www.szaktars.hu\/harmattan\/books\/?tag=Szociol%C3%B3gia\" target=\"_blank\" rel=\"noopener noreferrer\">Szociol\u00f3gia<\/a><\/li>\n<li><a href=\"https:\/\/www.szaktars.hu\/harmattan\/books\/?tag=Urbanisztika\" target=\"_blank\" rel=\"noopener noreferrer\">Urbanisztika<\/a><\/li>\n<\/ul>\n\n\n\n<hr class=\"wp-block-separator\"\/>\n\n\n\n<h2><a href=\"https:\/\/www.szaktars.hu\/osiris\/\" target=\"_blank\" rel=\"noopener noreferrer\">Osiris<\/a><\/h2>\n<p style=\"text-align: justify;\"><img loading=\"lazy\" decoding=\"async\" class=\"alignleft\" src=\"https:\/\/i0.wp.com\/minerva.mtak.hu\/wp-content\/uploads\/2020\/04\/szaktars_logo.png?resize=51%2C32\" alt=\"\" width=\"51\" height=\"32\"  data-recalc-dims=\"1\">A k\u00f6nyvkiad\u00f3 b\u00f6lcs\u00e9szet-, t\u00e1rsadalomtudom\u00e1nyi \u00e9s sz\u00e9pirodalmi kiadv\u00e1nyainak gy\u0171jtem\u00e9nye, t\u00f6bb mint 1700 magyar nyelv\u0171 k\u00f6tet teljes sz\u00f6veg\u0171 el\u00e9r\u00e9s\u00e9t teszi lehet\u0151v\u00e9.<\/p>\n<ul>\n<li><a href=\"https:\/\/www.szaktars.hu\/osiris\/?tag=Jogtudom%C3%A1ny#books\" target=\"_blank\" rel=\"noopener noreferrer\">Jogtudom\u00e1ny<\/a><\/li>\n<li><a href=\"https:\/\/www.szaktars.hu\/osiris\/?tag=K%C3%B6zgazdas%C3%A1gtan#books\" target=\"_blank\" rel=\"noopener noreferrer\">K\u00f6zgazdas\u00e1gtan<\/a><\/li>\n<li><a href=\"https:\/\/www.szaktars.hu\/osiris\/?tag=M%C3%A9dia%20-%20Kommunik%C3%A1ci%C3%B3#books\" target=\"_blank\" rel=\"noopener noreferrer\">M\u00e9dia \u00e9s kommunik\u00e1ci\u00f3<\/a><\/li>\n<li><a href=\"https:\/\/www.szaktars.hu\/osiris\/?tag=N%C3%A9prajz%20-%20Antropol%C3%B3gia#books\" target=\"_blank\" rel=\"noopener noreferrer\">N\u00e9prajz, antropol\u00f3gia<\/a><\/li>\n<li><a href=\"https:\/\/www.szaktars.hu\/osiris\/?tag=Pedag%C3%B3gia#books\" target=\"_blank\" rel=\"noopener noreferrer\">Pedag\u00f3gia<\/a><\/li>\n<li><a href=\"https:\/\/www.szaktars.hu\/osiris\/?tag=Politika%20-%20Politol%C3%B3gia#books\" target=\"_blank\" rel=\"noopener noreferrer\">Politika, politol\u00f3gia<\/a><\/li>\n<li><a href=\"https:\/\/www.szaktars.hu\/osiris\/?tag=Szociol%C3%B3gia%20-%20Szociogr%C3%A1fia#books\" target=\"_blank\" rel=\"noopener noreferrer\">Szociol\u00f3gia, szociogr\u00e1fia<\/a><\/li>\n<\/ul>\n\n\n\n<hr class=\"wp-block-separator\"\/>\n\n\n\n<h2><a href=\"https:\/\/link.springer.com\/\" target=\"_blank\" rel=\"noopener noreferrer\">SpringerLink<\/a><\/h2>\n<p style=\"text-align: justify;\"><img loading=\"lazy\" decoding=\"async\" class=\"alignleft\" src=\"https:\/\/i0.wp.com\/minerva.mtak.hu\/wp-content\/uploads\/2020\/04\/springer_logo.png?resize=51%2C51\" alt=\"\" width=\"51\" height=\"51\"  data-recalc-dims=\"1\">A Springer Nature kiad\u00f3 teljes sz\u00f6veg\u0171 multidiszciplin\u00e1ris adatb\u00e1zisa 9 milli\u00f3 tanulm\u00e1nyt tartalmaz 1997-t\u0151l napjainkig, els\u0151sorban m\u0171szaki term\u00e9szet- \u00e9s orvostudom\u00e1nyi ter\u00fcleten.<\/p>\n<ul>\n<li><a href=\"https:\/\/link.springer.com\/search?facet-discipline=%22Business+and+Management%22\" target=\"_blank\" rel=\"noopener noreferrer\">Business &amp; Management<\/a><\/li>\n<li><a href=\"https:\/\/link.springer.com\/search?facet-discipline=%22Economics%22\" target=\"_blank\" rel=\"noopener noreferrer\">Economics<\/a><\/li>\n<li><a href=\"https:\/\/link.springer.com\/search?facet-discipline=%22Education%22\" target=\"_blank\" rel=\"noopener noreferrer\">Education<\/a><\/li>\n<li><a href=\"https:\/\/link.springer.com\/search?facet-discipline=%22Law%22\" target=\"_blank\" rel=\"noopener noreferrer\">Law<\/a>&nbsp;<\/li>\n<li><a class=\"facet-link\" href=\"https:\/\/link.springer.com\/search?facet-discipline=%22Political+Science+and+International+Relations%22\" target=\"_blank\" rel=\"noopener noreferrer\">Political Science and International Relations<\/a><\/li>\n<li><a href=\"https:\/\/link.springer.com\/search?facet-discipline=%22Social+Sciences%22\" target=\"_blank\" rel=\"noopener noreferrer\">Social Sciences<\/a><\/li>\n<\/ul>\n\n\n\n<hr class=\"wp-block-separator\"\/>\n\n\n\n<h2><a href=\"https:\/\/brill.com\/view\/package\/cm19\"><b>Brill Journals \u2013 Middle East &amp; Islamic Studies<\/b><\/a><\/h2>\n\n\n\n<hr class=\"wp-block-separator\"\/>\n\n\n\n<h2><a href=\"https:\/\/www.sciencedirect.com\/\" target=\"_blank\" rel=\"noopener noreferrer\"><b>Science Direct<\/b><\/a><\/h2>\n<p style=\"text-align: justify;\"><img loading=\"lazy\" decoding=\"async\" class=\"alignleft\" src=\"https:\/\/i0.wp.com\/minerva.mtak.hu\/wp-content\/uploads\/2020\/04\/ScienceDirect_logo.jpg?resize=51%2C30\" alt=\"\" width=\"51\" height=\"30\"  data-recalc-dims=\"1\">Az Elsevier kiad\u00f3 k\u00f6zel 2500 tudom\u00e1nyos foly\u00f3irat\u00e1nak teljes sz\u00f6veg\u00e9hez biztos\u00edt hozz\u00e1f\u00e9r\u00e9st.<\/p>\n<p style=\"text-align: left;\"><a href=\"https:\/\/www.sciencedirect.com\/browse\/journals-and-books?contentType=JL&amp;subject=social-sciences-and-humanities\" target=\"_blank\" rel=\"noopener noreferrer\">Social Sciences &amp; Humanities<\/a><\/p>\n\n\n\n<hr class=\"wp-block-separator\"\/>\n\n\n\n<h2><a href=\"https:\/\/wbis.degruyter.com\/autologin?user=mtakhu#\" target=\"_blank\" rel=\"noopener noreferrer\">World Biographical Information System Online<\/a> <em>(WBIS)<\/em><\/h2>\n<p><img loading=\"lazy\" decoding=\"async\" class=\"alignleft\" src=\"https:\/\/i0.wp.com\/minerva.mtak.hu\/wp-content\/uploads\/2020\/04\/de_gruyter_logo.jpg?w=300\" alt=\"\" width=\"50\" height=\"51\" \/>A De Gruyter kiad\u00f3 online adatbankja 30 nemzeti biogr\u00e1fiai adatb\u00e1zis egyes\u00edtett gy\u0171jtem\u00e9nye, k\u00f6zel 6.000.000 szem\u00e9lyr\u0151l tartalmaz \u00e9letrajzi adatokat a XVI. sz\u00e1zadt\u00f3l napjainkig.<\/p>\n\n\n\n<hr class=\"wp-block-separator\"\/>\n","protected":false},"excerpt":{"rendered":"<p>JSTOR Az egyik legnagyobb \u00e9s legkedveltebb arch\u00edv foly\u00f3irat-adatb\u00e1zis. 60 tudom\u00e1ny\u00e1g t\u00f6bb mint 2700 foly\u00f3irat\u00e1nak teljes sz\u00f6veg\u00e9t tartalmazza az utols\u00f3 2-5&#8230;<\/p>\n","protected":false},"author":2,"featured_media":0,"parent":0,"menu_order":0,"comment_status":"closed","ping_status":"closed","template":"","meta":{"footnotes":""},"aioseo_notices":[],"jetpack_sharing_enabled":true,"jetpack_shortlink":"https:\/\/wp.me\/Pb70B2-hR","_links":{"self":[{"href":"https:\/\/minerva.mtak.hu\/index.php?rest_route=\/wp\/v2\/pages\/1107"}],"collection":[{"href":"https:\/\/minerva.mtak.hu\/index.php?rest_route=\/wp\/v2\/pages"}],"about":[{"href":"https:\/\/minerva.mtak.hu\/index.php?rest_route=\/wp\/v2\/types\/page"}],"author":[{"embeddable":true,"href":"https:\/\/minerva.mtak.hu\/index.php?rest_route=\/wp\/v2\/users\/2"}],"replies":[{"embeddable":true,"href":"https:\/\/minerva.mtak.hu\/index.php?rest_route=%2Fwp%2Fv2%2Fcomments&post=1107"}],"version-history":[{"count":17,"href":"https:\/\/minerva.mtak.hu\/index.php?rest_route=\/wp\/v2\/pages\/1107\/revisions"}],"predecessor-version":[{"id":1251,"href":"https:\/\/minerva.mtak.hu\/index.php?rest_route=\/wp\/v2\/pages\/1107\/revisions\/1251"}],"wp:attachment":[{"href":"https:\/\/minerva.mtak.hu\/index.php?rest_route=%2Fwp%2Fv2%2Fmedia&parent=1107"}],"curies":[{"name":"wp","href":"https:\/\/api.w.org\/{rel}","templated":true}]}}