{"id":1105,"date":"2020-04-24T17:34:26","date_gmt":"2020-04-24T15:34:26","guid":{"rendered":"http:\/\/minerva.mtak.hu\/?page_id=1105"},"modified":"2020-05-04T14:15:01","modified_gmt":"2020-05-04T12:15:01","slug":"elofizeteses-adatbazisok-az-mta-kik-ben-orientalisztika","status":"publish","type":"page","link":"https:\/\/minerva.mtak.hu\/?page_id=1105","title":{"rendered":"El\u0151fizet\u00e9ses adatb\u00e1zisok az MTA KIK-ben &#8211; orientalisztika"},"content":{"rendered":"<h2><a href=\"https:\/\/jstor.org\" target=\"_blank\" rel=\"noopener noreferrer\">JSTOR<\/a><\/h2>\n<p style=\"text-align: justify;\"><img loading=\"lazy\" decoding=\"async\" class=\"alignleft\" src=\"https:\/\/i1.wp.com\/minerva.mtak.hu\/wp-content\/uploads\/2020\/04\/JSTOR_logo.png?zoom=2&amp;resize=177%2C221\" alt=\"\" width=\"50\" height=\"63\">Az egyik legnagyobb \u00e9s legkedveltebb arch\u00edv foly\u00f3irat-adatb\u00e1zis. 60 tudom\u00e1ny\u00e1g t\u00f6bb mint 2700 foly\u00f3irat\u00e1nak teljes sz\u00f6veg\u00e9t tartalmazza az utols\u00f3 2-5 \u00e9v kiv\u00e9tel\u00e9vel.<\/p>\n<div class=\"medium-4 columns\">\n<ul>\n<li><a href=\"https:\/\/www.jstor.org\/subject\/asianstudies\" target=\"_blank\" rel=\"noopener noreferrer\" data-code=\"asianstudies-discipline \">Asian Studies<\/a><\/li>\n<li><a style=\"font-size: inherit;\" href=\"https:\/\/www.jstor.org\/subject\/jewishstudies\" target=\"_blank\" rel=\"noopener noreferrer\" data-code=\"jewishstudies-discipline \">Jewish Studies<\/a><\/li>\n<li><a style=\"font-size: inherit;\" href=\"https:\/\/www.jstor.org\/subject\/middleeaststudies\" target=\"_blank\" rel=\"noopener noreferrer\" data-code=\"middleeaststudies-discipline \">Middle East Studies<\/a><\/li>\n<\/ul>\n<\/div>\n\n\n<hr class=\"wp-block-separator\"\/>\n\n\n<h2><a href=\"http:\/\/muse.jhu.edu\/\" target=\"_blank\" rel=\"noopener noreferrer\">Project Muse<\/a><\/h2>\n<p><img loading=\"lazy\" decoding=\"async\" class=\"alignleft\" src=\"https:\/\/i0.wp.com\/minerva.mtak.hu\/wp-content\/uploads\/2020\/04\/project-muse-logo.jpg?resize=300%2C205\" alt=\"\" width=\"73\" height=\"50\">Az adatb\u00e1zisban els\u0151sorban egyetemi kiad\u00f3k mintegy 700 foly\u00f3irata \u00e9rhet\u0151 el teljes sz\u00f6veggel.<\/p>\n<ul>\n<li><a href=\"https:\/\/muse.jhu.edu\/search?action=browse&amp;limit=subscription:n&amp;limit=discipline_id:1&amp;min=1&amp;max=10&amp;t=discipline_facet_select\" target=\"_blank\" rel=\"noopener noreferrer\">Area &amp; Ethnic Studies<\/a><\/li>\n<li><a href=\"https:\/\/muse.jhu.edu\/search?action=browse&amp;limit=subscription:n&amp;limit=discipline_id:7&amp;min=1&amp;max=10&amp;t=discipline_facet_select\" target=\"_blank\" rel=\"noopener noreferrer\">Asian &amp; Pacific Studies<\/a><\/li>\n<li><a href=\"https:\/\/muse.jhu.edu\/search?action=browse&amp;limit=subscription:n&amp;limit=discipline_id:55&amp;min=1&amp;max=10&amp;t=discipline_facet_select\" target=\"_blank\" rel=\"noopener noreferrer\">Asian History<\/a><\/li>\n<li><a href=\"https:\/\/muse.jhu.edu\/search?action=browse&amp;limit=subscription:n&amp;limit=discipline_id:107&amp;min=1&amp;max=10&amp;t=discipline_facet_select\" target=\"_blank\" rel=\"noopener noreferrer\">Asian Literature<\/a><\/li>\n<li><a href=\"https:\/\/muse.jhu.edu\/search?action=browse&amp;limit=subscription:n&amp;limit=discipline_id:134&amp;min=1&amp;max=10&amp;t=discipline_facet_select\" target=\"_blank\" rel=\"noopener noreferrer\">Asian Philosophy<\/a><\/li>\n<li><a href=\"https:\/\/muse.jhu.edu\/search?action=browse&amp;limit=subscription:n&amp;limit=discipline_id:13&amp;min=1&amp;max=10&amp;t=discipline_facet_select\" target=\"_blank\" rel=\"noopener noreferrer\">Jewish Studies<\/a><\/li>\n<li><a href=\"https:\/\/muse.jhu.edu\/search?action=browse&amp;limit=subscription:n&amp;limit=discipline_id:15&amp;min=1&amp;max=10&amp;t=discipline_facet_select\" target=\"_blank\" rel=\"noopener noreferrer\"><span style=\"font-weight: 400;\">Middle Eastern Studies<\/span><\/a><\/li>\n<\/ul>\n\n\n<hr class=\"wp-block-separator\"\/>\n\n\n\n<h2><a href=\"https:\/\/academic.oup.com\/journals\/pages\/arts_and_humanities\" target=\"_blank\" rel=\"noopener noreferrer\">Oxford University Press Journals<\/a> <em>(Arts &amp; Humanities)<\/em><\/h2>\n<p style=\"text-align: justify;\"><img loading=\"lazy\" decoding=\"async\" class=\"alignleft\" src=\"https:\/\/i1.wp.com\/minerva.mtak.hu\/wp-content\/uploads\/2020\/04\/OUP_logo.png?w=300\" alt=\"\" width=\"50\" height=\"50\">A teljes sz\u00f6veg\u0171 b\u00f6lcs\u00e9szettudom\u00e1nyi foly\u00f3iratadatb\u00e1zisban t\u00f6bb mint 80 foly\u00f3irat \u00e9rhet\u0151 el 1996-t\u00f3l kezdve.<\/p>\n\n\n\n<hr class=\"wp-block-separator\"\/>\n\n\n\n<h2><a href=\"https:\/\/www.cambridge.org\/core\" target=\"_blank\" rel=\"noopener noreferrer\">Cambridge Journals<\/a> <em>(HSS Collection)<\/em><\/h2>\n<p style=\"text-align: justify;\"><img loading=\"lazy\" decoding=\"async\" class=\"alignleft\" src=\"https:\/\/i1.wp.com\/minerva.mtak.hu\/wp-content\/uploads\/2020\/04\/CUP_logo.jpg?w=360\" alt=\"\" width=\"50\" height=\"50\">Az adatb\u00e1zisban a Cambridge University Press t\u00f6bb mint 250 hum\u00e1n \u00e9s t\u00e1rsadalomtudom\u00e1nyi&nbsp; foly\u00f3irat\u00e1nak teljes sz\u00f6vege \u00e9rhet\u0151 el 2014-2019-ig.<\/p>\n<ul>\n<li><span style=\"font-weight: 400;\"><a href=\"https:\/\/www.cambridge.org\/core\/browse-subjects\/area-studies\/asian-studies\" target=\"_blank\" rel=\"noopener noreferrer\">Asian Studies<\/a><\/span><\/li>\n<li><a href=\"https:\/\/www.cambridge.org\/core\/browse-subjects\/area-studies\/middle-east-studies\" target=\"_blank\" rel=\"noopener noreferrer\">Middle East studies<\/a><\/li>\n<\/ul>\n\n\n\n<hr class=\"wp-block-separator\"\/>\n\n\n\n<h2><a href=\"https:\/\/www.degruyter.com\/browse?type_0=journals\" target=\"_blank\" rel=\"noopener noreferrer\">De Gruyter Journals<\/a> <em>(SSH Package)<\/em><\/h2>\n<p style=\"text-align: justify;\"><img loading=\"lazy\" decoding=\"async\" class=\"alignleft\" src=\"https:\/\/i0.wp.com\/minerva.mtak.hu\/wp-content\/uploads\/2020\/04\/de_gruyter_logo.jpg?w=300\" alt=\"\" width=\"50\" height=\"50\">De Gruyter kiad\u00f3 t\u00f6bb mint 350 online hum\u00e1n \u00e9s t\u00e1rsadalomtudom\u00e1nyi foly\u00f3irat\u00e1t \u00e9s tov\u00e1bbi 400 open access foly\u00f3iratot tartalmaz 1995-t\u0151l napjainkig.<\/p>\n\n\n\n<hr class=\"wp-block-separator\"\/>\n\n\n\n<h2><a href=\"http:\/\/akademiai.com\/\" target=\"_blank\" rel=\"noopener noreferrer\">Az Akad\u00e9miai Kiad\u00f3 foly\u00f3iratai<\/a><\/h2>\n<p style=\"text-align: justify;\"><img loading=\"lazy\" decoding=\"async\" class=\"alignleft\" src=\"https:\/\/i0.wp.com\/minerva.mtak.hu\/wp-content\/uploads\/2020\/04\/AKJ_logo.png?resize=174%2C50\" alt=\"\" width=\"174\" height=\"50\"  data-recalc-dims=\"1\">Az Akad\u00e9miai Kiad\u00f3 t\u00f6bb mint 60 refer\u00e1lt foly\u00f3irata teljes sz\u00f6veggel el\u00e9rhet\u0151 a t\u00f6bb tudom\u00e1ny\u00e1gra kiterjed\u0151 adatb\u00e1zisban.<\/p>\n<p><a href=\"https:\/\/akjournals.com\/collection\/Arts?submittedFilterId=by-type&amp;pageSize=10&amp;sort=datedescending&amp;type_2=journal\" target=\"_blank\" rel=\"noopener noreferrer\">Arts&amp;Humanities<\/a><\/p>\n\n\n\n<hr class=\"wp-block-separator\"\/>\n\n\n\n<h2><a href=\"https:\/\/link.springer.com\/\" target=\"_blank\" rel=\"noopener noreferrer\">SpringerLink<\/a><\/h2>\n<p style=\"text-align: justify;\"><img loading=\"lazy\" decoding=\"async\" class=\"alignleft\" src=\"https:\/\/i0.wp.com\/minerva.mtak.hu\/wp-content\/uploads\/2020\/04\/springer_logo.png?resize=51%2C51\" alt=\"\" width=\"51\" height=\"51\">A Springer Nature kiad\u00f3 teljes sz\u00f6veg\u0171 multidiszciplin\u00e1ris adatb\u00e1zisa 9 milli\u00f3 tanulm\u00e1nyt tartalmaz 1997-t\u0151l napjainkig.<\/p>\n\n\n\n<hr class=\"wp-block-separator\"\/>\n\n\n\n<h2><a class=\"textlink\" href=\"http:\/\/vha.usc.edu\/login\" target=\"_blank\" rel=\"noopener noreferrer\"><strong>USC SO\u00c1 Foundation Visual History Archive<\/strong><\/a><em><strong>&nbsp;(VHA)<\/strong><\/em><\/h2>\n<p style=\"text-align: justify;\"><img loading=\"lazy\" decoding=\"async\" class=\"alignleft\" src=\"https:\/\/i2.wp.com\/minerva.mtak.hu\/wp-content\/uploads\/2020\/04\/USC_logo.png?resize=50%2C62\" alt=\"\" width=\"50\" height=\"62\">Az Arch\u00edvum t\u00f6bb mint 55 ezer, a n\u00e9pirt\u00e1sok t\u00fal\u00e9l\u0151ivel \u00e9s szemtan\u00faival felvett vide\u00f3interj\u00fat tartalmaz. Az adatb\u00e1zisban t\u00f6bb ezer magyar vonatkoz\u00e1s\u00fa felv\u00e9tel is tal\u00e1lhat\u00f3.<\/p>\n\n\n\n<hr class=\"wp-block-separator\"\/>\n\n\n\n<h2><a href=\"https:\/\/wbis.degruyter.com\/autologin?user=mtakhu#\" target=\"_blank\" rel=\"noopener noreferrer\">World Biographical Information System Online<\/a> <em>(WBIS)<\/em><\/h2>\n<p><img loading=\"lazy\" decoding=\"async\" class=\"alignleft\" src=\"https:\/\/i0.wp.com\/minerva.mtak.hu\/wp-content\/uploads\/2020\/04\/de_gruyter_logo.jpg?resize=50%2C50\" alt=\"\" width=\"50\" height=\"50\" data-recalc-dims=\"1\" \/>A De Gruyter kiad\u00f3 online adatbankja 30 nemzeti biogr\u00e1fiai adatb\u00e1zis egyes\u00edtett gy\u0171jtem\u00e9nye, k\u00f6zel 6.000.000 szem\u00e9lyr\u0151l tartalmaz \u00e9letrajzi adatokat a XVI. sz\u00e1zadt\u00f3l napjainkig.<\/p>\n\n\n\n<hr class=\"wp-block-separator\"\/>\n\n\n\n<h2><a href=\"http:\/\/hunteq.com\/foodrarec\/foodrarekm\" target=\"_blank\" rel=\"noopener noreferrer\">Ancient Texts of Food and Drink<\/a> &#8211; Yin shi gu ji &nbsp;\u98f2\u98df\u53e4\u7c4d<\/h2>\n\n\n\n<hr class=\"wp-block-separator\"\/>\n\n\n\n<h2><a href=\"https:\/\/brill.com\/view\/package\/cm19\" target=\"_blank\" rel=\"noopener noreferrer\">Brill Journals<\/a> \u2013 Middle East &amp; Islamic Studies<\/h2>\n\n\n\n<hr class=\"wp-block-separator\"\/>\n\n\n\n<h2><a href=\"https:\/\/referenceworks.brillonline.com\/cluster\/Encyclopaedia%20of%20Islam\" target=\"_blank\" rel=\"noopener noreferrer\">Encyclopaedia of Islam<\/a><\/h2>\n\n\n\n<hr class=\"wp-block-separator\"\/>\n\n\n\n<h2><a href=\"http:\/\/go.galegroup.com\/ps\/eToc.do?userGroupName=lhas&amp;prodId=GVRL&amp;inPS=true&amp;action=DO_BROWSE_ETOC&amp;searchType=BasicSearchForm&amp;docId=GALE|9780684315126&amp;contentSegment=9780684315126\" target=\"_blank\" rel=\"noopener noreferrer\">Encyclopedia of India<\/a>, 2006<\/h2>\n\n\n\n<hr class=\"wp-block-separator\"\/>\n\n\n\n<h2><a href=\"http:\/\/bibliographies.brillonline.com\/browse\/index-islamicus\" target=\"_blank\" rel=\"noopener noreferrer\">Index Islamicus<\/a><\/h2>\n\n\n\n<hr class=\"wp-block-separator\"\/>\n\n\n\n<h2><a href=\"http:\/\/192.192.58.94\/login_guocui.htm\" target=\"_blank\" rel=\"noopener noreferrer\">Journal of National Essence<\/a> &#8211; Guo cui xue bao <strong>\u570b\u7cb9\u5b78\u5831<\/strong><\/h2>\n\n\n\n<hr class=\"wp-block-separator\"\/>\n\n\n\n<h2><a href=\"http:\/\/udndata.com\/ndapp\/Index#fm\" target=\"_blank\" rel=\"noopener noreferrer\">Newspapers Full-text Database<\/a> &#8211; Quan wen bao zhi zi liao ku \u5168\u6587\u5831\u7d19\u8cc7\u6599\u5eab<\/h2>\n\n\n\n<hr class=\"wp-block-separator\"\/>\n\n\n\n<h2><a href=\"http:\/\/192.192.58.92\/udp\/\" target=\"_blank\" rel=\"noopener noreferrer\">Sinica Sinoweb<\/a> &#8211; Jing dian ren wen xue kan ku <strong>\u7d93\u5178\u4eba\u6587\u5b78\u520a\u5eab<\/strong><\/h2>\n\n\n\n<hr class=\"wp-block-separator\"\/>\n\n\n\n<h2><a href=\"http:\/\/tai.udpweb.com.tw\/\" target=\"_blank\" rel=\"noopener noreferrer\">Taiwan Literature Series<\/a> &#8211; Taiwan wen xian cong kan <strong>\u53f0\u7063\u6587\u737b\u53e2\u520a<\/strong><\/h2>\n\n\n\n<hr class=\"wp-block-separator\"\/>\n\n\n\n<h2><a href=\"https:\/\/primarysources.brillonline.com\/browse\/western-travellers-in-the-islamic-world\" target=\"_blank\" rel=\"noopener noreferrer\">Western Travellers in the Islamic World Online<\/a><\/h2>\n\n\n\n<hr class=\"wp-block-separator\"\/>\n","protected":false},"excerpt":{"rendered":"<p>JSTOR Az egyik legnagyobb \u00e9s legkedveltebb arch\u00edv foly\u00f3irat-adatb\u00e1zis. 60 tudom\u00e1ny\u00e1g t\u00f6bb mint 2700 foly\u00f3irat\u00e1nak teljes sz\u00f6veg\u00e9t tartalmazza az utols\u00f3 2-5&#8230;<\/p>\n","protected":false},"author":2,"featured_media":0,"parent":0,"menu_order":0,"comment_status":"closed","ping_status":"closed","template":"","meta":{"footnotes":""},"aioseo_notices":[],"jetpack_sharing_enabled":true,"jetpack_shortlink":"https:\/\/wp.me\/Pb70B2-hP","_links":{"self":[{"href":"https:\/\/minerva.mtak.hu\/index.php?rest_route=\/wp\/v2\/pages\/1105"}],"collection":[{"href":"https:\/\/minerva.mtak.hu\/index.php?rest_route=\/wp\/v2\/pages"}],"about":[{"href":"https:\/\/minerva.mtak.hu\/index.php?rest_route=\/wp\/v2\/types\/page"}],"author":[{"embeddable":true,"href":"https:\/\/minerva.mtak.hu\/index.php?rest_route=\/wp\/v2\/users\/2"}],"replies":[{"embeddable":true,"href":"https:\/\/minerva.mtak.hu\/index.php?rest_route=%2Fwp%2Fv2%2Fcomments&post=1105"}],"version-history":[{"count":12,"href":"https:\/\/minerva.mtak.hu\/index.php?rest_route=\/wp\/v2\/pages\/1105\/revisions"}],"predecessor-version":[{"id":1250,"href":"https:\/\/minerva.mtak.hu\/index.php?rest_route=\/wp\/v2\/pages\/1105\/revisions\/1250"}],"wp:attachment":[{"href":"https:\/\/minerva.mtak.hu\/index.php?rest_route=%2Fwp%2Fv2%2Fmedia&parent=1105"}],"curies":[{"name":"wp","href":"https:\/\/api.w.org\/{rel}","templated":true}]}}