{"id":1103,"date":"2020-04-24T17:33:46","date_gmt":"2020-04-24T15:33:46","guid":{"rendered":"http:\/\/minerva.mtak.hu\/?page_id=1103"},"modified":"2023-01-27T18:35:06","modified_gmt":"2023-01-27T17:35:06","slug":"elofizeteses-adatbazisok-az-mta-kik-ben-muveszetek","status":"publish","type":"page","link":"https:\/\/minerva.mtak.hu\/?page_id=1103","title":{"rendered":"El\u0151fizet\u00e9ses adatb\u00e1zisok az MTA KIK-ben &#8211; m\u0171v\u00e9szetek"},"content":{"rendered":"<h2><a href=\"https:\/\/jstor.org\" target=\"_blank\" rel=\"noopener noreferrer\">JSTOR<\/a><\/h2>\n<p style=\"text-align: justify;\"><img loading=\"lazy\" decoding=\"async\" class=\"alignleft\" src=\"https:\/\/i1.wp.com\/minerva.mtak.hu\/wp-content\/uploads\/2020\/04\/JSTOR_logo.png?zoom=2&amp;resize=177%2C221\" alt=\"\" width=\"50\" height=\"63\">Az egyik legnagyobb \u00e9s legkedveltebb arch\u00edv foly\u00f3irat-adatb\u00e1zis. 60 tudom\u00e1ny\u00e1g t\u00f6bb mint 2700 foly\u00f3irat\u00e1nak teljes sz\u00f6veg\u00e9t tartalmazza az utols\u00f3 2-5 \u00e9v kiv\u00e9tel\u00e9vel.<\/p>\n<div class=\"medium-4 columns\">\n<ul>\n<li><a href=\"https:\/\/www.jstor.org\/subject\/architecture\" target=\"_blank\" rel=\"noopener noreferrer\" data-code=\"architecture-discipline \">Architecture &amp; Architectural History<\/a><\/li>\n<li><a href=\"https:\/\/www.jstor.org\/subject\/arthistory\" target=\"_blank\" rel=\"noopener noreferrer\" data-code=\"arthistory-discipline \">Art &amp; Art History<\/a><\/li>\n<li><a href=\"https:\/\/www.jstor.org\/subject\/film\" target=\"_blank\" rel=\"noopener noreferrer\">Film Studies<\/a><\/li>\n<li><a style=\"font-size: inherit;\" href=\"https:\/\/www.jstor.org\/subject\/gardland\" target=\"_blank\" rel=\"noopener noreferrer\" data-code=\"gardland-discipline \">Garden &amp; Landscape<\/a><\/li>\n<li><a href=\"https:\/\/www.jstor.org\/subject\/musestud\" target=\"_blank\" rel=\"noopener noreferrer\">Museum Studies<\/a><\/li>\n<li><a style=\"font-size: inherit;\" href=\"https:\/\/www.jstor.org\/subject\/music\" target=\"_blank\" rel=\"noopener noreferrer\" data-code=\"music-discipline \">Music<\/a><\/li>\n<li><a style=\"font-size: inherit;\" href=\"https:\/\/www.jstor.org\/subject\/performingarts\" target=\"_blank\" rel=\"noopener noreferrer\" data-code=\"performingarts-discipline \">Performing Arts<\/a><\/li>\n<\/ul>\n<\/div>\n\n\n<hr class=\"wp-block-separator has-css-opacity\"\/>\n\n\n<h2><a href=\"http:\/\/muse.jhu.edu\/\" target=\"_blank\" rel=\"noopener noreferrer\">Project Muse<\/a><\/h2>\n<p><img loading=\"lazy\" decoding=\"async\" class=\"alignleft\" src=\"https:\/\/i0.wp.com\/minerva.mtak.hu\/wp-content\/uploads\/2020\/04\/project-muse-logo.jpg?resize=300%2C205\" alt=\"\" width=\"73\" height=\"50\">Az adatb\u00e1zisban els\u0151sorban egyetemi kiad\u00f3k mintegy 700 foly\u00f3irata \u00e9rhet\u0151 el teljes sz\u00f6veggel.<\/p>\n<p><strong>Foly\u00f3iratok, k\u00f6nyvek, b\u00f6ng\u00e9sz\u00e9s<\/strong><\/p>\n<ul>\n<li><a href=\"https:\/\/muse.jhu.edu\/search?action=browse&amp;limit=subscription:n&amp;limit=discipline_id:18,21&amp;min=1&amp;max=10&amp;t=discipline_facet_select\" target=\"_blank\" rel=\"noopener noreferrer\">Art &amp; Architecture<\/a>&nbsp;<\/li>\n<li><a href=\"https:\/\/muse.jhu.edu\/search?action=browse&amp;limit=subscription:n&amp;limit=discipline_id:42&amp;min=1&amp;max=10&amp;t=discipline_facet_select\" target=\"_blank\" rel=\"noopener noreferrer\"><span style=\"font-weight: 400;\">Film, Theater, and Performing Arts<\/span><\/a><\/li>\n<li><a href=\"https:\/\/muse.jhu.edu\/search?action=browse&amp;limit=subscription:n&amp;limit=discipline_id:129&amp;min=1&amp;max=20\" target=\"_blank\" rel=\"noopener noreferrer\"><span style=\"font-weight: 400;\">Music<\/span><\/a><\/li>\n<\/ul>\n\n\n<hr class=\"wp-block-separator has-css-opacity\"\/>\n\n\n\n<h2><a href=\"https:\/\/academic.oup.com\/journals\/pages\/arts_and_humanities\" target=\"_blank\" rel=\"noopener noreferrer\">Oxford University Press Journals<\/a> <em>(Arts &amp; Humanities)<\/em><\/h2>\n<p style=\"text-align: justify;\"><img loading=\"lazy\" decoding=\"async\" class=\"alignleft\" src=\"https:\/\/i1.wp.com\/minerva.mtak.hu\/wp-content\/uploads\/2020\/04\/OUP_logo.png?w=300\" alt=\"\" width=\"50\" height=\"50\">A teljes sz\u00f6veg\u0171 b\u00f6lcs\u00e9szettudom\u00e1nyi foly\u00f3iratadatb\u00e1zisban t\u00f6bb mint 80 foly\u00f3irat \u00e9rhet\u0151 el 1996-t\u00f3l kezdve.<\/p>\n\n\n\n<hr class=\"wp-block-separator has-css-opacity\"\/>\n\n\n\n<h2><a href=\"https:\/\/www.cambridge.org\/core\" target=\"_blank\" rel=\"noopener noreferrer\">Cambridge Journals<\/a> <em>(HSS Collection)<\/em><\/h2>\n<p style=\"text-align: justify;\"><img loading=\"lazy\" decoding=\"async\" class=\"alignleft\" src=\"https:\/\/i1.wp.com\/minerva.mtak.hu\/wp-content\/uploads\/2020\/04\/CUP_logo.jpg?w=360\" alt=\"\" width=\"50\" height=\"50\">Az adatb\u00e1zisban a Cambridge University Press t\u00f6bb mint 250 hum\u00e1n \u00e9s t\u00e1rsadalomtudom\u00e1nyi&nbsp; foly\u00f3irat\u00e1nak teljes sz\u00f6vege \u00e9rhet\u0151 el 2014-2019-ig.<\/p>\n<ul>\n<li><a href=\"https:\/\/www.cambridge.org\/core\/browse-subjects\/art\" target=\"_blank\" rel=\"noopener noreferrer\">Art<\/a><\/li>\n<li><a href=\"https:\/\/www.cambridge.org\/core\/browse-subjects\/drama-and-theatre\" target=\"_blank\" rel=\"noopener noreferrer\"><span style=\"font-weight: 400;\">Drama and Theatre<\/span><\/a><\/li>\n<li><a href=\"https:\/\/www.cambridge.org\/core\/browse-subjects\/film-media-mass-ommunication\" target=\"_blank\" rel=\"noopener noreferrer\"><span style=\"font-weight: 400;\">Film, Media, Mass Communication<\/span><\/a><\/li>\n<li><a href=\"https:\/\/www.cambridge.org\/core\/browse-subjects\/music\" target=\"_blank\" rel=\"noopener noreferrer\"><span style=\"font-weight: 400;\">Music<\/span><\/a><\/li>\n<\/ul>\n\n\n\n<hr class=\"wp-block-separator has-css-opacity\"\/>\n\n\n\n<h2><a href=\"https:\/\/www.degruyter.com\/browse?type_0=journals\" target=\"_blank\" rel=\"noopener noreferrer\">De Gruyter Journals<\/a> <em>(SSH Package)<\/em><\/h2>\n<p style=\"text-align: justify;\"><img loading=\"lazy\" decoding=\"async\" class=\"alignleft\" src=\"https:\/\/i0.wp.com\/minerva.mtak.hu\/wp-content\/uploads\/2020\/04\/de_gruyter_logo.jpg?w=300\" alt=\"\" width=\"50\" height=\"50\">De Gruyter kiad\u00f3 t\u00f6bb mint 350 online hum\u00e1n \u00e9s t\u00e1rsadalomtudom\u00e1nyi foly\u00f3irat\u00e1t \u00e9s tov\u00e1bbi 400 open access foly\u00f3iratot tartalmaz 1995-t\u0151l napjainkig.<\/p>\n\n\n\n<hr class=\"wp-block-separator has-css-opacity\"\/>\n\n\n\n<h2><a href=\"http:\/\/akademiai.com\/\" target=\"_blank\" rel=\"noopener noreferrer\">Az Akad\u00e9miai Kiad\u00f3 foly\u00f3iratai<\/a><\/h2>\n<p style=\"text-align: justify;\"><img loading=\"lazy\" decoding=\"async\" class=\"alignleft\" src=\"https:\/\/i0.wp.com\/minerva.mtak.hu\/wp-content\/uploads\/2020\/04\/AKJ_logo.png?resize=174%2C50\" alt=\"\" width=\"174\" height=\"50\"  data-recalc-dims=\"1\">Az Akad\u00e9miai Kiad\u00f3 t\u00f6bb mint 60 refer\u00e1lt foly\u00f3irata teljes sz\u00f6veggel el\u00e9rhet\u0151 a t\u00f6bb tudom\u00e1ny\u00e1gra kiterjed\u0151 adatb\u00e1zisban.<\/p>\n<p><a href=\"https:\/\/akjournals.com\/collection\/Arts?submittedFilterId=by-type&amp;pageSize=10&amp;sort=datedescending&amp;type_2=journal\" target=\"_blank\" rel=\"noopener noreferrer\">Arts&amp;Humanities<\/a><\/p>\n\n\n\n<hr class=\"wp-block-separator has-css-opacity\"\/>\n\n\n\n<h2><a href=\"https:\/\/www.szaktars.hu\/harmattan\/\" target=\"_blank\" rel=\"noopener noreferrer\">L&#8217;Harmattan Digit\u00e1lis Adatb\u00e1zis<\/a><\/h2>\n<p style=\"text-align: justify;\"><img loading=\"lazy\" decoding=\"async\" class=\"alignleft\" src=\"https:\/\/i0.wp.com\/minerva.mtak.hu\/wp-content\/uploads\/2020\/04\/szaktars_logo.png?resize=50%2C31\" alt=\"\" width=\"50\" height=\"31\"  data-recalc-dims=\"1\">A L\u2019Harmattan Kiad\u00f3 komplex digit\u00e1lis adatb\u00e1zisa. T\u00f6bb mint 1400, t\u00f6bbnyire magyar nyelv\u0171 b\u00f6lcs\u00e9szet- \u00e9s t\u00e1rsadalomtudom\u00e1nyi szakmunk\u00e1t, tank\u00f6nyvet \u00e9s forr\u00e1skiadv\u00e1nyt tartalmaz.<\/p>\n<ul>\n<li><a href=\"https:\/\/www.szaktars.hu\/harmattan\/books\/?tag=Filmm%C5%B1v%C3%A9szet\" target=\"_blank\" rel=\"noopener noreferrer\">Filmm\u0171v\u00e9szet<\/a><\/li>\n<li><a href=\"https:\/\/www.szaktars.hu\/harmattan\/books\/?tag=K%C3%A9pz%C5%91m%C5%B1v%C3%A9szet\" target=\"_blank\" rel=\"noopener noreferrer\">K\u00e9pz\u0151m\u0171v\u00e9szet<\/a><\/li>\n<li><a href=\"https:\/\/www.szaktars.hu\/harmattan\/books\/?tag=M%C5%B1v%C3%A9szet\" target=\"_blank\" rel=\"noopener noreferrer\">M\u0171v\u00e9szet<\/a><\/li>\n<li><a href=\"https:\/\/www.szaktars.hu\/harmattan\/books\/?tag=Sz%C3%ADnh%C3%A1ztudom%C3%A1ny\" target=\"_blank\" rel=\"noopener noreferrer\">Sz\u00ednh\u00e1ztudom\u00e1ny<\/a><\/li>\n<li><a href=\"https:\/\/www.szaktars.hu\/harmattan\/books\/?tag=T%C3%A1ncm%C5%B1v%C3%A9szet\" target=\"_blank\" rel=\"noopener noreferrer\">T\u00e1ncm\u0171v\u00e9szet<\/a><\/li>\n<li><a href=\"https:\/\/www.szaktars.hu\/harmattan\/books\/?tag=Urbanisztika\" target=\"_blank\" rel=\"noopener noreferrer\">Urbanisztika<\/a><\/li>\n<li><a href=\"https:\/\/www.szaktars.hu\/harmattan\/books\/?tag=Zenetudom%C3%A1ny\" target=\"_blank\" rel=\"noopener noreferrer\">Zenetudom\u00e1ny<\/a><\/li>\n<\/ul>\n\n\n\n<hr class=\"wp-block-separator has-css-opacity\"\/>\n\n\n\n<h2><a href=\"https:\/\/www.szaktars.hu\/osiris\/\" target=\"_blank\" rel=\"noopener noreferrer\">Osiris<\/a><\/h2>\n<p style=\"text-align: justify;\"><img loading=\"lazy\" decoding=\"async\" class=\"alignleft\" src=\"https:\/\/i0.wp.com\/minerva.mtak.hu\/wp-content\/uploads\/2020\/04\/szaktars_logo.png?resize=51%2C32\" alt=\"\" width=\"51\" height=\"32\"  data-recalc-dims=\"1\">A k\u00f6nyvkiad\u00f3 b\u00f6lcs\u00e9szet-, t\u00e1rsadalomtudom\u00e1nyi \u00e9s sz\u00e9pirodalmi kiadv\u00e1nyainak gy\u0171jtem\u00e9nye, t\u00f6bb mint 1700 magyar nyelv\u0171 k\u00f6tet teljes sz\u00f6veg\u0171 el\u00e9r\u00e9s\u00e9t teszi lehet\u0151v\u00e9.<\/p>\n<ul>\n<li><a href=\"https:\/\/www.szaktars.hu\/osiris\/?tag=Film%20-%20Sz%C3%ADnh%C3%A1z#books\" target=\"_blank\" rel=\"noopener noreferrer\"><span style=\"font-weight: 400;\">Film, sz\u00ednh\u00e1z<\/span><\/a><\/li>\n<li><a href=\"https:\/\/www.szaktars.hu\/osiris\/?tag=K%C3%A9pesk%C3%B6nyvek#books\" target=\"_blank\" rel=\"noopener noreferrer\">K\u00e9pesk\u00f6nyvek<\/a><\/li>\n<li><a href=\"https:\/\/www.szaktars.hu\/osiris\/?tag=M%C5%B1v%C3%A9szett%C3%B6rt%C3%A9net#books\" target=\"_blank\" rel=\"noopener noreferrer\">M\u0171v\u00e9szett\u00f6rt\u00e9net<\/a><\/li>\n<li><a href=\"https:\/\/www.szaktars.hu\/osiris\/?tag=Zene#books\" target=\"_blank\" rel=\"noopener noreferrer\">Zene<\/a><\/li>\n<\/ul>\n\n\n\n<hr class=\"wp-block-separator has-css-opacity\"\/>\n\n\n\n<h2><a href=\"http:\/\/cpps.brepolis.net\/aph\" target=\"_blank\" rel=\"noopener noreferrer\">L&#8217;Ann\u00e9e Philologique<\/a><\/h2>\n<p style=\"text-align: justify;\"><img loading=\"lazy\" decoding=\"async\" class=\"alignleft\" src=\"https:\/\/i0.wp.com\/minerva.mtak.hu\/wp-content\/uploads\/2020\/04\/lanneephil_logo.jpg?resize=50%2C75\" alt=\"\" width=\"50\" height=\"75\"  data-recalc-dims=\"1\">A nagy m\u00falt\u00fa \u00f3kortudom\u00e1nyi bibliogr\u00e1fia digit\u00e1lis v\u00e1ltozata, az \u00f6sszes k\u00f6tetet tartalmazza 1928-t\u00f3l kezdve. T\u00f6bb mint 1000, k\u00f6zt\u00fck sok magyar foly\u00f3iratot indexel.<\/p>\n\n\n\n<hr class=\"wp-block-separator has-css-opacity\"\/>\n\n\n\n<h2>Der Neue Pauly \/ New Pauly<\/h2>\n<p style=\"text-align: justify;\"><img loading=\"lazy\" decoding=\"async\" class=\"alignleft\" src=\"https:\/\/i1.wp.com\/minerva.mtak.hu\/wp-content\/uploads\/2020\/04\/pauly_logo.jpg?resize=70%2C50\" alt=\"\" width=\"70\" height=\"50\">\u00d3kortudom\u00e1nyi adatb\u00e1zis, a&nbsp;<i>Realencyclop\u00e4die der Classischen Altertumswissenschaft&nbsp;<\/i>c\u00edm\u0171 enciklop\u00e9dia r\u00f6vid\u00edtett \u00e9s aktualiz\u00e1lt 18 k\u00f6tetes kiad\u00e1s\u00e1nak teljes sz\u00f6veg\u00e9t tartalmazza n\u00e9met, ill. angol nyelven.<\/p>\n<p><strong><a href=\"http:\/\/referenceworks.brillonline.com\/browse\/der-neue-pauly\" target=\"_blank\" rel=\"noopener noreferrer\">Der Neue Pauly: Enzyklop\u00e4die der Antike<\/a><\/strong><\/p>\n<p><strong><a href=\"http:\/\/referenceworks.brillonline.com\/browse\/brill-s-new-pauly\" target=\"_blank\" rel=\"noopener noreferrer\">New Pauly: Encyclopedia of the Ancient World<\/a><\/strong><\/p>\n\n\n\n<hr class=\"wp-block-separator has-css-opacity\"\/>\n","protected":false},"excerpt":{"rendered":"<p>JSTOR Az egyik legnagyobb \u00e9s legkedveltebb arch\u00edv foly\u00f3irat-adatb\u00e1zis. 60 tudom\u00e1ny\u00e1g t\u00f6bb mint 2700 foly\u00f3irat\u00e1nak teljes sz\u00f6veg\u00e9t tartalmazza az utols\u00f3 2-5&#8230;<\/p>\n","protected":false},"author":2,"featured_media":0,"parent":0,"menu_order":0,"comment_status":"closed","ping_status":"closed","template":"","meta":{"footnotes":""},"aioseo_notices":[],"jetpack_sharing_enabled":true,"jetpack_shortlink":"https:\/\/wp.me\/Pb70B2-hN","_links":{"self":[{"href":"https:\/\/minerva.mtak.hu\/index.php?rest_route=\/wp\/v2\/pages\/1103"}],"collection":[{"href":"https:\/\/minerva.mtak.hu\/index.php?rest_route=\/wp\/v2\/pages"}],"about":[{"href":"https:\/\/minerva.mtak.hu\/index.php?rest_route=\/wp\/v2\/types\/page"}],"author":[{"embeddable":true,"href":"https:\/\/minerva.mtak.hu\/index.php?rest_route=\/wp\/v2\/users\/2"}],"replies":[{"embeddable":true,"href":"https:\/\/minerva.mtak.hu\/index.php?rest_route=%2Fwp%2Fv2%2Fcomments&post=1103"}],"version-history":[{"count":10,"href":"https:\/\/minerva.mtak.hu\/index.php?rest_route=\/wp\/v2\/pages\/1103\/revisions"}],"predecessor-version":[{"id":1635,"href":"https:\/\/minerva.mtak.hu\/index.php?rest_route=\/wp\/v2\/pages\/1103\/revisions\/1635"}],"wp:attachment":[{"href":"https:\/\/minerva.mtak.hu\/index.php?rest_route=%2Fwp%2Fv2%2Fmedia&parent=1103"}],"curies":[{"name":"wp","href":"https:\/\/api.w.org\/{rel}","templated":true}]}}